{"id":120,"date":"2019-02-22T18:11:20","date_gmt":"2019-02-22T16:11:20","guid":{"rendered":"https:\/\/geliurasa.lt\/index.php\/hestia-front\/"},"modified":"2023-12-19T14:00:26","modified_gmt":"2023-12-19T12:00:26","slug":"hestia-front","status":"publish","type":"page","link":"https:\/\/geliurasa.lt\/","title":{"rendered":"Sveiki atvyk\u0119 \u012f \u017eydin\u010di\u0173 augal\u0173 parduotuv\u0119!"},"content":{"rendered":"\n<p>\u017daviuosi \u012fvairiomis g\u0117l\u0117mis, tod\u0117l &nbsp;mano \u016bkyje &#8211; nesibaigianti spalv\u0173 j\u016bra viso sezono metu. \u010cia galite \u012fsigyti skint\u0173 g\u0117li\u0173 sezono metu, taip pat atliekam\u0173 \u017eydin\u010di\u0173 augal\u0173 svog\u016bn\u0117li\u0173, kereli\u0173 bei daugiame\u010di\u0173 augal\u0173 i\u0161 mano kolekcijos.<\/p>\n\n\n\n<p>Skintomis g\u0117l\u0117mis sezono metu prekiauju \u0160iauliuose. Apie tuo metu&nbsp;besiskleid\u017eian\u010dius \u017eiedus bei kurioje vietoje prekiaujama, skelbiu Facebook <a href=\"https:\/\/www.facebook.com\/1geliu.rasa\">G\u0117li\u0173 Rasa<\/a>&nbsp;ir \u0161ioje parduotuv\u0117je.<\/p>\n\n\n\n<p>Kvie\u010diu atvykti \u012f<strong> Gilai\u010dius, Ku\u017ei\u0173 sen., \u0160iauli\u0173 r.<\/strong>, i\u0161 anksto susitarus. Patys pab\u016bsite floristais ir susikomponuosite puok\u0161tes i\u0161 tuo metu \u017eydin\u010di\u0173&nbsp;\u017eied\u0173. &nbsp;<\/p>\n\n\n\n<p>Taip pat &nbsp;mielai kvie\u010diu floristus \u012fsigyti Lietuvoje u\u017eaugint\u0173 &nbsp;\u0161vie\u017ei\u0173, kvepian\u010di\u0173 (ne chemija) \u017eied\u0173.<\/p>\n\n\n\n<p>Tel.: <strong>+370&nbsp;615 31220<\/strong><\/p>\n\n\n\n<figure class=\"wp-block-image alignwide\"><img loading=\"lazy\" decoding=\"async\" width=\"1024\" height=\"683\" src=\"https:\/\/geliurasa.lt\/wp-content\/uploads\/2019\/02\/P1240439-1024x683.jpg\" alt=\"\" class=\"wp-image-130\" srcset=\"https:\/\/geliurasa.lt\/wp-content\/uploads\/2019\/02\/P1240439-1024x683.jpg 1024w, https:\/\/geliurasa.lt\/wp-content\/uploads\/2019\/02\/P1240439-scaled-416x277.jpg 416w, https:\/\/geliurasa.lt\/wp-content\/uploads\/2019\/02\/P1240439-300x200.jpg 300w, https:\/\/geliurasa.lt\/wp-content\/uploads\/2019\/02\/P1240439-768x512.jpg 768w, https:\/\/geliurasa.lt\/wp-content\/uploads\/2019\/02\/P1240439-360x240.jpg 360w, https:\/\/geliurasa.lt\/wp-content\/uploads\/2019\/02\/P1240439-600x400.jpg 600w\" sizes=\"auto, (max-width: 1024px) 100vw, 1024px\" \/><\/figure>\n\n\n\n<div style=\"height:32px\" aria-hidden=\"true\" class=\"wp-block-spacer\"><\/div>\n\n\n\n<div data-align-buttons=\"false\" data-block-name=\"woocommerce\/all-products\" data-columns=\"3\" data-content-visibility=\"{&quot;orderBy&quot;:true}\" data-layout-config=\"[[&quot;woocommerce\\\/product-image&quot;,{&quot;imageSizing&quot;:&quot;thumbnail&quot;}],[&quot;woocommerce\\\/product-title&quot;],[&quot;woocommerce\\\/product-price&quot;],[&quot;woocommerce\\\/product-rating&quot;],[&quot;woocommerce\\\/product-button&quot;]]\" data-orderby=\"date\" data-rows=\"3\" class=\"wp-block-woocommerce-all-products wc-block-all-products\" data-attributes=\"{&quot;alignButtons&quot;:false,&quot;columns&quot;:3,&quot;contentVisibility&quot;:{&quot;orderBy&quot;:true},&quot;isPreview&quot;:false,&quot;layoutConfig&quot;:[[&quot;woocommerce\/product-image&quot;,{&quot;imageSizing&quot;:&quot;thumbnail&quot;}],[&quot;woocommerce\/product-title&quot;],[&quot;woocommerce\/product-price&quot;],[&quot;woocommerce\/product-rating&quot;],[&quot;woocommerce\/product-button&quot;]],&quot;orderby&quot;:&quot;date&quot;,&quot;rows&quot;:3}\">\n\n\n<div data-block-name=\"woocommerce\/product-title\" class=\"wp-block-woocommerce-product-title is-loading\"><\/div>\n\n\n\n\n\n<div data-block-name=\"woocommerce\/product-rating\" class=\"is-loading\"><\/div>\n\n\n<\/div>\n","protected":false},"excerpt":{"rendered":"<p>\u017daviuosi \u012fvairiomis g\u0117l\u0117mis, tod\u0117l &nbsp;mano \u016bkyje &#8211; nesibaigianti spalv\u0173 j\u016bra viso sezono metu. \u010cia galite \u012fsigyti skint\u0173 g\u0117li\u0173 sezono metu, taip pat atliekam\u0173 \u017eydin\u010di\u0173 augal\u0173 svog\u016bn\u0117li\u0173, kereli\u0173 bei daugiame\u010di\u0173 augal\u0173 i\u0161 mano kolekcijos. Skintomis g\u0117l\u0117mis sezono metu prekiauju \u0160iauliuose. Apie tuo metu&nbsp;besiskleid\u017eian\u010dius \u017eiedus bei kurioje vietoje prekiaujama, skelbiu Facebook G\u0117li\u0173 Rasa&nbsp;ir \u0161ioje parduotuv\u0117je. Kvie\u010diu atvykti [&hellip;]<\/p>\n","protected":false},"author":1,"featured_media":0,"parent":0,"menu_order":0,"comment_status":"closed","ping_status":"closed","template":"","meta":{"footnotes":""},"class_list":["post-120","page","type-page","status-publish","hentry"],"jetpack_sharing_enabled":true,"jetpack_shortlink":"https:\/\/wp.me\/PaE6eN-1W","_links":{"self":[{"href":"https:\/\/geliurasa.lt\/index.php\/wp-json\/wp\/v2\/pages\/120","targetHints":{"allow":["GET"]}}],"collection":[{"href":"https:\/\/geliurasa.lt\/index.php\/wp-json\/wp\/v2\/pages"}],"about":[{"href":"https:\/\/geliurasa.lt\/index.php\/wp-json\/wp\/v2\/types\/page"}],"author":[{"embeddable":true,"href":"https:\/\/geliurasa.lt\/index.php\/wp-json\/wp\/v2\/users\/1"}],"replies":[{"embeddable":true,"href":"https:\/\/geliurasa.lt\/index.php\/wp-json\/wp\/v2\/comments?post=120"}],"version-history":[{"count":23,"href":"https:\/\/geliurasa.lt\/index.php\/wp-json\/wp\/v2\/pages\/120\/revisions"}],"predecessor-version":[{"id":38530,"href":"https:\/\/geliurasa.lt\/index.php\/wp-json\/wp\/v2\/pages\/120\/revisions\/38530"}],"wp:attachment":[{"href":"https:\/\/geliurasa.lt\/index.php\/wp-json\/wp\/v2\/media?parent=120"}],"curies":[{"name":"wp","href":"https:\/\/api.w.org\/{rel}","templated":true}]}}