{"id":35824,"date":"2022-03-11T11:13:00","date_gmt":"2022-03-11T09:13:00","guid":{"rendered":"https:\/\/geliurasa.lt\/?page_id=35824"},"modified":"2025-02-26T08:28:56","modified_gmt":"2025-02-26T06:28:56","slug":"pirkimo-taisykles","status":"publish","type":"page","link":"https:\/\/geliurasa.lt\/index.php\/pirkimo-taisykles\/","title":{"rendered":"Pirkimo taisykl\u0117s"},"content":{"rendered":"\n<h3 class=\"wp-block-heading\">Mok\u0117jimo s\u0105lygos<\/h3>\n\n\n\n<p>\u0160iuo metu priimame mok\u0117jimus tik bankiniu pavedimu. Reikalinga informacija pavedimui pateikiama u\u017esakymo patvirtinimo metu ir papildomai i\u0161siun\u010diama elektroniniu pa\u0161tu.<\/p>\n\n\n\n<p>Jei turite koki\u0173 nors klausim\u0173 ar speciali\u0173 pra\u0161ym\u0173 d\u0117l mok\u0117jimo, pra\u0161ome susisiekti su mumis el. pa\u0161tu arba telefonu.<\/p>\n\n\n\n<h3 class=\"wp-block-heading\">Pristatymo s\u0105lygos<\/h3>\n\n\n\n<p>Prek\u0117s yra pristatomos \u012f pa\u0161tomat\u0105, kurjeriu \u012f pasirinkt\u0105 adres\u0105 arba galima atsiimti vietoje nemokamai. Pristatymo kainos pateikiamos u\u017esakymo patvirtinimo metu.<\/p>\n\n\n\n<p>J\u016bs\u0173 patogumui u\u017esakymo patvirtinimo metu skiltyje \u201ePastabos\u201c nurodykite norimo pa\u0161tomato adres\u0105. Nenurod\u017eius adreso, parinksime ar\u010diausi\u0105 pa\u0161tomat\u0105 pagal j\u016bs\u0173 gyvenam\u0105j\u0105 viet\u0105.<\/p>\n\n\n\n<p>NEMOKAMAS preki\u0173 pristatymas (i\u0161skyrus Kur\u0161i\u0173 Nerija) galioja visiems pirkini\u0173 krep\u0161eliams vir\u0161ijusiems 50\u20ac sum\u0105. Tokiu atveju pristatymo b\u016bd\u0105 i\u0161rinksime pagal preki\u0173 tip\u0105 ir kiek\u012f bei jus informuosime.<\/p>\n\n\n\n<p>Prek\u0117s i\u0161siun\u010diamos gavus apmok\u0117jim\u0105 per <strong>2-5 darbo dienas<\/strong>.<\/p>\n\n\n\n<h3 class=\"wp-block-heading\">Gr\u0105\u017einimo s\u0105lygos<\/h3>\n\n\n\n<p>Remiantis Lietuvos Respublikos teis\u0117s aktais, garantuojame galimyb\u0119 prekes gr\u0105\u017einti per 14 dien\u0173. Gr\u0105\u017einamos prek\u0117s negali b\u016bti pa\u017eeistos tokiu b\u016bdu, kuris neleist\u0173 parduoti preki\u0173 i\u0161 naujo. Norint gr\u0105\u017einti prekes pra\u0161ome per 14 dien\u0173 laisva forma informuoti mus kontaktuose nurodytu el. pa\u0161tu ar telefono numeriu.<\/p>\n\n\n\n<p>Gr\u0105\u017einama prek\u0117 turi b\u016bti siun\u010diama kontaktuose nurodytu adresu. Po patvirtinimo, kad prek\u0117 yra tvarkinga, pinigai yra gr\u0105\u017einami klientui, \u012fskaitant ir siuntimo i\u0161laidas.<\/p>\n\n\n\n<h3 class=\"wp-block-heading\">U\u017esakymo at\u0161aukimas arba pakeitimas<\/h3>\n\n\n\n<p>Jei norite at\u0161aukti u\u017esakym\u0105, pra\u0161ome tai padaryti kuo grei\u010diau. At\u0161aukimo galimyb\u0117s priklauso nuo u\u017esakymo b\u016bsenos. Nor\u0117dami at\u0161aukti u\u017esakym\u0105, susisiekite su mumis el. pa\u0161tu arba telefonu, nurodydami u\u017esakymo numer\u012f ir kit\u0105 reikiam\u0105 informacij\u0105.<\/p>\n\n\n\n<p>At\u0161aukti u\u017esakym\u0105 galima iki jo i\u0161siuntimo. Jei u\u017esakymas jau i\u0161si\u0173stas, tur\u0117site palaukti, kol jis bus pristatytas, ir tada gr\u0105\u017einti prek\u0119 remiantis gr\u0105\u017einimo s\u0105lygomis.<\/p>\n\n\n\n<p>Jei norite pakeisti u\u017esakym\u0105, pra\u0161ome kuo grei\u010diau susisiekti su mumis.<\/p>\n\n\n\n<h3 class=\"wp-block-heading\">Kontaktai<\/h3>\n\n\n\n<div class=\"wp-block-jetpack-contact-info\">\n<div class=\"wp-block-jetpack-email\"><a href=\"mailto:geliurasa1@gmail.com\">geliurasa1@gmail.com<\/a><\/div>\n\n\n\n<div class=\"wp-block-jetpack-phone\"><a href=\"tel:+37061531220\">+370 615 31220<\/a><\/div>\n\n\n\n<div class=\"wp-block-jetpack-address\"><div class=\"jetpack-address__address jetpack-address__address1\">Draugyst\u0117s g. 5<\/div><div><span class=\"jetpack-address__city\">Gilai\u010diai<\/span>, <span class=\"jetpack-address__region\">\u0160iauli\u0173 r. sav.,<\/span> <span class=\"jetpack-address__postal\">LT-80260<\/span><\/div><\/div>\n<\/div>\n","protected":false},"excerpt":{"rendered":"<p>Mok\u0117jimo s\u0105lygos \u0160iuo metu priimame mok\u0117jimus tik bankiniu pavedimu. Reikalinga informacija pavedimui pateikiama u\u017esakymo patvirtinimo metu ir papildomai i\u0161siun\u010diama elektroniniu pa\u0161tu. Jei turite koki\u0173 nors klausim\u0173 ar speciali\u0173 pra\u0161ym\u0173 d\u0117l mok\u0117jimo, pra\u0161ome susisiekti su mumis el. pa\u0161tu arba telefonu. Pristatymo s\u0105lygos Prek\u0117s yra pristatomos \u012f pa\u0161tomat\u0105, kurjeriu \u012f pasirinkt\u0105 adres\u0105 arba galima atsiimti vietoje nemokamai. [&hellip;]<\/p>\n","protected":false},"author":1,"featured_media":0,"parent":0,"menu_order":0,"comment_status":"closed","ping_status":"closed","template":"","meta":{"footnotes":""},"class_list":["post-35824","page","type-page","status-publish","hentry"],"jetpack_sharing_enabled":true,"jetpack_shortlink":"https:\/\/wp.me\/PaE6eN-9jO","_links":{"self":[{"href":"https:\/\/geliurasa.lt\/index.php\/wp-json\/wp\/v2\/pages\/35824","targetHints":{"allow":["GET"]}}],"collection":[{"href":"https:\/\/geliurasa.lt\/index.php\/wp-json\/wp\/v2\/pages"}],"about":[{"href":"https:\/\/geliurasa.lt\/index.php\/wp-json\/wp\/v2\/types\/page"}],"author":[{"embeddable":true,"href":"https:\/\/geliurasa.lt\/index.php\/wp-json\/wp\/v2\/users\/1"}],"replies":[{"embeddable":true,"href":"https:\/\/geliurasa.lt\/index.php\/wp-json\/wp\/v2\/comments?post=35824"}],"version-history":[{"count":30,"href":"https:\/\/geliurasa.lt\/index.php\/wp-json\/wp\/v2\/pages\/35824\/revisions"}],"predecessor-version":[{"id":42271,"href":"https:\/\/geliurasa.lt\/index.php\/wp-json\/wp\/v2\/pages\/35824\/revisions\/42271"}],"wp:attachment":[{"href":"https:\/\/geliurasa.lt\/index.php\/wp-json\/wp\/v2\/media?parent=35824"}],"curies":[{"name":"wp","href":"https:\/\/api.w.org\/{rel}","templated":true}]}}