{"id":6,"date":"2019-01-25T11:09:09","date_gmt":"2019-01-25T13:09:09","guid":{"rendered":"https:\/\/geliurasa.lt\/index.php\/krepselis\/"},"modified":"2026-03-19T12:09:32","modified_gmt":"2026-03-19T10:09:32","slug":"krepselis","status":"publish","type":"page","link":"https:\/\/geliurasa.lt\/index.php\/krepselis\/","title":{"rendered":"Krep\u0161elis"},"content":{"rendered":"\n\n\n<p>Norint gauti siuntin\u012f <strong>pa\u0161tomatu<\/strong>, j\u016bs\u0173 patogumui skiltyje \u201ePastabos\u201c nurodykite norimo pa\u0161tomato adres\u0105. Nenurod\u017eius adreso, parinksime ar\u010diausi\u0105 pa\u0161tomat\u0105 pagal j\u016bs\u0173 gyvenam\u0105j\u0105 viet\u0105.<\/p>\n\n\n\n<p><strong>Prek\u0117s bus siun\u010diamos gavus apmok\u0117jim\u0105, eil\u0117s tvarka (kartais gali u\u017etrukti 2-5 darbo dienas).<\/strong><\/p>\n","protected":false},"excerpt":{"rendered":"<p>Norint gauti siuntin\u012f pa\u0161tomatu, j\u016bs\u0173 patogumui skiltyje \u201ePastabos\u201c nurodykite norimo pa\u0161tomato adres\u0105. Nenurod\u017eius adreso, parinksime ar\u010diausi\u0105 pa\u0161tomat\u0105 pagal j\u016bs\u0173 gyvenam\u0105j\u0105 viet\u0105. Prek\u0117s bus siun\u010diamos gavus apmok\u0117jim\u0105, eil\u0117s tvarka (kartais gali u\u017etrukti 2-5 darbo dienas).<\/p>\n","protected":false},"author":1,"featured_media":0,"parent":0,"menu_order":0,"comment_status":"closed","ping_status":"closed","template":"","meta":{"footnotes":""},"class_list":["post-6","page","type-page","status-publish","hentry"],"jetpack_sharing_enabled":true,"jetpack_shortlink":"https:\/\/wp.me\/PaE6eN-6","_links":{"self":[{"href":"https:\/\/geliurasa.lt\/index.php\/wp-json\/wp\/v2\/pages\/6","targetHints":{"allow":["GET"]}}],"collection":[{"href":"https:\/\/geliurasa.lt\/index.php\/wp-json\/wp\/v2\/pages"}],"about":[{"href":"https:\/\/geliurasa.lt\/index.php\/wp-json\/wp\/v2\/types\/page"}],"author":[{"embeddable":true,"href":"https:\/\/geliurasa.lt\/index.php\/wp-json\/wp\/v2\/users\/1"}],"replies":[{"embeddable":true,"href":"https:\/\/geliurasa.lt\/index.php\/wp-json\/wp\/v2\/comments?post=6"}],"version-history":[{"count":5,"href":"https:\/\/geliurasa.lt\/index.php\/wp-json\/wp\/v2\/pages\/6\/revisions"}],"predecessor-version":[{"id":44750,"href":"https:\/\/geliurasa.lt\/index.php\/wp-json\/wp\/v2\/pages\/6\/revisions\/44750"}],"wp:attachment":[{"href":"https:\/\/geliurasa.lt\/index.php\/wp-json\/wp\/v2\/media?parent=6"}],"curies":[{"name":"wp","href":"https:\/\/api.w.org\/{rel}","templated":true}]}}