{"id":102,"date":"2019-02-22T14:29:22","date_gmt":"2019-02-22T12:29:22","guid":{"rendered":"https:\/\/geliurasa.lt\/?post_type=product&#038;p=102"},"modified":"2025-08-04T17:49:27","modified_gmt":"2025-08-04T14:49:27","slug":"always-afternoon","status":"publish","type":"product","link":"https:\/\/geliurasa.lt\/index.php\/produktas\/always-afternoon\/","title":{"rendered":"Vienadien\u0117 Always Afternoon"},"content":{"rendered":"","protected":false},"excerpt":{"rendered":"<p>((Ring of Change \u00d7 Tiffany Palace) \u00d7 Opus One)<\/p>\n<p>(Morss 1987)\u00a0 \u2022\u00a0 55 cm\u00a0 \u2022\u00a0 14 cm\u00a0 \u2022\u00a0 Tet\u00a0 \u2022\u00a0 Sev\u00a0 \u2022<\/p>\n<p>Spalva- alyvi\u0161kai violetin\u0117 su tamsiai purpurin\u0117mis d\u0117m\u0117mis \u017eiedo centre.\u00a0 Spalvos sodrumas ypa\u010d i\u0161ry\u0161k\u0117ja pasodinus pav\u0117syje. \u017diedlapiai plat\u016bs, su siauru, gelsvu kra\u0161teliu ir \u0161iek tiek garbanoti. Puikai prisitaikiusi\u00a0 ir gerai auganti m\u016bs\u0173 klimato s\u0105lygomis, viendien\u0117.<\/p>\n<p>Apdovanojimai:<\/p>\n<p>1988 m. \u201eJunior Citation\u201c, Honorable Mention 1992;\u00a0 Apdovanojimas u\u017e nuopelnus 1995 m. ; Don C. Stevens apdovanojimas 1993; Stout Silver Medal 1997.<\/p>\n","protected":false},"featured_media":55,"comment_status":"open","ping_status":"closed","template":"","meta":{"jetpack_publicize_message":"","jetpack_publicize_feature_enabled":true,"jetpack_social_post_already_shared":true,"jetpack_social_options":{"image_generator_settings":{"template":"highway","default_image_id":0,"font":"","enabled":false},"version":2}},"product_brand":[],"product_cat":[34],"product_tag":[59,61],"class_list":{"0":"post-102","1":"product","2":"type-product","3":"status-publish","4":"has-post-thumbnail","6":"product_cat-vidutinio-ugio-vienadienes","7":"product_tag-hemerocallis","8":"product_tag-vienadiene","9":"product_shipping_class-kita","11":"first","12":"instock","13":"shipping-taxable","14":"purchasable","15":"product-type-simple"},"jetpack_publicize_connections":[],"jetpack_sharing_enabled":true,"_links":{"self":[{"href":"https:\/\/geliurasa.lt\/index.php\/wp-json\/wp\/v2\/product\/102","targetHints":{"allow":["GET"]}}],"collection":[{"href":"https:\/\/geliurasa.lt\/index.php\/wp-json\/wp\/v2\/product"}],"about":[{"href":"https:\/\/geliurasa.lt\/index.php\/wp-json\/wp\/v2\/types\/product"}],"replies":[{"embeddable":true,"href":"https:\/\/geliurasa.lt\/index.php\/wp-json\/wp\/v2\/comments?post=102"}],"wp:featuredmedia":[{"embeddable":true,"href":"https:\/\/geliurasa.lt\/index.php\/wp-json\/wp\/v2\/media\/55"}],"wp:attachment":[{"href":"https:\/\/geliurasa.lt\/index.php\/wp-json\/wp\/v2\/media?parent=102"}],"wp:term":[{"taxonomy":"product_brand","embeddable":true,"href":"https:\/\/geliurasa.lt\/index.php\/wp-json\/wp\/v2\/product_brand?post=102"},{"taxonomy":"product_cat","embeddable":true,"href":"https:\/\/geliurasa.lt\/index.php\/wp-json\/wp\/v2\/product_cat?post=102"},{"taxonomy":"product_tag","embeddable":true,"href":"https:\/\/geliurasa.lt\/index.php\/wp-json\/wp\/v2\/product_tag?post=102"}],"curies":[{"name":"wp","href":"https:\/\/api.w.org\/{rel}","templated":true}]}}