{"id":113,"date":"2019-02-22T16:59:00","date_gmt":"2019-02-22T14:59:00","guid":{"rendered":"https:\/\/geliurasa.lt\/?post_type=product&#038;p=113"},"modified":"2026-04-14T09:37:50","modified_gmt":"2026-04-14T06:37:50","slug":"american-revoliution","status":"publish","type":"product","link":"https:\/\/geliurasa.lt\/index.php\/produktas\/american-revoliution\/","title":{"rendered":"Vienadien\u0117  American Revoliution"},"content":{"rendered":"<p>&nbsp;<\/p>\n<p>&nbsp;<\/p>\n","protected":false},"excerpt":{"rendered":"<p>(Wild 1972)\u00a0 \u2022\u00a0 70 cm\u00a0 \u2022\u00a0 13 cm\u00a0 \u2022\u00a0 Dip\u00a0 \u2022\u00a0 Dor\u00a0 \u2022<\/p>\n<p>Spalva &#8211; juodai aksomin\u0117 su bordiniu atspalviu,\u00a0 \u017eied\u0173 forma &#8211; \u017evaig\u017edi\u0161ka siaurais lapeliais.<\/p>\n<p>\u017diedstiebiai auk\u0161tai i\u0161kyla vir\u0161 lap\u0173, tod\u0117l kr\u016bmas gra\u017eiai \u017ei\u016brisi. Kadangi kr\u016bmas neaugus, tinka ir ma\u017eesniems g\u0117lynams. Ligoms atspari, \u00a0gausiai \u017eydinti viendien\u0117. Puiki laiko patikrinta veisl\u0117.<\/p>\n","protected":false},"featured_media":114,"comment_status":"open","ping_status":"closed","template":"","meta":{"jetpack_publicize_message":"","jetpack_publicize_feature_enabled":true,"jetpack_social_post_already_shared":true,"jetpack_social_options":{"image_generator_settings":{"template":"highway","default_image_id":0,"font":"","enabled":false},"version":2}},"product_brand":[],"product_cat":[34],"product_tag":[],"class_list":{"0":"post-113","1":"product","2":"type-product","3":"status-publish","4":"has-post-thumbnail","6":"product_cat-vidutinio-ugio-vienadienes","7":"product_shipping_class-kita","9":"first","10":"instock","11":"shipping-taxable","12":"purchasable","13":"product-type-simple"},"jetpack_publicize_connections":[],"jetpack_sharing_enabled":true,"_links":{"self":[{"href":"https:\/\/geliurasa.lt\/index.php\/wp-json\/wp\/v2\/product\/113","targetHints":{"allow":["GET"]}}],"collection":[{"href":"https:\/\/geliurasa.lt\/index.php\/wp-json\/wp\/v2\/product"}],"about":[{"href":"https:\/\/geliurasa.lt\/index.php\/wp-json\/wp\/v2\/types\/product"}],"replies":[{"embeddable":true,"href":"https:\/\/geliurasa.lt\/index.php\/wp-json\/wp\/v2\/comments?post=113"}],"wp:featuredmedia":[{"embeddable":true,"href":"https:\/\/geliurasa.lt\/index.php\/wp-json\/wp\/v2\/media\/114"}],"wp:attachment":[{"href":"https:\/\/geliurasa.lt\/index.php\/wp-json\/wp\/v2\/media?parent=113"}],"wp:term":[{"taxonomy":"product_brand","embeddable":true,"href":"https:\/\/geliurasa.lt\/index.php\/wp-json\/wp\/v2\/product_brand?post=113"},{"taxonomy":"product_cat","embeddable":true,"href":"https:\/\/geliurasa.lt\/index.php\/wp-json\/wp\/v2\/product_cat?post=113"},{"taxonomy":"product_tag","embeddable":true,"href":"https:\/\/geliurasa.lt\/index.php\/wp-json\/wp\/v2\/product_tag?post=113"}],"curies":[{"name":"wp","href":"https:\/\/api.w.org\/{rel}","templated":true}]}}