{"id":161,"date":"2019-03-09T19:01:21","date_gmt":"2019-03-09T17:01:21","guid":{"rendered":"https:\/\/geliurasa.lt\/?post_type=product&#038;p=161"},"modified":"2026-04-11T11:47:25","modified_gmt":"2026-04-11T08:47:25","slug":"arianna","status":"publish","type":"product","link":"https:\/\/geliurasa.lt\/index.php\/produktas\/arianna\/","title":{"rendered":"Vienadien\u0117 Arianna"},"content":{"rendered":"","protected":false},"excerpt":{"rendered":"<p>(Pamina \u00d7 Neal Berrey)<\/p>\n<p>(Simpson-D. 1995) \u2022\u00a0 50 -61 cm \u2022\u00a0\u00a0\u00a0 13 cm\u00a0 \u2022\u00a0 Dip\u00a0 \u2022\u00a0 Sev\u00a0 \u2022<\/p>\n<p>Spalva- \u0161velniai gelsva ,pereinanti i\u0161 kremin\u0117s \u012f balt\u0105. Priklausomai nuo oro s\u0105lyg\u0173, \u017eiedai\u00a0 b\u016bna visi\u0161kai balti . \u017diedo forma- apvali, tvirta, gra\u017eiai garbanota. Puikiai auganti ir gausiai \u017eydinti viendien\u0117.<\/p>\n","protected":false},"featured_media":166,"comment_status":"open","ping_status":"closed","template":"","meta":{"jetpack_publicize_message":"","jetpack_publicize_feature_enabled":true,"jetpack_social_post_already_shared":true,"jetpack_social_options":{"image_generator_settings":{"template":"highway","default_image_id":0,"font":"","enabled":false},"version":2}},"product_brand":[],"product_cat":[23,33],"product_tag":[59,61],"class_list":{"0":"post-161","1":"product","2":"type-product","3":"status-publish","4":"has-post-thumbnail","6":"product_cat-vienadienes-hemerocallis","7":"product_cat-zemauges-vienadienes","8":"product_tag-hemerocallis","9":"product_tag-vienadiene","10":"product_shipping_class-kita","12":"first","13":"instock","14":"shipping-taxable","15":"purchasable","16":"product-type-simple"},"jetpack_publicize_connections":[],"jetpack_sharing_enabled":true,"_links":{"self":[{"href":"https:\/\/geliurasa.lt\/index.php\/wp-json\/wp\/v2\/product\/161","targetHints":{"allow":["GET"]}}],"collection":[{"href":"https:\/\/geliurasa.lt\/index.php\/wp-json\/wp\/v2\/product"}],"about":[{"href":"https:\/\/geliurasa.lt\/index.php\/wp-json\/wp\/v2\/types\/product"}],"replies":[{"embeddable":true,"href":"https:\/\/geliurasa.lt\/index.php\/wp-json\/wp\/v2\/comments?post=161"}],"wp:featuredmedia":[{"embeddable":true,"href":"https:\/\/geliurasa.lt\/index.php\/wp-json\/wp\/v2\/media\/166"}],"wp:attachment":[{"href":"https:\/\/geliurasa.lt\/index.php\/wp-json\/wp\/v2\/media?parent=161"}],"wp:term":[{"taxonomy":"product_brand","embeddable":true,"href":"https:\/\/geliurasa.lt\/index.php\/wp-json\/wp\/v2\/product_brand?post=161"},{"taxonomy":"product_cat","embeddable":true,"href":"https:\/\/geliurasa.lt\/index.php\/wp-json\/wp\/v2\/product_cat?post=161"},{"taxonomy":"product_tag","embeddable":true,"href":"https:\/\/geliurasa.lt\/index.php\/wp-json\/wp\/v2\/product_tag?post=161"}],"curies":[{"name":"wp","href":"https:\/\/api.w.org\/{rel}","templated":true}]}}