{"id":171,"date":"2019-03-09T19:50:10","date_gmt":"2019-03-09T17:50:10","guid":{"rendered":"https:\/\/geliurasa.lt\/?post_type=product&#038;p=171"},"modified":"2025-08-18T19:28:36","modified_gmt":"2025-08-18T16:28:36","slug":"asian-artistry","status":"publish","type":"product","link":"https:\/\/geliurasa.lt\/index.php\/produktas\/asian-artistry\/","title":{"rendered":"Vienadien\u0117 Asian Artistry"},"content":{"rendered":"","protected":false},"excerpt":{"rendered":"<p>Spalva \u2013 avieti\u0161kai purpurin\u0117 su geltonomis \u017eiotimis \u017eiedo centre.<\/p>\n<p>\u017diedai stamboki ir \u0161iek tiek garbanoti. Savita viendien\u0117- su \u0161vie\u010dian\u010diu &#8222;vanden\u017eenkliu&#8221; .<\/p>\n","protected":false},"featured_media":174,"comment_status":"open","ping_status":"closed","template":"","meta":{"jetpack_publicize_message":"","jetpack_publicize_feature_enabled":true,"jetpack_social_post_already_shared":true,"jetpack_social_options":{"image_generator_settings":{"template":"highway","default_image_id":0,"font":"","enabled":false},"version":2}},"product_brand":[],"product_cat":[34,23],"product_tag":[59,61],"class_list":{"0":"post-171","1":"product","2":"type-product","3":"status-publish","4":"has-post-thumbnail","6":"product_cat-vidutinio-ugio-vienadienes","7":"product_cat-vienadienes-hemerocallis","8":"product_tag-hemerocallis","9":"product_tag-vienadiene","10":"product_shipping_class-kita","12":"first","13":"instock","14":"shipping-taxable","15":"purchasable","16":"product-type-simple"},"jetpack_publicize_connections":[],"jetpack_sharing_enabled":true,"_links":{"self":[{"href":"https:\/\/geliurasa.lt\/index.php\/wp-json\/wp\/v2\/product\/171","targetHints":{"allow":["GET"]}}],"collection":[{"href":"https:\/\/geliurasa.lt\/index.php\/wp-json\/wp\/v2\/product"}],"about":[{"href":"https:\/\/geliurasa.lt\/index.php\/wp-json\/wp\/v2\/types\/product"}],"replies":[{"embeddable":true,"href":"https:\/\/geliurasa.lt\/index.php\/wp-json\/wp\/v2\/comments?post=171"}],"wp:featuredmedia":[{"embeddable":true,"href":"https:\/\/geliurasa.lt\/index.php\/wp-json\/wp\/v2\/media\/174"}],"wp:attachment":[{"href":"https:\/\/geliurasa.lt\/index.php\/wp-json\/wp\/v2\/media?parent=171"}],"wp:term":[{"taxonomy":"product_brand","embeddable":true,"href":"https:\/\/geliurasa.lt\/index.php\/wp-json\/wp\/v2\/product_brand?post=171"},{"taxonomy":"product_cat","embeddable":true,"href":"https:\/\/geliurasa.lt\/index.php\/wp-json\/wp\/v2\/product_cat?post=171"},{"taxonomy":"product_tag","embeddable":true,"href":"https:\/\/geliurasa.lt\/index.php\/wp-json\/wp\/v2\/product_tag?post=171"}],"curies":[{"name":"wp","href":"https:\/\/api.w.org\/{rel}","templated":true}]}}