{"id":192,"date":"2019-03-09T22:55:37","date_gmt":"2019-03-09T20:55:37","guid":{"rendered":"https:\/\/geliurasa.lt\/?post_type=product&#038;p=192"},"modified":"2026-04-14T09:38:13","modified_gmt":"2026-04-14T06:38:13","slug":"burning-daylight","status":"publish","type":"product","link":"https:\/\/geliurasa.lt\/index.php\/produktas\/burning-daylight\/","title":{"rendered":"Vienadien\u0117 Burning Daylight"},"content":{"rendered":"","protected":false},"excerpt":{"rendered":"<p>(Smiling Thru \u00d7 sdlg)<\/p>\n<p>(Fischer-H.A., 1957)\u00a0 \u2022\u00a0 71 cm\u00a0 \u2022\u00a0 11 cm\u00a0 \u2022\u00a0 Dip \u2022\u00a0 Dor\u00a0 \u2022<\/p>\n<p>Spalva \u2013 sodri, apelsinin\u0117. \u017diedlapiai siauri, \u017evaig\u017ediniai. Ry\u0161ki, klasikin\u0117 vienadien\u0117.<\/p>\n<p>Ilgaam\u017eis ir nereiklus augimo s\u0105lygoms bei prie\u017ei\u016brai augalas.<\/p>\n","protected":false},"featured_media":194,"comment_status":"open","ping_status":"closed","template":"","meta":{"jetpack_publicize_message":"","jetpack_publicize_feature_enabled":true,"jetpack_social_post_already_shared":true,"jetpack_social_options":{"image_generator_settings":{"template":"highway","default_image_id":0,"font":"","enabled":false},"version":2}},"product_brand":[],"product_cat":[34,23],"product_tag":[],"class_list":{"0":"post-192","1":"product","2":"type-product","3":"status-publish","4":"has-post-thumbnail","6":"product_cat-vidutinio-ugio-vienadienes","7":"product_cat-vienadienes-hemerocallis","8":"product_shipping_class-kita","10":"first","11":"instock","12":"shipping-taxable","13":"purchasable","14":"product-type-simple"},"jetpack_publicize_connections":[],"jetpack_sharing_enabled":true,"_links":{"self":[{"href":"https:\/\/geliurasa.lt\/index.php\/wp-json\/wp\/v2\/product\/192","targetHints":{"allow":["GET"]}}],"collection":[{"href":"https:\/\/geliurasa.lt\/index.php\/wp-json\/wp\/v2\/product"}],"about":[{"href":"https:\/\/geliurasa.lt\/index.php\/wp-json\/wp\/v2\/types\/product"}],"replies":[{"embeddable":true,"href":"https:\/\/geliurasa.lt\/index.php\/wp-json\/wp\/v2\/comments?post=192"}],"wp:featuredmedia":[{"embeddable":true,"href":"https:\/\/geliurasa.lt\/index.php\/wp-json\/wp\/v2\/media\/194"}],"wp:attachment":[{"href":"https:\/\/geliurasa.lt\/index.php\/wp-json\/wp\/v2\/media?parent=192"}],"wp:term":[{"taxonomy":"product_brand","embeddable":true,"href":"https:\/\/geliurasa.lt\/index.php\/wp-json\/wp\/v2\/product_brand?post=192"},{"taxonomy":"product_cat","embeddable":true,"href":"https:\/\/geliurasa.lt\/index.php\/wp-json\/wp\/v2\/product_cat?post=192"},{"taxonomy":"product_tag","embeddable":true,"href":"https:\/\/geliurasa.lt\/index.php\/wp-json\/wp\/v2\/product_tag?post=192"}],"curies":[{"name":"wp","href":"https:\/\/api.w.org\/{rel}","templated":true}]}}