{"id":200,"date":"2019-03-14T15:18:15","date_gmt":"2019-03-14T13:18:15","guid":{"rendered":"https:\/\/geliurasa.lt\/?post_type=product&#038;p=200"},"modified":"2026-04-12T21:43:50","modified_gmt":"2026-04-12T18:43:50","slug":"buzz-bomb","status":"publish","type":"product","link":"https:\/\/geliurasa.lt\/index.php\/produktas\/buzz-bomb\/","title":{"rendered":"Vienadien\u0117 Buzz Bomb"},"content":{"rendered":"","protected":false},"excerpt":{"rendered":"<p>(Hall-D.F., 1961)\u00a0 \u2022\u00a0 61 cm\u00a0 \u2022\u00a0 12 cm\u00a0 \u2022\u00a0 Dip \u2022\u00a0 Dor\u00a0 \u2022<\/p>\n<p>Spalva \u2013\u00a0 sodriai raudona. \u017diedas su geltomis \u017eiotimis. Ne auk\u0161ta, klasikin\u0117, puikiai auganti vienadien\u0117.<\/p>\n","protected":false},"featured_media":201,"comment_status":"open","ping_status":"closed","template":"","meta":{"jetpack_publicize_message":"","jetpack_publicize_feature_enabled":true,"jetpack_social_post_already_shared":true,"jetpack_social_options":{"image_generator_settings":{"template":"highway","default_image_id":0,"font":"","enabled":false},"version":2}},"product_brand":[],"product_cat":[34,23],"product_tag":[],"class_list":{"0":"post-200","1":"product","2":"type-product","3":"status-publish","4":"has-post-thumbnail","6":"product_cat-vidutinio-ugio-vienadienes","7":"product_cat-vienadienes-hemerocallis","8":"product_shipping_class-kita","10":"first","11":"instock","12":"shipping-taxable","13":"purchasable","14":"product-type-simple"},"jetpack_publicize_connections":[],"jetpack_sharing_enabled":true,"_links":{"self":[{"href":"https:\/\/geliurasa.lt\/index.php\/wp-json\/wp\/v2\/product\/200","targetHints":{"allow":["GET"]}}],"collection":[{"href":"https:\/\/geliurasa.lt\/index.php\/wp-json\/wp\/v2\/product"}],"about":[{"href":"https:\/\/geliurasa.lt\/index.php\/wp-json\/wp\/v2\/types\/product"}],"replies":[{"embeddable":true,"href":"https:\/\/geliurasa.lt\/index.php\/wp-json\/wp\/v2\/comments?post=200"}],"wp:featuredmedia":[{"embeddable":true,"href":"https:\/\/geliurasa.lt\/index.php\/wp-json\/wp\/v2\/media\/201"}],"wp:attachment":[{"href":"https:\/\/geliurasa.lt\/index.php\/wp-json\/wp\/v2\/media?parent=200"}],"wp:term":[{"taxonomy":"product_brand","embeddable":true,"href":"https:\/\/geliurasa.lt\/index.php\/wp-json\/wp\/v2\/product_brand?post=200"},{"taxonomy":"product_cat","embeddable":true,"href":"https:\/\/geliurasa.lt\/index.php\/wp-json\/wp\/v2\/product_cat?post=200"},{"taxonomy":"product_tag","embeddable":true,"href":"https:\/\/geliurasa.lt\/index.php\/wp-json\/wp\/v2\/product_tag?post=200"}],"curies":[{"name":"wp","href":"https:\/\/api.w.org\/{rel}","templated":true}]}}