{"id":222,"date":"2019-03-16T21:09:00","date_gmt":"2019-03-16T19:09:00","guid":{"rendered":"https:\/\/geliurasa.lt\/?post_type=product&#038;p=222"},"modified":"2025-07-29T08:37:57","modified_gmt":"2025-07-29T05:37:57","slug":"cherry-lace","status":"publish","type":"product","link":"https:\/\/geliurasa.lt\/index.php\/produktas\/cherry-lace\/","title":{"rendered":"Vienadien\u0117 Cherry Lace"},"content":{"rendered":"","protected":false},"excerpt":{"rendered":"<p>(Wild, 1972)\u00a0 \u2022\u00a0 91\u00a0 cm\u00a0 \u2022\u00a0 17 cm\u00a0 \u2022\u00a0 Dip\u00a0 \u2022\u00a0 Dor\u00a0 \u2022<\/p>\n<p>Spalva &#8211;\u00a0 sodriai avietin\u0117. Aksomini\u0173 \u017eiedlapi\u0173 viduriu eina ry\u0161ki balta linija, kuri padaro \u0161i\u0105 g\u0117l\u0119 \u012fsp\u016bdinga. Gausiai \u017eydinti, gerai \u017eiemojanti vienadien\u0117.<\/p>\n","protected":false},"featured_media":223,"comment_status":"open","ping_status":"closed","template":"","meta":{"jetpack_publicize_message":"","jetpack_publicize_feature_enabled":true,"jetpack_social_post_already_shared":true,"jetpack_social_options":{"image_generator_settings":{"template":"highway","default_image_id":0,"font":"","enabled":false},"version":2}},"product_brand":[],"product_cat":[35,23],"product_tag":[],"class_list":{"0":"post-222","1":"product","2":"type-product","3":"status-publish","4":"has-post-thumbnail","6":"product_cat-vienadienes-aukstos","7":"product_cat-vienadienes-hemerocallis","8":"product_shipping_class-kita","10":"first","11":"instock","12":"sale","13":"shipping-taxable","14":"purchasable","15":"product-type-simple"},"jetpack_publicize_connections":[],"jetpack_sharing_enabled":true,"_links":{"self":[{"href":"https:\/\/geliurasa.lt\/index.php\/wp-json\/wp\/v2\/product\/222","targetHints":{"allow":["GET"]}}],"collection":[{"href":"https:\/\/geliurasa.lt\/index.php\/wp-json\/wp\/v2\/product"}],"about":[{"href":"https:\/\/geliurasa.lt\/index.php\/wp-json\/wp\/v2\/types\/product"}],"replies":[{"embeddable":true,"href":"https:\/\/geliurasa.lt\/index.php\/wp-json\/wp\/v2\/comments?post=222"}],"wp:featuredmedia":[{"embeddable":true,"href":"https:\/\/geliurasa.lt\/index.php\/wp-json\/wp\/v2\/media\/223"}],"wp:attachment":[{"href":"https:\/\/geliurasa.lt\/index.php\/wp-json\/wp\/v2\/media?parent=222"}],"wp:term":[{"taxonomy":"product_brand","embeddable":true,"href":"https:\/\/geliurasa.lt\/index.php\/wp-json\/wp\/v2\/product_brand?post=222"},{"taxonomy":"product_cat","embeddable":true,"href":"https:\/\/geliurasa.lt\/index.php\/wp-json\/wp\/v2\/product_cat?post=222"},{"taxonomy":"product_tag","embeddable":true,"href":"https:\/\/geliurasa.lt\/index.php\/wp-json\/wp\/v2\/product_tag?post=222"}],"curies":[{"name":"wp","href":"https:\/\/api.w.org\/{rel}","templated":true}]}}