{"id":240,"date":"2019-03-16T21:57:39","date_gmt":"2019-03-16T19:57:39","guid":{"rendered":"https:\/\/geliurasa.lt\/?post_type=product&#038;p=240"},"modified":"2026-04-12T09:22:10","modified_gmt":"2026-04-12T06:22:10","slug":"crimson-pirate","status":"publish","type":"product","link":"https:\/\/geliurasa.lt\/index.php\/produktas\/crimson-pirate\/","title":{"rendered":"Vienadien\u0117 Crimson Pirate"},"content":{"rendered":"","protected":false},"excerpt":{"rendered":"<p>(Honey Redhead x Queen Esther)<\/p>\n<p>(H. E. Sass 1951)\u00a0 \u2022\u00a0 76 cm\u00a0 \u2022\u00a0 12 cm\u00a0 \u2022\u00a0 Dip\u00a0 \u2022\u00a0 Dor\u00a0 \u2022\u00a0 Spider\u00a0 \u2022<\/p>\n<p>Spalva \u2013 r\u016bd\u017ei\u0173 raudonumo, tamsi. Ypatingai gausiai\u00a0 \u017eydinti vorin\u0117 vienadien\u0117. Sena, bet puiki laiko patikrinta veisl\u0117.<\/p>\n<p>Ilgaam\u017eis ir nereiklus augimo s\u0105lygoms bei prie\u017ei\u016brai augalas.<\/p>\n","protected":false},"featured_media":241,"comment_status":"open","ping_status":"closed","template":"","meta":{"jetpack_publicize_message":"","jetpack_publicize_feature_enabled":true,"jetpack_social_post_already_shared":true,"jetpack_social_options":{"image_generator_settings":{"template":"highway","default_image_id":0,"font":"","enabled":false},"version":2}},"product_brand":[],"product_cat":[23,32],"product_tag":[],"class_list":{"0":"post-240","1":"product","2":"type-product","3":"status-publish","4":"has-post-thumbnail","6":"product_cat-vienadienes-hemerocallis","7":"product_cat-vorines-vienadienes-spider","8":"product_shipping_class-kita","10":"first","11":"instock","12":"shipping-taxable","13":"purchasable","14":"product-type-simple"},"jetpack_publicize_connections":[],"jetpack_sharing_enabled":true,"_links":{"self":[{"href":"https:\/\/geliurasa.lt\/index.php\/wp-json\/wp\/v2\/product\/240","targetHints":{"allow":["GET"]}}],"collection":[{"href":"https:\/\/geliurasa.lt\/index.php\/wp-json\/wp\/v2\/product"}],"about":[{"href":"https:\/\/geliurasa.lt\/index.php\/wp-json\/wp\/v2\/types\/product"}],"replies":[{"embeddable":true,"href":"https:\/\/geliurasa.lt\/index.php\/wp-json\/wp\/v2\/comments?post=240"}],"wp:featuredmedia":[{"embeddable":true,"href":"https:\/\/geliurasa.lt\/index.php\/wp-json\/wp\/v2\/media\/241"}],"wp:attachment":[{"href":"https:\/\/geliurasa.lt\/index.php\/wp-json\/wp\/v2\/media?parent=240"}],"wp:term":[{"taxonomy":"product_brand","embeddable":true,"href":"https:\/\/geliurasa.lt\/index.php\/wp-json\/wp\/v2\/product_brand?post=240"},{"taxonomy":"product_cat","embeddable":true,"href":"https:\/\/geliurasa.lt\/index.php\/wp-json\/wp\/v2\/product_cat?post=240"},{"taxonomy":"product_tag","embeddable":true,"href":"https:\/\/geliurasa.lt\/index.php\/wp-json\/wp\/v2\/product_tag?post=240"}],"curies":[{"name":"wp","href":"https:\/\/api.w.org\/{rel}","templated":true}]}}