{"id":246,"date":"2019-03-16T22:14:02","date_gmt":"2019-03-16T20:14:02","guid":{"rendered":"https:\/\/geliurasa.lt\/?post_type=product&#038;p=246"},"modified":"2025-08-12T18:01:46","modified_gmt":"2025-08-12T15:01:46","slug":"dacquiri","status":"publish","type":"product","link":"https:\/\/geliurasa.lt\/index.php\/produktas\/dacquiri\/","title":{"rendered":"Vienadien\u0117 Dacquiri"},"content":{"rendered":"","protected":false},"excerpt":{"rendered":"<p>(Hall-D.F., 1963)\u00a0 \u2022\u00a0 81 cm\u00a0 \u2022\u00a0 18 cm\u00a0 \u2022\u00a0\u00a0 Dor\u00a0 \u2022<\/p>\n<p>Spalva \u2013 \u012fdomi, persiliejan\u010di\u0173 spalv\u0173 &#8211; \u017ealsvai kremin\u0117 su abrikoso atspalviu. \u017diedai \u017evaig\u017edi\u0161kai voriniai. Visada gausiai \u017eydinti, paprasta, bet labai gra\u017ei vienadien\u0117.<\/p>\n<p>Ilgaam\u017eis ir nereiklus augimo s\u0105lygoms bei prie\u017ei\u016brai augalas.<\/p>\n","protected":false},"featured_media":247,"comment_status":"open","ping_status":"closed","template":"","meta":{"jetpack_publicize_message":"","jetpack_publicize_feature_enabled":true,"jetpack_social_post_already_shared":true,"jetpack_social_options":{"image_generator_settings":{"template":"highway","default_image_id":0,"font":"","enabled":false},"version":2}},"product_brand":[],"product_cat":[23,32],"product_tag":[],"class_list":{"0":"post-246","1":"product","2":"type-product","3":"status-publish","4":"has-post-thumbnail","6":"product_cat-vienadienes-hemerocallis","7":"product_cat-vorines-vienadienes-spider","8":"product_shipping_class-kita","10":"first","11":"instock","12":"shipping-taxable","13":"purchasable","14":"product-type-simple"},"jetpack_publicize_connections":[],"jetpack_sharing_enabled":true,"_links":{"self":[{"href":"https:\/\/geliurasa.lt\/index.php\/wp-json\/wp\/v2\/product\/246","targetHints":{"allow":["GET"]}}],"collection":[{"href":"https:\/\/geliurasa.lt\/index.php\/wp-json\/wp\/v2\/product"}],"about":[{"href":"https:\/\/geliurasa.lt\/index.php\/wp-json\/wp\/v2\/types\/product"}],"replies":[{"embeddable":true,"href":"https:\/\/geliurasa.lt\/index.php\/wp-json\/wp\/v2\/comments?post=246"}],"wp:featuredmedia":[{"embeddable":true,"href":"https:\/\/geliurasa.lt\/index.php\/wp-json\/wp\/v2\/media\/247"}],"wp:attachment":[{"href":"https:\/\/geliurasa.lt\/index.php\/wp-json\/wp\/v2\/media?parent=246"}],"wp:term":[{"taxonomy":"product_brand","embeddable":true,"href":"https:\/\/geliurasa.lt\/index.php\/wp-json\/wp\/v2\/product_brand?post=246"},{"taxonomy":"product_cat","embeddable":true,"href":"https:\/\/geliurasa.lt\/index.php\/wp-json\/wp\/v2\/product_cat?post=246"},{"taxonomy":"product_tag","embeddable":true,"href":"https:\/\/geliurasa.lt\/index.php\/wp-json\/wp\/v2\/product_tag?post=246"}],"curies":[{"name":"wp","href":"https:\/\/api.w.org\/{rel}","templated":true}]}}