{"id":253,"date":"2019-03-16T22:29:33","date_gmt":"2019-03-16T20:29:33","guid":{"rendered":"https:\/\/geliurasa.lt\/?post_type=product&#038;p=253"},"modified":"2026-04-11T11:47:25","modified_gmt":"2026-04-11T08:47:25","slug":"dear-mom","status":"publish","type":"product","link":"https:\/\/geliurasa.lt\/index.php\/produktas\/dear-mom\/","title":{"rendered":"Vienadien\u0117 Dear Mom"},"content":{"rendered":"","protected":false},"excerpt":{"rendered":"<p>((Betty Terry \u00d7 Jon Eric Frink) \u00d7 Clarence Simon)<\/p>\n<p>(Terry, 1975) \u2022\u00a0 66 cm\u00a0 \u2022\u00a0 18 cm\u00a0 \u2022\u00a0 Dip\u00a0 \u2022\u00a0 Dor\u00a0 \u2022<\/p>\n<p>Spalva \u2013 \u0161velniai kremin\u0117 su\u00a0 gelsvu atspalviu. Savita \u017eiedo forma. Dideliais \u017eiedais, gausiai\u00a0 \u017eydinti, subtilaus kvapo, klasikin\u0117\u00a0 vienadien\u0117 .<\/p>\n<p>Ilgaam\u017eis ir nereiklus augimo s\u0105lygoms bei prie\u017ei\u016brai augalas.<\/p>\n","protected":false},"featured_media":254,"comment_status":"open","ping_status":"closed","template":"","meta":{"jetpack_publicize_message":"","jetpack_publicize_feature_enabled":true,"jetpack_social_post_already_shared":true,"jetpack_social_options":{"image_generator_settings":{"template":"highway","default_image_id":0,"font":"","enabled":false},"version":2}},"product_brand":[],"product_cat":[34,23],"product_tag":[],"class_list":{"0":"post-253","1":"product","2":"type-product","3":"status-publish","4":"has-post-thumbnail","6":"product_cat-vidutinio-ugio-vienadienes","7":"product_cat-vienadienes-hemerocallis","8":"product_shipping_class-kita","10":"first","11":"instock","12":"shipping-taxable","13":"purchasable","14":"product-type-simple"},"jetpack_publicize_connections":[],"jetpack_sharing_enabled":true,"_links":{"self":[{"href":"https:\/\/geliurasa.lt\/index.php\/wp-json\/wp\/v2\/product\/253","targetHints":{"allow":["GET"]}}],"collection":[{"href":"https:\/\/geliurasa.lt\/index.php\/wp-json\/wp\/v2\/product"}],"about":[{"href":"https:\/\/geliurasa.lt\/index.php\/wp-json\/wp\/v2\/types\/product"}],"replies":[{"embeddable":true,"href":"https:\/\/geliurasa.lt\/index.php\/wp-json\/wp\/v2\/comments?post=253"}],"wp:featuredmedia":[{"embeddable":true,"href":"https:\/\/geliurasa.lt\/index.php\/wp-json\/wp\/v2\/media\/254"}],"wp:attachment":[{"href":"https:\/\/geliurasa.lt\/index.php\/wp-json\/wp\/v2\/media?parent=253"}],"wp:term":[{"taxonomy":"product_brand","embeddable":true,"href":"https:\/\/geliurasa.lt\/index.php\/wp-json\/wp\/v2\/product_brand?post=253"},{"taxonomy":"product_cat","embeddable":true,"href":"https:\/\/geliurasa.lt\/index.php\/wp-json\/wp\/v2\/product_cat?post=253"},{"taxonomy":"product_tag","embeddable":true,"href":"https:\/\/geliurasa.lt\/index.php\/wp-json\/wp\/v2\/product_tag?post=253"}],"curies":[{"name":"wp","href":"https:\/\/api.w.org\/{rel}","templated":true}]}}