{"id":278,"date":"2019-03-17T13:03:53","date_gmt":"2019-03-17T11:03:53","guid":{"rendered":"https:\/\/geliurasa.lt\/?post_type=product&#038;p=278"},"modified":"2025-10-15T08:57:01","modified_gmt":"2025-10-15T05:57:01","slug":"dziedosa-sirds","status":"publish","type":"product","link":"https:\/\/geliurasa.lt\/index.php\/produktas\/dziedosa-sirds\/","title":{"rendered":"Vienadien\u0117 Dziedo\u0161a Sirds"},"content":{"rendered":"","protected":false},"excerpt":{"rendered":"<ul>\n<li>100 cm\u00a0 \u2022\u00a0 15-18 cm\u00a0 \u2022<\/li>\n<\/ul>\n<p>Spalva \u2013 raudonai vy\u0161nin\u0117 su purpuriniu atspalviu, o \u017eiedo \u017eiotys gelsvai salotin\u0117s. Auk\u0161ta, gausiai \u017eydinti ry\u0161ki stambiais \u017eiedais vienadien\u0117. Nuostabi, \u00a0puikaus aromato latvi\u0161ka veisl\u0117.<\/p>\n<p>Ilgaam\u017eis ir nereiklus augimo s\u0105lygoms bei prie\u017ei\u016brai augalas.<\/p>\n","protected":false},"featured_media":279,"comment_status":"open","ping_status":"closed","template":"","meta":{"jetpack_publicize_message":"","jetpack_publicize_feature_enabled":true,"jetpack_social_post_already_shared":true,"jetpack_social_options":{"image_generator_settings":{"template":"highway","default_image_id":0,"font":"","enabled":false},"version":2}},"product_brand":[],"product_cat":[35,23],"product_tag":[],"class_list":{"0":"post-278","1":"product","2":"type-product","3":"status-publish","4":"has-post-thumbnail","6":"product_cat-vienadienes-aukstos","7":"product_cat-vienadienes-hemerocallis","8":"product_shipping_class-kita","10":"first","11":"instock","12":"shipping-taxable","13":"purchasable","14":"product-type-simple"},"jetpack_publicize_connections":[],"jetpack_sharing_enabled":true,"_links":{"self":[{"href":"https:\/\/geliurasa.lt\/index.php\/wp-json\/wp\/v2\/product\/278","targetHints":{"allow":["GET"]}}],"collection":[{"href":"https:\/\/geliurasa.lt\/index.php\/wp-json\/wp\/v2\/product"}],"about":[{"href":"https:\/\/geliurasa.lt\/index.php\/wp-json\/wp\/v2\/types\/product"}],"replies":[{"embeddable":true,"href":"https:\/\/geliurasa.lt\/index.php\/wp-json\/wp\/v2\/comments?post=278"}],"wp:featuredmedia":[{"embeddable":true,"href":"https:\/\/geliurasa.lt\/index.php\/wp-json\/wp\/v2\/media\/279"}],"wp:attachment":[{"href":"https:\/\/geliurasa.lt\/index.php\/wp-json\/wp\/v2\/media?parent=278"}],"wp:term":[{"taxonomy":"product_brand","embeddable":true,"href":"https:\/\/geliurasa.lt\/index.php\/wp-json\/wp\/v2\/product_brand?post=278"},{"taxonomy":"product_cat","embeddable":true,"href":"https:\/\/geliurasa.lt\/index.php\/wp-json\/wp\/v2\/product_cat?post=278"},{"taxonomy":"product_tag","embeddable":true,"href":"https:\/\/geliurasa.lt\/index.php\/wp-json\/wp\/v2\/product_tag?post=278"}],"curies":[{"name":"wp","href":"https:\/\/api.w.org\/{rel}","templated":true}]}}