{"id":285,"date":"2019-03-17T13:24:54","date_gmt":"2019-03-17T11:24:54","guid":{"rendered":"https:\/\/geliurasa.lt\/?post_type=product&#038;p=285"},"modified":"2026-04-12T21:43:50","modified_gmt":"2026-04-12T18:43:50","slug":"el-desperado","status":"publish","type":"product","link":"https:\/\/geliurasa.lt\/index.php\/produktas\/el-desperado\/","title":{"rendered":"Vienadien\u0117 El Desperado"},"content":{"rendered":"","protected":false},"excerpt":{"rendered":"<p>(El Bandito \u00d7 Blackberry Candy)<\/p>\n<p>(Stamile 1991)\u00a0 \u2022\u00a0 70 cm\u00a0 \u202213 &#8211; 15 cm\u00a0 \u2022\u00a0 Tet\u00a0 \u2022\u00a0 Dor\u00a0 \u2022<\/p>\n<p>Spalva \u2013 sviesto geltonumo. \u017diedo \u017eiotys tamsaus vyno raudonumo. Subtiliai garbanota. Nuostabi, be galo gra\u017ei veisl\u0117. Itin gausiai \u017eydi, formuoja gra\u017e\u0173 ker\u0105, puikiai \u017eiemoja.<\/p>\n<p>Ilgaam\u017eis ir nereiklus augimo s\u0105lygoms bei prie\u017ei\u016brai augalas.<\/p>\n","protected":false},"featured_media":287,"comment_status":"open","ping_status":"closed","template":"","meta":{"jetpack_publicize_message":"","jetpack_publicize_feature_enabled":true,"jetpack_social_post_already_shared":true,"jetpack_social_options":{"image_generator_settings":{"template":"highway","default_image_id":0,"font":"","enabled":false},"version":2}},"product_brand":[],"product_cat":[34,23],"product_tag":[],"class_list":{"0":"post-285","1":"product","2":"type-product","3":"status-publish","4":"has-post-thumbnail","6":"product_cat-vidutinio-ugio-vienadienes","7":"product_cat-vienadienes-hemerocallis","8":"product_shipping_class-kita","10":"first","11":"instock","12":"shipping-taxable","13":"purchasable","14":"product-type-simple"},"jetpack_publicize_connections":[],"jetpack_sharing_enabled":true,"_links":{"self":[{"href":"https:\/\/geliurasa.lt\/index.php\/wp-json\/wp\/v2\/product\/285","targetHints":{"allow":["GET"]}}],"collection":[{"href":"https:\/\/geliurasa.lt\/index.php\/wp-json\/wp\/v2\/product"}],"about":[{"href":"https:\/\/geliurasa.lt\/index.php\/wp-json\/wp\/v2\/types\/product"}],"replies":[{"embeddable":true,"href":"https:\/\/geliurasa.lt\/index.php\/wp-json\/wp\/v2\/comments?post=285"}],"wp:featuredmedia":[{"embeddable":true,"href":"https:\/\/geliurasa.lt\/index.php\/wp-json\/wp\/v2\/media\/287"}],"wp:attachment":[{"href":"https:\/\/geliurasa.lt\/index.php\/wp-json\/wp\/v2\/media?parent=285"}],"wp:term":[{"taxonomy":"product_brand","embeddable":true,"href":"https:\/\/geliurasa.lt\/index.php\/wp-json\/wp\/v2\/product_brand?post=285"},{"taxonomy":"product_cat","embeddable":true,"href":"https:\/\/geliurasa.lt\/index.php\/wp-json\/wp\/v2\/product_cat?post=285"},{"taxonomy":"product_tag","embeddable":true,"href":"https:\/\/geliurasa.lt\/index.php\/wp-json\/wp\/v2\/product_tag?post=285"}],"curies":[{"name":"wp","href":"https:\/\/api.w.org\/{rel}","templated":true}]}}