{"id":312,"date":"2019-03-17T18:01:50","date_gmt":"2019-03-17T16:01:50","guid":{"rendered":"https:\/\/geliurasa.lt\/?post_type=product&#038;p=312"},"modified":"2025-05-09T17:06:06","modified_gmt":"2025-05-09T14:06:06","slug":"golden-boy","status":"publish","type":"product","link":"https:\/\/geliurasa.lt\/index.php\/produktas\/golden-boy\/","title":{"rendered":"Vienadien\u0117 Golden Boy"},"content":{"rendered":"","protected":false},"excerpt":{"rendered":"<p>(Wild, 1983) \u2022\u00a0 61 cm\u00a0 \u2022\u00a0 15 cm\u00a0 \u2022\u00a0 Dip\u00a0 \u2022\u00a0 Dor\u00a0 \u2022<\/p>\n<p>Spalva \u2013 ry\u0161ki, sodriai geltona. Kompakti\u0161kas kr\u016bmas visada pilnas \u017eied\u0173. Pati ankstyviausia vienadien\u0117, manau, tikrai verta d\u0117mesio.<\/p>\n<p>Ilgaam\u017eis ir nereiklus augimo s\u0105lygoms bei prie\u017ei\u016brai augalas.<\/p>\n","protected":false},"featured_media":313,"comment_status":"open","ping_status":"closed","template":"","meta":{"jetpack_publicize_message":"","jetpack_publicize_feature_enabled":true,"jetpack_social_post_already_shared":true,"jetpack_social_options":{"image_generator_settings":{"template":"highway","default_image_id":0,"font":"","enabled":false},"version":2}},"product_brand":[],"product_cat":[34,23],"product_tag":[],"class_list":{"0":"post-312","1":"product","2":"type-product","3":"status-publish","4":"has-post-thumbnail","6":"product_cat-vidutinio-ugio-vienadienes","7":"product_cat-vienadienes-hemerocallis","8":"product_shipping_class-kita","10":"first","11":"instock","12":"shipping-taxable","13":"purchasable","14":"product-type-simple"},"jetpack_publicize_connections":[],"jetpack_sharing_enabled":true,"_links":{"self":[{"href":"https:\/\/geliurasa.lt\/index.php\/wp-json\/wp\/v2\/product\/312","targetHints":{"allow":["GET"]}}],"collection":[{"href":"https:\/\/geliurasa.lt\/index.php\/wp-json\/wp\/v2\/product"}],"about":[{"href":"https:\/\/geliurasa.lt\/index.php\/wp-json\/wp\/v2\/types\/product"}],"replies":[{"embeddable":true,"href":"https:\/\/geliurasa.lt\/index.php\/wp-json\/wp\/v2\/comments?post=312"}],"wp:featuredmedia":[{"embeddable":true,"href":"https:\/\/geliurasa.lt\/index.php\/wp-json\/wp\/v2\/media\/313"}],"wp:attachment":[{"href":"https:\/\/geliurasa.lt\/index.php\/wp-json\/wp\/v2\/media?parent=312"}],"wp:term":[{"taxonomy":"product_brand","embeddable":true,"href":"https:\/\/geliurasa.lt\/index.php\/wp-json\/wp\/v2\/product_brand?post=312"},{"taxonomy":"product_cat","embeddable":true,"href":"https:\/\/geliurasa.lt\/index.php\/wp-json\/wp\/v2\/product_cat?post=312"},{"taxonomy":"product_tag","embeddable":true,"href":"https:\/\/geliurasa.lt\/index.php\/wp-json\/wp\/v2\/product_tag?post=312"}],"curies":[{"name":"wp","href":"https:\/\/api.w.org\/{rel}","templated":true}]}}