{"id":332,"date":"2019-03-17T19:04:46","date_gmt":"2019-03-17T17:04:46","guid":{"rendered":"https:\/\/geliurasa.lt\/?post_type=product&#038;p=332"},"modified":"2026-04-12T09:22:10","modified_gmt":"2026-04-12T06:22:10","slug":"highland-lord","status":"publish","type":"product","link":"https:\/\/geliurasa.lt\/index.php\/produktas\/highland-lord\/","title":{"rendered":"Vienadien\u0117  Highland Lord"},"content":{"rendered":"","protected":false},"excerpt":{"rendered":"<p>(Munson 1983)\u00a0 \u2022\u00a0 70 cm\u00a0 \u2022\u00a0 13 cm\u00a0 \u2022\u00a0 Tet\u00a0 \u2022\u00a0 Sev\u00a0 \u2022<\/p>\n<p>Spalva \u2013 vy\u0161ni\u0173 raudonumo. Aksominiai \u0161ios veisl\u0117s \u017eiedai &#8211; \u012fsp\u016bdingi, nors pirmieji \u017eiedai da\u017enai b\u016bna ir tu\u0161\u010diaviduriai (tai nemenkina jos gro\u017eio). I\u0161skirtin\u0117 vienadien\u0117!<\/p>\n<p>Ilgaam\u017eis ir nereiklus augimo s\u0105lygoms bei prie\u017ei\u016brai augalas.<\/p>\n","protected":false},"featured_media":333,"comment_status":"open","ping_status":"closed","template":"","meta":{"jetpack_publicize_message":"","jetpack_publicize_feature_enabled":true,"jetpack_social_post_already_shared":true,"jetpack_social_options":{"image_generator_settings":{"template":"highway","default_image_id":0,"font":"","enabled":false},"version":2}},"product_brand":[],"product_cat":[35,23],"product_tag":[59,61],"class_list":{"0":"post-332","1":"product","2":"type-product","3":"status-publish","4":"has-post-thumbnail","6":"product_cat-vienadienes-aukstos","7":"product_cat-vienadienes-hemerocallis","8":"product_tag-hemerocallis","9":"product_tag-vienadiene","10":"product_shipping_class-kita","12":"first","13":"instock","14":"shipping-taxable","15":"purchasable","16":"product-type-simple"},"jetpack_publicize_connections":[],"jetpack_sharing_enabled":true,"_links":{"self":[{"href":"https:\/\/geliurasa.lt\/index.php\/wp-json\/wp\/v2\/product\/332","targetHints":{"allow":["GET"]}}],"collection":[{"href":"https:\/\/geliurasa.lt\/index.php\/wp-json\/wp\/v2\/product"}],"about":[{"href":"https:\/\/geliurasa.lt\/index.php\/wp-json\/wp\/v2\/types\/product"}],"replies":[{"embeddable":true,"href":"https:\/\/geliurasa.lt\/index.php\/wp-json\/wp\/v2\/comments?post=332"}],"wp:featuredmedia":[{"embeddable":true,"href":"https:\/\/geliurasa.lt\/index.php\/wp-json\/wp\/v2\/media\/333"}],"wp:attachment":[{"href":"https:\/\/geliurasa.lt\/index.php\/wp-json\/wp\/v2\/media?parent=332"}],"wp:term":[{"taxonomy":"product_brand","embeddable":true,"href":"https:\/\/geliurasa.lt\/index.php\/wp-json\/wp\/v2\/product_brand?post=332"},{"taxonomy":"product_cat","embeddable":true,"href":"https:\/\/geliurasa.lt\/index.php\/wp-json\/wp\/v2\/product_cat?post=332"},{"taxonomy":"product_tag","embeddable":true,"href":"https:\/\/geliurasa.lt\/index.php\/wp-json\/wp\/v2\/product_tag?post=332"}],"curies":[{"name":"wp","href":"https:\/\/api.w.org\/{rel}","templated":true}]}}