{"id":34987,"date":"2022-02-18T13:27:22","date_gmt":"2022-02-18T11:27:22","guid":{"rendered":"https:\/\/geliurasa.lt\/?post_type=product&#038;p=34987"},"modified":"2026-04-16T07:12:17","modified_gmt":"2026-04-16T04:12:17","slug":"ammi-visnaga-casablanca","status":"publish","type":"product","link":"https:\/\/geliurasa.lt\/index.php\/produktas\/ammi-visnaga-casablanca\/","title":{"rendered":"Didysis Ammis Casablanca"},"content":{"rendered":"<p>Ammio Casablanca \u00a0sk\u0117\u010dio formos \u017eiedai labai i\u0161rai\u0161kingi, 10 &#8211; 15 cm skersmens. \u017diedynai tvirti ir balti &#8211; \u012fsp\u016bdingai atrodo skint\u0173 g\u0117li\u0173 puok\u0161t\u0117se. Augalas ypa\u010d tinkamas nat\u016bralistini\u0173 g\u0117lyn\u0173 fonui sukurti, ir j\u0173 apvadams formuoti, skynimui bei d\u017eiovinimui. Labai naudingas nektarinis augalas vabzd\u017eiams.\u00a0 Kuo da\u017eniau \u017eiedai bus skinami,\u00a0 tuo daugiau\u00a0 jie \u017eyd\u0117s ! Pasis\u0117ja ir pats.<\/p>\n<p>Galima s\u0117ti tiesiai \u012f nuolatin\u0119 viet\u0105 \u00a0IV -V m\u0117n., arba viduje likus 4\u20136 savait\u0117ms iki sodinimo lauke. Kad neb\u016bt\u0173 pa\u017eeistos \u0161aknys, geriau s\u0117ti \u012f atskiras daigyklas. J\u0173 \u0161aknys liemenin\u0117s, tod\u0117l jos sunkiai prigyja persodinant. S\u0117jama pavir\u0161iuje &#8211; vos u\u017eberiant \u017eem\u0117m, ar vermikulitu. \u0160viesa padeda dygimui. Lauke i\u0161sodinti 30 x 30 cm atstumu,\u00a0 jau pra\u0117jus \u0161alnom. Nereikl\u016bs dirvai ir auginimui, bet m\u0117gsta saul\u0117t\u0105 ar dalinai pav\u0117sing\u0105 viet\u0105 ir sm\u0117l\u0117t\u0105, humusing\u0105, gerai nusausint\u0105 dirv\u0105. S\u0117klas galima s\u0117ti ir ruden\u012f.<\/p>\n<p>&nbsp;<\/p>\n","protected":false},"excerpt":{"rendered":"<p><strong>Dantikrap\u0161tis, Didysis Ammis<\/strong><\/p>\n<p>Ammi Visnaga<\/p>\n<p><strong>Gamintojas:<\/strong> Olandija<\/p>\n<p><strong>Grup\u0117:<\/strong>\u00a0Vienmet\u0117<\/p>\n<p><strong>Kiekis pakelyje:<\/strong> 50 s\u0117kl\u0173<\/p>\n<p><strong>Auk\u0161tis cm:<\/strong> 80 &#8211; 90cm<\/p>\n<p>&nbsp;<\/p>\n","protected":false},"featured_media":34988,"comment_status":"open","ping_status":"closed","template":"","meta":{"jetpack_publicize_message":"","jetpack_publicize_feature_enabled":true,"jetpack_social_post_already_shared":true,"jetpack_social_options":{"image_generator_settings":{"template":"highway","default_image_id":0,"font":"","enabled":false},"version":2}},"product_brand":[],"product_cat":[209,99,42,128],"product_tag":[43,45,52,51],"class_list":{"0":"post-34987","1":"product","2":"type-product","3":"status-publish","4":"has-post-thumbnail","6":"product_cat-ammis-dantikrapstis","7":"product_cat-naujos-prekes","8":"product_cat-seklos","9":"product_cat-vienmeciu-geliu-seklos","10":"product_tag-dantikrapstis","11":"product_tag-didysis-ammis","12":"product_tag-seeds","13":"product_tag-seklos","14":"product_shipping_class-seklos","16":"first","17":"instock","18":"shipping-taxable","19":"purchasable","20":"product-type-simple"},"jetpack_publicize_connections":[],"jetpack_sharing_enabled":true,"_links":{"self":[{"href":"https:\/\/geliurasa.lt\/index.php\/wp-json\/wp\/v2\/product\/34987","targetHints":{"allow":["GET"]}}],"collection":[{"href":"https:\/\/geliurasa.lt\/index.php\/wp-json\/wp\/v2\/product"}],"about":[{"href":"https:\/\/geliurasa.lt\/index.php\/wp-json\/wp\/v2\/types\/product"}],"replies":[{"embeddable":true,"href":"https:\/\/geliurasa.lt\/index.php\/wp-json\/wp\/v2\/comments?post=34987"}],"wp:featuredmedia":[{"embeddable":true,"href":"https:\/\/geliurasa.lt\/index.php\/wp-json\/wp\/v2\/media\/34988"}],"wp:attachment":[{"href":"https:\/\/geliurasa.lt\/index.php\/wp-json\/wp\/v2\/media?parent=34987"}],"wp:term":[{"taxonomy":"product_brand","embeddable":true,"href":"https:\/\/geliurasa.lt\/index.php\/wp-json\/wp\/v2\/product_brand?post=34987"},{"taxonomy":"product_cat","embeddable":true,"href":"https:\/\/geliurasa.lt\/index.php\/wp-json\/wp\/v2\/product_cat?post=34987"},{"taxonomy":"product_tag","embeddable":true,"href":"https:\/\/geliurasa.lt\/index.php\/wp-json\/wp\/v2\/product_tag?post=34987"}],"curies":[{"name":"wp","href":"https:\/\/api.w.org\/{rel}","templated":true}]}}