{"id":34992,"date":"2022-02-18T15:18:50","date_gmt":"2022-02-18T13:18:50","guid":{"rendered":"https:\/\/geliurasa.lt\/?post_type=product&#038;p=34992"},"modified":"2026-04-10T19:04:55","modified_gmt":"2026-04-10T16:04:55","slug":"ammi-visnaga-green-mist","status":"publish","type":"product","link":"https:\/\/geliurasa.lt\/index.php\/produktas\/ammi-visnaga-green-mist\/","title":{"rendered":"Dantikrap\u0161tis  Green Mist"},"content":{"rendered":"<p>Labai i\u0161rai\u0161kingi 10 &#8211; 15 cm skersmens\u00a0 sk\u0117\u010dio formos \u017eiedai. Puikiai sukuria erdvin\u012f, fonin\u012f vaizd\u0105 g\u0117lyne. \u017diedynai tvirti , masyv\u016bs,\u00a0 \u012fsp\u016bdingai atrodantys skint\u0173 g\u0117li\u0173 puok\u0161t\u0117se. Nebijokite,\u00a0 kuo daugiau \u017eied\u0173 skinsite, tuo daugiau\u00a0 j\u0173 ataugs! Skirtas &#8211; nat\u016bralistini\u0173 g\u0117lyn\u0173 fonui sukurti, ir j\u0173 apvadams formuoti. Tinkamas skynimui ir d\u017eiovinimui. Vabzd\u017eiams\u00a0 ypa\u010d naudingas ir j\u0173 m\u0117gstamas nektarinis augalas.<\/p>\n<p>Galima s\u0117ti tiesiai \u012f nuolatin\u0119 viet\u0105 \u00a0IV -V m\u0117n., arba viduje likus 4\u20136 savait\u0117ms iki sodinimo lauke . Kad neb\u016bt\u0173 pa\u017eeistos \u0161aknys, geriau s\u0117ti \u012f atskirus vazon\u0117lius. J\u0173 \u0161aknys liemenin\u0117s, tod\u0117l jos sunkiai prigyja persodinant. S\u0117jama pavir\u0161iuje &#8211; vos u\u017eberiant \u017eem\u0117m, ar vermikulitu. \u0160viesa padeda dygimui. Lauke i\u0161sodinti 40 x 40 cm atstumu,\u00a0 jau pra\u0117jus \u0161alnom. Nereikl\u016bs dirvai ir auginimui, bet m\u0117gsta saul\u0117t\u0105 ar dalinai pav\u0117sing\u0105 viet\u0105 ir sm\u0117l\u0117t\u0105, humusing\u0105, gerai nusausint\u0105 dirv\u0105. S\u0117klas galima s\u0117ti ir ruden\u012f. Tada stiebai bus daug ilgesni (apie 130 cm) nei s\u0117jant pavasar\u012f (apie 80 cm).<\/p>\n","protected":false},"excerpt":{"rendered":"<p><strong>\u00a0 Ammi Visnaga<\/strong><\/p>\n<p><strong>Gamintojas:<\/strong> Olandija<\/p>\n<p><strong>Grup\u0117:<\/strong>\u00a0Vienmet\u0117<\/p>\n<p><strong>Kiekis pakelyje:<\/strong> 0,5 g \u2248 650 s\u0117klos<\/p>\n<p><strong>Auk\u0161tis cm:<\/strong> 80 &#8211; 90 cm<\/p>\n<p>&nbsp;<\/p>\n<p>&nbsp;<\/p>\n<p>&nbsp;<\/p>\n","protected":false},"featured_media":38274,"comment_status":"open","ping_status":"closed","template":"","meta":{"jetpack_publicize_message":"","jetpack_publicize_feature_enabled":true,"jetpack_social_post_already_shared":true,"jetpack_social_options":{"image_generator_settings":{"template":"highway","default_image_id":0,"font":"","enabled":false},"version":2}},"product_brand":[],"product_cat":[209,42,128],"product_tag":[105,43,46],"class_list":{"0":"post-34992","1":"product","2":"type-product","3":"status-publish","4":"has-post-thumbnail","6":"product_cat-ammis-dantikrapstis","7":"product_cat-seklos","8":"product_cat-vienmeciu-geliu-seklos","9":"product_tag-ammi","10":"product_tag-dantikrapstis","11":"product_tag-didysis-amis","12":"product_shipping_class-seklos","14":"first","15":"instock","16":"shipping-taxable","17":"purchasable","18":"product-type-simple"},"jetpack_publicize_connections":[],"jetpack_sharing_enabled":true,"_links":{"self":[{"href":"https:\/\/geliurasa.lt\/index.php\/wp-json\/wp\/v2\/product\/34992","targetHints":{"allow":["GET"]}}],"collection":[{"href":"https:\/\/geliurasa.lt\/index.php\/wp-json\/wp\/v2\/product"}],"about":[{"href":"https:\/\/geliurasa.lt\/index.php\/wp-json\/wp\/v2\/types\/product"}],"replies":[{"embeddable":true,"href":"https:\/\/geliurasa.lt\/index.php\/wp-json\/wp\/v2\/comments?post=34992"}],"wp:featuredmedia":[{"embeddable":true,"href":"https:\/\/geliurasa.lt\/index.php\/wp-json\/wp\/v2\/media\/38274"}],"wp:attachment":[{"href":"https:\/\/geliurasa.lt\/index.php\/wp-json\/wp\/v2\/media?parent=34992"}],"wp:term":[{"taxonomy":"product_brand","embeddable":true,"href":"https:\/\/geliurasa.lt\/index.php\/wp-json\/wp\/v2\/product_brand?post=34992"},{"taxonomy":"product_cat","embeddable":true,"href":"https:\/\/geliurasa.lt\/index.php\/wp-json\/wp\/v2\/product_cat?post=34992"},{"taxonomy":"product_tag","embeddable":true,"href":"https:\/\/geliurasa.lt\/index.php\/wp-json\/wp\/v2\/product_tag?post=34992"}],"curies":[{"name":"wp","href":"https:\/\/api.w.org\/{rel}","templated":true}]}}