{"id":34998,"date":"2022-02-18T22:09:40","date_gmt":"2022-02-18T20:09:40","guid":{"rendered":"https:\/\/geliurasa.lt\/?post_type=product&#038;p=34998"},"modified":"2026-03-24T01:49:25","modified_gmt":"2026-03-23T23:49:25","slug":"orlaya-grandiflora-white-lace","status":"publish","type":"product","link":"https:\/\/geliurasa.lt\/index.php\/produktas\/orlaya-grandiflora-white-lace\/","title":{"rendered":"Stambia\u017eied\u0117 orlaja White Lace"},"content":{"rendered":"<p>S\u0117klas galima s\u0117ti \u012fprastai lauke\u00a0 arba\u00a0 namie. S\u0117klos sudygsta per 21-30 dien\u0173.\u00a0 Pavir\u0161ius turi b\u016bti dr\u0117gnas, bet neu\u017emirk\u0119s. \u0160viesa padeda dygimui.\u00a0 \u012e lauk\u0105 sodinama pra\u0117jus \u0161alnoms. Nereikli dirvai ir auginimui. M\u0117gsta saul\u0117t\u0105 ar dalinai pav\u0117sing\u0105 viet\u0105.<\/p>\n","protected":false},"excerpt":{"rendered":"<p><strong>Orlaya grandiflora<\/strong><\/p>\n<p><strong>Gamintojas:<\/strong> Olandija<\/p>\n<p><strong>Grup\u0117:<\/strong>\u00a0Vienmet\u0117<\/p>\n<p><strong>Kiekis pakelyje:<\/strong> 30 s\u0117kl\u0173<\/p>\n<p><strong>Auk\u0161tis cm:<\/strong> 35-60 cm<\/p>\n<p>\u0160ios eleganti\u0161kos g\u0117l\u0117s auginamos mi\u0161riuose g\u0117lynuose &#8211; kaip foninis augalas tarp kit\u0173 g\u0117li\u0173. Balti n\u0117riniuoti \u017eiedai, ant gle\u017en\u0173 sk\u0117\u010di\u0173, papuo\u0161 bet kuri\u0105 vasaros puok\u0161t\u0119. Kuo da\u017eniau \u017eiedus skinsite, tuo daugiau jie \u017eyd\u0117s. S\u0117kl\u0173\u00a0 d\u0117\u017eut\u0117s taip pat\u00a0 dekoratyvios.<\/p>\n<p>&nbsp;<\/p>\n","protected":false},"featured_media":35000,"comment_status":"open","ping_status":"closed","template":"","meta":{"jetpack_publicize_message":"","jetpack_publicize_feature_enabled":true,"jetpack_social_post_already_shared":true,"jetpack_social_options":{"image_generator_settings":{"template":"highway","default_image_id":0,"font":"","enabled":false},"version":2}},"product_brand":[],"product_cat":[99,128,42],"product_tag":[151,52,51],"class_list":{"0":"post-34998","1":"product","2":"type-product","3":"status-publish","4":"has-post-thumbnail","6":"product_cat-naujos-prekes","7":"product_cat-vienmeciu-geliu-seklos","8":"product_cat-seklos","9":"product_tag-orlaja","10":"product_tag-seeds","11":"product_tag-seklos","12":"product_shipping_class-seklos","14":"first","15":"instock","16":"shipping-taxable","17":"purchasable","18":"product-type-simple"},"jetpack_publicize_connections":[],"jetpack_sharing_enabled":true,"_links":{"self":[{"href":"https:\/\/geliurasa.lt\/index.php\/wp-json\/wp\/v2\/product\/34998","targetHints":{"allow":["GET"]}}],"collection":[{"href":"https:\/\/geliurasa.lt\/index.php\/wp-json\/wp\/v2\/product"}],"about":[{"href":"https:\/\/geliurasa.lt\/index.php\/wp-json\/wp\/v2\/types\/product"}],"replies":[{"embeddable":true,"href":"https:\/\/geliurasa.lt\/index.php\/wp-json\/wp\/v2\/comments?post=34998"}],"wp:featuredmedia":[{"embeddable":true,"href":"https:\/\/geliurasa.lt\/index.php\/wp-json\/wp\/v2\/media\/35000"}],"wp:attachment":[{"href":"https:\/\/geliurasa.lt\/index.php\/wp-json\/wp\/v2\/media?parent=34998"}],"wp:term":[{"taxonomy":"product_brand","embeddable":true,"href":"https:\/\/geliurasa.lt\/index.php\/wp-json\/wp\/v2\/product_brand?post=34998"},{"taxonomy":"product_cat","embeddable":true,"href":"https:\/\/geliurasa.lt\/index.php\/wp-json\/wp\/v2\/product_cat?post=34998"},{"taxonomy":"product_tag","embeddable":true,"href":"https:\/\/geliurasa.lt\/index.php\/wp-json\/wp\/v2\/product_tag?post=34998"}],"curies":[{"name":"wp","href":"https:\/\/api.w.org\/{rel}","templated":true}]}}