{"id":35001,"date":"2022-02-19T13:51:36","date_gmt":"2022-02-19T11:51:36","guid":{"rendered":"https:\/\/geliurasa.lt\/?post_type=product&#038;p=35001"},"modified":"2026-05-01T10:35:40","modified_gmt":"2026-05-01T07:35:40","slug":"daucus-carota-dara","status":"publish","type":"product","link":"https:\/\/geliurasa.lt\/index.php\/produktas\/daucus-carota-dara\/","title":{"rendered":"Laukin\u0117 morka Dara"},"content":{"rendered":"<p>Laukines morkas Dara galima s\u0117ti lauke, kai dirva jau\u00a0 \u012f\u0161yla &#8211; baland\u012f \/ gegu\u017e\u0119, arba namie &#8211; vasar\u012f\/kov\u0105. Nuo s\u0117klos iki \u017eyd\u0117jimo\u00a0 praeina 14 savai\u010di\u0173. Nereiklios dirvai ir auginimui, bet m\u0117gsta dr\u0117gn\u0105 bei gerai nusausint\u0105 dirv\u0105 saul\u0117toje vietoje. Mork\u0173 dygimui reikalinga \u0161viesa, tod\u0117l s\u0117jamos pavir\u0161iuje, tik vos vos pridengiant.\u00a0 Kadangi mork\u0173 ilgos liemenin\u0117s \u0161aknys, jos nem\u0117gsta b\u016bti persodinamos.<\/p>\n<p>Morkos Dara yra auk\u0161tos ir tvirtos. Subrend\u0119 \u017eiedai yra sk\u0117\u010dio formos ir bekvapiai. V\u0117juotose vietose gali prireikti papildomos atramos. Auginamos, kaip u\u017epildantis g\u0117lyno erdves augalas. Tinkamas skynimui. Skinti, kai visi ma\u017ey\u010diai \u017eiedeliai i\u0161siskleid\u0119, o g\u0117l\u0117s galvut\u0117 yra gana plok\u0161\u010dia. \u0160ie sk\u0117tukai gali b\u016bti d\u017eiovinami. Beje, \u0161ios laukin\u0117s morkos yra nevalgomos.<\/p>\n<p><strong>Asmenin\u0117 patirtis:<\/strong> puikiai dygo, paprastai pas\u0117jus lauke gegu\u017e\u0119. Taip pat ir persodinant, lengvai prigijo (dirva buvo dr\u0117gna).<\/p>\n<div class=\"summary entry-summary\">\n<div class=\"woocommerce-product-details__short-description\">\n<div><em><strong>\u00a0\u00a0<\/strong><\/em><\/div>\n<\/div>\n<\/div>\n","protected":false},"excerpt":{"rendered":"<div><em>Daucus carota\u00a0<\/em><\/div>\n<div><strong>Gamintojas:\u00a0<\/strong>Olandija<\/div>\n<div><strong>Grup\u0117:<\/strong> vienmet\u0117<\/div>\n<div><strong>Auk\u0161tis cm: <\/strong>90-120<\/div>\n<div><strong>S\u0117ti m\u0117n.:<\/strong> III-V<\/div>\n<div><strong>Vieta:<\/strong> saul\u0117ta-pav\u0117sis<\/div>\n<div><strong>Dirva:<\/strong> \u012fvairi, neutrali<\/div>\n<p>&nbsp;<\/p>\n","protected":false},"featured_media":41434,"comment_status":"open","ping_status":"closed","template":"","meta":{"jetpack_publicize_message":"","jetpack_publicize_feature_enabled":true,"jetpack_social_post_already_shared":true,"jetpack_social_options":{"image_generator_settings":{"template":"highway","default_image_id":0,"font":"","enabled":false},"version":2}},"product_brand":[],"product_cat":[209,99,42,128],"product_tag":[101,52,51],"class_list":{"0":"post-35001","1":"product","2":"type-product","3":"status-publish","4":"has-post-thumbnail","6":"product_cat-ammis-dantikrapstis","7":"product_cat-naujos-prekes","8":"product_cat-seklos","9":"product_cat-vienmeciu-geliu-seklos","10":"product_tag-laukines-morkos","11":"product_tag-seeds","12":"product_tag-seklos","13":"product_shipping_class-seklos","15":"first","16":"instock","17":"shipping-taxable","18":"purchasable","19":"product-type-variable"},"jetpack_publicize_connections":[],"jetpack_sharing_enabled":true,"_links":{"self":[{"href":"https:\/\/geliurasa.lt\/index.php\/wp-json\/wp\/v2\/product\/35001","targetHints":{"allow":["GET"]}}],"collection":[{"href":"https:\/\/geliurasa.lt\/index.php\/wp-json\/wp\/v2\/product"}],"about":[{"href":"https:\/\/geliurasa.lt\/index.php\/wp-json\/wp\/v2\/types\/product"}],"replies":[{"embeddable":true,"href":"https:\/\/geliurasa.lt\/index.php\/wp-json\/wp\/v2\/comments?post=35001"}],"wp:featuredmedia":[{"embeddable":true,"href":"https:\/\/geliurasa.lt\/index.php\/wp-json\/wp\/v2\/media\/41434"}],"wp:attachment":[{"href":"https:\/\/geliurasa.lt\/index.php\/wp-json\/wp\/v2\/media?parent=35001"}],"wp:term":[{"taxonomy":"product_brand","embeddable":true,"href":"https:\/\/geliurasa.lt\/index.php\/wp-json\/wp\/v2\/product_brand?post=35001"},{"taxonomy":"product_cat","embeddable":true,"href":"https:\/\/geliurasa.lt\/index.php\/wp-json\/wp\/v2\/product_cat?post=35001"},{"taxonomy":"product_tag","embeddable":true,"href":"https:\/\/geliurasa.lt\/index.php\/wp-json\/wp\/v2\/product_tag?post=35001"}],"curies":[{"name":"wp","href":"https:\/\/api.w.org\/{rel}","templated":true}]}}