{"id":35251,"date":"2022-03-04T10:07:39","date_gmt":"2022-03-04T08:07:39","guid":{"rendered":"https:\/\/geliurasa.lt\/?post_type=product&#038;p=35251"},"modified":"2026-04-12T22:42:00","modified_gmt":"2026-04-12T19:42:00","slug":"foeniculum-vulgare-smokey","status":"publish","type":"product","link":"https:\/\/geliurasa.lt\/index.php\/produktas\/foeniculum-vulgare-smokey\/","title":{"rendered":"Paprastasis Pankolis Smokey"},"content":{"rendered":"<p>Gra\u017ei pankoli\u0173 veisl\u0117, su nuostabia vario bronzos spalvos lapija. Lengvai auginamas, labai dekoratyvus augalas .\u00a0 Be dekoratyvinio gro\u017eio, visas augalas valgomas &#8211; lapai, \u017eiedai, stiebai, \u0161aknys ir s\u0117klos turi skan\u0173, \u0161veln\u0173 any\u017ei\u0173 skon\u012f. \u017diedai tinkami skint\u0173 g\u0117li\u0173 puok\u0161t\u0117ms. Universalus augalas sodui, pritraukiantis daugyb\u0119 drugeli\u0173 ir nauding\u0173 vabzd\u017ei\u0173.<\/p>\n","protected":false},"excerpt":{"rendered":"<p>Foeniculum Vulgare<\/p>\n<p><strong>Gamintojas:<\/strong>\u00a0Olandija<\/p>\n<p><strong>Grup\u0117:<\/strong> daugiamet\u0117<\/p>\n<p><strong>Kiekis pakelyje: <\/strong>0,3g<\/p>\n<p><strong>Auk\u0161tis :<\/strong> 150 cm<\/p>\n<p><strong>Zona:<\/strong> 4-9<\/p>\n<p><strong>Dirvo\u017eemis:<\/strong> turtingas arba skurdus akmenuotas dirvo\u017eemis<\/p>\n<p><strong>Dr\u0117gm\u0117:<\/strong> dr\u0117gna, gerai nusausinta \u2013 sausa<\/p>\n<p><strong>\u0160viesa:<\/strong>\u00a0saul\u0117ta \u2013 dalinis pav\u0117sis<\/p>\n<p><strong>Auginimas: <\/strong>S\u0117ti III-IV m\u0117n. \u0161iltnamyje,\u00a0 daigus i\u0161sodinti pra\u0117jus \u0161alnoms. Arba s\u0117ti tiesiai \u012f lauk\u0105 su\u0161ilus dirvo\u017eemiui.<\/p>\n","protected":false},"featured_media":35266,"comment_status":"open","ping_status":"closed","template":"","meta":{"jetpack_publicize_message":"","jetpack_publicize_feature_enabled":true,"jetpack_social_post_already_shared":true,"jetpack_social_options":{"image_generator_settings":{"template":"highway","default_image_id":0,"font":"","enabled":false},"version":2}},"product_brand":[],"product_cat":[126,42],"product_tag":[115,52,51],"class_list":{"0":"post-35251","1":"product","2":"type-product","3":"status-publish","4":"has-post-thumbnail","6":"product_cat-daugiameciu-geliu-seklos","7":"product_cat-seklos","8":"product_tag-pankolis","9":"product_tag-seeds","10":"product_tag-seklos","11":"product_shipping_class-seklos","13":"first","14":"instock","15":"sale","16":"shipping-taxable","17":"purchasable","18":"product-type-simple"},"jetpack_publicize_connections":[],"jetpack_sharing_enabled":true,"_links":{"self":[{"href":"https:\/\/geliurasa.lt\/index.php\/wp-json\/wp\/v2\/product\/35251","targetHints":{"allow":["GET"]}}],"collection":[{"href":"https:\/\/geliurasa.lt\/index.php\/wp-json\/wp\/v2\/product"}],"about":[{"href":"https:\/\/geliurasa.lt\/index.php\/wp-json\/wp\/v2\/types\/product"}],"replies":[{"embeddable":true,"href":"https:\/\/geliurasa.lt\/index.php\/wp-json\/wp\/v2\/comments?post=35251"}],"wp:featuredmedia":[{"embeddable":true,"href":"https:\/\/geliurasa.lt\/index.php\/wp-json\/wp\/v2\/media\/35266"}],"wp:attachment":[{"href":"https:\/\/geliurasa.lt\/index.php\/wp-json\/wp\/v2\/media?parent=35251"}],"wp:term":[{"taxonomy":"product_brand","embeddable":true,"href":"https:\/\/geliurasa.lt\/index.php\/wp-json\/wp\/v2\/product_brand?post=35251"},{"taxonomy":"product_cat","embeddable":true,"href":"https:\/\/geliurasa.lt\/index.php\/wp-json\/wp\/v2\/product_cat?post=35251"},{"taxonomy":"product_tag","embeddable":true,"href":"https:\/\/geliurasa.lt\/index.php\/wp-json\/wp\/v2\/product_tag?post=35251"}],"curies":[{"name":"wp","href":"https:\/\/api.w.org\/{rel}","templated":true}]}}