{"id":35533,"date":"2022-03-02T23:40:09","date_gmt":"2022-03-02T21:40:09","guid":{"rendered":"https:\/\/geliurasa.lt\/?post_type=product&#038;p=35533"},"modified":"2026-04-22T09:13:29","modified_gmt":"2026-04-22T06:13:29","slug":"paprastasis-sinavadas-christa-barlow","status":"publish","type":"product","link":"https:\/\/geliurasa.lt\/index.php\/produktas\/paprastasis-sinavadas-christa-barlow\/","title":{"rendered":"Paprastasis sinavadas Purple Barlow"},"content":{"rendered":"<div class=\"info_group\">\n<div><\/div>\n<div class=\"text\">\n<p>Pastelini\u0173 violetini\u0173 atspalvi\u0173 pilnaviduriai \u017eiedai. Keras kompakti\u0161kas, apima\u00a0 25-30 cm. Sinavadai n\u0117ra ilgaam\u017eiai, tod\u0117l reikia leisti jiems ir patiems pasis\u0117ti. \u0160iemet pas\u0117jus, \u017eyd\u0117s tik kitais metais.<\/p>\n<p>D\u0117l geresnio dygimo, s\u0117klas patariama stratifikuoti. S\u0117klas par\u0105\u00a0 mirkyti drungname\u00a0 vandenyje, tada nusausinti, dr\u0117gnas sud\u0117ti \u012f stygin\u012f mai\u0161\u0117l\u012f ir laikyti \u0161aldytuve\u00a0 apie 1- 2 savaites. Lengvesnis b\u016bdas, s\u0117kl\u0173 pakel\u012f palaikyti \u0161aldiklyje pora savai\u010di\u0173 ir s\u0117ti tiesiai \u012f lauk\u0105.<\/p>\n<p>&nbsp;<\/p>\n<\/div>\n<\/div>\n","protected":false},"excerpt":{"rendered":"<p>Aquilegia vulgaris<\/p>\n<p><strong>Gamintojas:<\/strong>\u00a0Olandija<\/p>\n<p><strong>Grup\u0117:<\/strong>\u00a0Daugiamet\u0117<\/p>\n<p><strong>Kiekis pakelyje:<\/strong> 30 s\u0117kl\u0173<\/p>\n<p><strong>Auk\u0161tis cm:<\/strong> <span class=\"JLqJ4b ChMk0b\" data-language-for-alternatives=\"lt\" data-language-to-translate-into=\"en\" data-phrase-index=\"88\" data-number-of-phrases=\"105\">60-70 cm<\/span><\/p>\n<p><strong>S\u0117ti:<\/strong> II -III m\u0117n., arba IV-VII tiesiai \u012f dirv\u0105.<\/p>\n<p><strong>\u017dydi:<\/strong> VI-VII m\u0117n.<\/p>\n<p><b>Klimato zon<\/b>a : z2-z 9<\/p>\n<p>&nbsp;<\/p>\n","protected":false},"featured_media":35534,"comment_status":"open","ping_status":"closed","template":"","meta":{"jetpack_publicize_message":"","jetpack_publicize_feature_enabled":true,"jetpack_social_post_already_shared":true,"jetpack_social_options":{"image_generator_settings":{"template":"highway","default_image_id":0,"font":"","enabled":false},"version":2}},"product_brand":[],"product_cat":[126,99,42,69],"product_tag":[52,51,53],"class_list":{"0":"post-35533","1":"product","2":"type-product","3":"status-publish","4":"has-post-thumbnail","6":"product_cat-daugiameciu-geliu-seklos","7":"product_cat-naujos-prekes","8":"product_cat-seklos","9":"product_cat-sinavadas","10":"product_tag-seeds","11":"product_tag-seklos","12":"product_tag-sinavadas","13":"product_shipping_class-seklos","15":"first","16":"instock","17":"shipping-taxable","18":"purchasable","19":"product-type-simple"},"jetpack_publicize_connections":[],"jetpack_sharing_enabled":true,"_links":{"self":[{"href":"https:\/\/geliurasa.lt\/index.php\/wp-json\/wp\/v2\/product\/35533","targetHints":{"allow":["GET"]}}],"collection":[{"href":"https:\/\/geliurasa.lt\/index.php\/wp-json\/wp\/v2\/product"}],"about":[{"href":"https:\/\/geliurasa.lt\/index.php\/wp-json\/wp\/v2\/types\/product"}],"replies":[{"embeddable":true,"href":"https:\/\/geliurasa.lt\/index.php\/wp-json\/wp\/v2\/comments?post=35533"}],"wp:featuredmedia":[{"embeddable":true,"href":"https:\/\/geliurasa.lt\/index.php\/wp-json\/wp\/v2\/media\/35534"}],"wp:attachment":[{"href":"https:\/\/geliurasa.lt\/index.php\/wp-json\/wp\/v2\/media?parent=35533"}],"wp:term":[{"taxonomy":"product_brand","embeddable":true,"href":"https:\/\/geliurasa.lt\/index.php\/wp-json\/wp\/v2\/product_brand?post=35533"},{"taxonomy":"product_cat","embeddable":true,"href":"https:\/\/geliurasa.lt\/index.php\/wp-json\/wp\/v2\/product_cat?post=35533"},{"taxonomy":"product_tag","embeddable":true,"href":"https:\/\/geliurasa.lt\/index.php\/wp-json\/wp\/v2\/product_tag?post=35533"}],"curies":[{"name":"wp","href":"https:\/\/api.w.org\/{rel}","templated":true}]}}