{"id":35554,"date":"2022-03-04T12:57:39","date_gmt":"2022-03-04T10:57:39","guid":{"rendered":"https:\/\/geliurasa.lt\/?post_type=product&#038;p=35554"},"modified":"2026-03-17T15:44:25","modified_gmt":"2026-03-17T13:44:25","slug":"hedger-krapai","status":"publish","type":"product","link":"https:\/\/geliurasa.lt\/index.php\/produktas\/hedger-krapai\/","title":{"rendered":"Paprastieji krapai Hedger"},"content":{"rendered":"<p>Krapas ne tik puikus prieskonis, bet gali b\u016bti ir i\u0161skirtin\u0117 detal\u0117 j\u016bs\u0173 puok\u0161\u010di\u0173 kompozicijose. \u0160i Hedger veisl\u0117\u00a0 i\u0161vesta specialiai skynimui. Pla\u010diai\u00a0 taikoma floristikoje.<\/p>\n<p>S\u0117ti kaip tradicinius krapus. Norint tur\u0117ti \u017eied\u0173 visam skynimo sezonui s\u0117ti kas 2 savaites. Krapai nem\u0117gsta persodinimo, s\u0117ti i\u0161 karto \u012f nuolatin\u0119 viet\u0105.<\/p>\n<p>&nbsp;<\/p>\n","protected":false},"excerpt":{"rendered":"<p>Anethum graveolens (dill)<\/p>\n<p><strong>Gamintojas:<\/strong> Olandija<\/p>\n<p><strong>Grup\u0117: <\/strong><strong>vienmet\u0117<\/strong><\/p>\n<p><strong>Kiekis pakelyje: <\/strong>1g<\/p>\n<p><strong>Auk\u0161tis cm:<\/strong> 60<\/p>\n<p><strong>\u017died\u0173 spalva:<\/strong> geltona<\/p>\n<p><strong>Lapai: <\/strong>\u017eali<\/p>\n","protected":false},"featured_media":35555,"comment_status":"open","ping_status":"closed","template":"","meta":{"jetpack_publicize_message":"","jetpack_publicize_feature_enabled":true,"jetpack_social_post_already_shared":true,"jetpack_social_options":{"image_generator_settings":{"template":"highway","default_image_id":0,"font":"","enabled":false},"version":2}},"product_brand":[],"product_cat":[353,99,42,359,128],"product_tag":[58,52,51,57],"class_list":{"0":"post-35554","1":"product","2":"type-product","3":"status-publish","4":"has-post-thumbnail","6":"product_cat-ivairios","7":"product_cat-naujos-prekes","8":"product_cat-seklos","9":"product_cat-valgoma","10":"product_cat-vienmeciu-geliu-seklos","11":"product_tag-krapai","12":"product_tag-seeds","13":"product_tag-seklos","14":"product_tag-skintos","15":"product_shipping_class-seklos","17":"first","18":"instock","19":"shipping-taxable","20":"purchasable","21":"product-type-simple"},"jetpack_publicize_connections":[],"jetpack_sharing_enabled":true,"_links":{"self":[{"href":"https:\/\/geliurasa.lt\/index.php\/wp-json\/wp\/v2\/product\/35554","targetHints":{"allow":["GET"]}}],"collection":[{"href":"https:\/\/geliurasa.lt\/index.php\/wp-json\/wp\/v2\/product"}],"about":[{"href":"https:\/\/geliurasa.lt\/index.php\/wp-json\/wp\/v2\/types\/product"}],"replies":[{"embeddable":true,"href":"https:\/\/geliurasa.lt\/index.php\/wp-json\/wp\/v2\/comments?post=35554"}],"wp:featuredmedia":[{"embeddable":true,"href":"https:\/\/geliurasa.lt\/index.php\/wp-json\/wp\/v2\/media\/35555"}],"wp:attachment":[{"href":"https:\/\/geliurasa.lt\/index.php\/wp-json\/wp\/v2\/media?parent=35554"}],"wp:term":[{"taxonomy":"product_brand","embeddable":true,"href":"https:\/\/geliurasa.lt\/index.php\/wp-json\/wp\/v2\/product_brand?post=35554"},{"taxonomy":"product_cat","embeddable":true,"href":"https:\/\/geliurasa.lt\/index.php\/wp-json\/wp\/v2\/product_cat?post=35554"},{"taxonomy":"product_tag","embeddable":true,"href":"https:\/\/geliurasa.lt\/index.php\/wp-json\/wp\/v2\/product_tag?post=35554"}],"curies":[{"name":"wp","href":"https:\/\/api.w.org\/{rel}","templated":true}]}}