{"id":35567,"date":"2022-03-08T13:59:30","date_gmt":"2022-03-08T11:59:30","guid":{"rendered":"https:\/\/geliurasa.lt\/?post_type=product&#038;p=35567"},"modified":"2026-04-02T10:15:27","modified_gmt":"2026-04-02T07:15:27","slug":"teloxys-aristata-seafoam","status":"publish","type":"product","link":"https:\/\/geliurasa.lt\/index.php\/produktas\/teloxys-aristata-seafoam\/","title":{"rendered":"Akuotasis teloksidas Seafoam"},"content":{"rendered":"<p>Nereiklus auginimui augalas. S\u0117klas s\u0117ti <span data-language-for-alternatives=\"lt\" data-language-to-translate-into=\"la\" data-phrase-index=\"20\" data-number-of-phrases=\"47\"><span class=\"jlqj4b\">po priedanga baland\u017eio m\u0117nes\u012f arba tiesiai \u012f dirv\u0105, 0,5 cm gylyje.<\/span><\/span>\u00a0Dygimo temperat\u016bra <span data-language-for-alternatives=\"lt\" data-language-to-translate-into=\"la\" data-phrase-index=\"5\" data-number-of-phrases=\"47\"><span class=\"jlqj4b\">23\u00b0C, sudygsta per 7-21 dien\u0105. U\u017emirk\u0119s dirvo\u017eemis nepatinka. Sudygus palaikyti sausesnes s\u0105lygas, nes Teloxys kil\u0119s i\u0161 Gobi dykumos. Daigus sodinti \u012f dirv\u0105 20-25 cm tarpais gegu\u017e\u0117s antroje pus\u0117je, kai neb\u0117ra \u0161aln\u0173 pavojaus.\u00a0<\/span><\/span><\/p>\n<p><span data-language-for-alternatives=\"lt\" data-language-to-translate-into=\"la\" data-phrase-index=\"20\" data-number-of-phrases=\"47\"><span class=\"jlqj4b\">Teloxys Sea foam &#8211; i\u0161si\u0161akoj\u0119 \u016bgliai primena j\u016bros put\u0105. Augalo \u017eiedai i\u0161siskleid\u017eia \u017ealia augalo spalva, v\u0117liau nusida\u017eo raudonai tamsiai m\u0117lyna ir galiausiai raudonai ruda. \u017diedas ne tik i\u0161skirtinis, bet ir ilgai i\u0161silaikantis. I\u0161 prad\u017ei\u0173 augalas auga labai l\u0117tai, ta\u010diau augimas stipriai suaktyv\u0117ja prie\u0161 \u017eyd\u0117jim\u0105, tarsi susprogsta. Nuostabus augalas d\u017eiovinimui ir kaip g\u0117lyn\u0173 bei floristini\u0173 puok\u0161\u010di\u0173 u\u017epildas. Puo\u0161nus vazonuose.\u00a0<\/span><\/span><\/p>\n<p><span class=\"JLqJ4b ChMk0b\" data-language-for-alternatives=\"lt\" data-language-to-translate-into=\"la\" data-phrase-index=\"15\" data-number-of-phrases=\"47\"><strong>\u00a0Asmenin\u0117 patirtis:<\/strong>\u00a0 visa augalo spalv\u0173 kaita\u00a0 pasimato ruden\u012f, priklausomai nuo temperat\u016bros. Atv\u0117sus orams, paraudonuoja. Puikiai auga pas mus, nereiklus, \u017eyd\u0117s nebent pasodintas i\u0161 daig\u0173.\u00a0 Nuskynus atrodo kaip kamuoliukas. Kotai trumpi, bet jiems vandens nebereikia, atrodo, kaip d\u017eiovinti. Gra\u017eiai papuo\u0161\u0117 rudenines puok\u0161tes su jurginais. Naudojau kaip pagrind\u0105.<\/span><\/p>\n","protected":false},"excerpt":{"rendered":"<p><em>Teloxys aristata<\/em><\/p>\n<p><strong>Gamintojas:<\/strong>\u00a0Olandija<\/p>\n<p><strong>Grup\u0117:<\/strong> vienmet\u0117, sausa\u017eied\u0117<\/p>\n<p><strong>Kiekis pakelyje:<\/strong>\u00a0 0,1 g<\/p>\n<p><strong>Auk\u0161tis cm:<\/strong>\u00a0 35<\/p>\n<p><strong>S\u0117jimo laikas m\u0117n.:<\/strong> III<strong> &#8211; <\/strong>V<\/p>\n<p><strong>Sodinimo vieta: <\/strong>saul\u0117ta, pusiau pav\u0117sis<\/p>\n<p><strong>Dirva: <\/strong>sm\u0117lis, priemolis, <span class=\"VIiyi\" lang=\"lt\"><span class=\"JLqJ4b ChMk0b\" data-language-for-alternatives=\"lt\" data-language-to-translate-into=\"la\" data-phrase-index=\"46\" data-number-of-phrases=\"47\">gerai nusausinta<\/span><\/span><\/p>\n","protected":false},"featured_media":35611,"comment_status":"open","ping_status":"closed","template":"","meta":{"jetpack_publicize_message":"","jetpack_publicize_feature_enabled":true,"jetpack_social_post_already_shared":true,"jetpack_social_options":{"image_generator_settings":{"template":"highway","default_image_id":0,"font":"","enabled":false},"version":2}},"product_brand":[],"product_cat":[42,128],"product_tag":[52,51,152],"class_list":{"0":"post-35567","1":"product","2":"type-product","3":"status-publish","4":"has-post-thumbnail","6":"product_cat-seklos","7":"product_cat-vienmeciu-geliu-seklos","8":"product_tag-seeds","9":"product_tag-seklos","10":"product_tag-teloxys","11":"product_shipping_class-seklos","13":"first","14":"instock","15":"shipping-taxable","16":"purchasable","17":"product-type-simple"},"jetpack_publicize_connections":[],"jetpack_sharing_enabled":true,"_links":{"self":[{"href":"https:\/\/geliurasa.lt\/index.php\/wp-json\/wp\/v2\/product\/35567","targetHints":{"allow":["GET"]}}],"collection":[{"href":"https:\/\/geliurasa.lt\/index.php\/wp-json\/wp\/v2\/product"}],"about":[{"href":"https:\/\/geliurasa.lt\/index.php\/wp-json\/wp\/v2\/types\/product"}],"replies":[{"embeddable":true,"href":"https:\/\/geliurasa.lt\/index.php\/wp-json\/wp\/v2\/comments?post=35567"}],"wp:featuredmedia":[{"embeddable":true,"href":"https:\/\/geliurasa.lt\/index.php\/wp-json\/wp\/v2\/media\/35611"}],"wp:attachment":[{"href":"https:\/\/geliurasa.lt\/index.php\/wp-json\/wp\/v2\/media?parent=35567"}],"wp:term":[{"taxonomy":"product_brand","embeddable":true,"href":"https:\/\/geliurasa.lt\/index.php\/wp-json\/wp\/v2\/product_brand?post=35567"},{"taxonomy":"product_cat","embeddable":true,"href":"https:\/\/geliurasa.lt\/index.php\/wp-json\/wp\/v2\/product_cat?post=35567"},{"taxonomy":"product_tag","embeddable":true,"href":"https:\/\/geliurasa.lt\/index.php\/wp-json\/wp\/v2\/product_tag?post=35567"}],"curies":[{"name":"wp","href":"https:\/\/api.w.org\/{rel}","templated":true}]}}