{"id":35576,"date":"2022-03-06T18:33:16","date_gmt":"2022-03-06T16:33:16","guid":{"rendered":"https:\/\/geliurasa.lt\/?post_type=product&#038;p=35576"},"modified":"2026-04-25T02:05:21","modified_gmt":"2026-04-24T23:05:21","slug":"tanacetum-ptarmiciflorum-silver-lace","status":"publish","type":"product","link":"https:\/\/geliurasa.lt\/index.php\/produktas\/tanacetum-ptarmiciflorum-silver-lace\/","title":{"rendered":"Krauja\u017eolinis skaistenis Silver Lace"},"content":{"rendered":"<p><span class=\"VIiyi\" lang=\"lt\"><span class=\"JLqJ4b\" data-language-for-alternatives=\"lt\" data-language-to-translate-into=\"en\" data-phrase-index=\"0\" data-number-of-phrases=\"1\">Silver Lace \u2013 daugiametis Kanar\u0173 sal\u0173 augalas, jau nykstantis laukin\u0117je gamtoje. Pas mus auga kaip vienmetis. Puikiai\u00a0 atrodo kaip akcentinis augalas tiek vazonuose, tiek \u012fvairiuose g\u0117lynuose.\u00a0<\/span><\/span><\/p>\n<p><span class=\"VIiyi\" lang=\"lt\"><span class=\"JLqJ4b\" data-language-for-alternatives=\"lt\" data-language-to-translate-into=\"en\" data-phrase-index=\"0\" data-number-of-phrases=\"1\">S\u0117klos sudygsta per 7-10 dien\u0173, 20-22\u00b0C temperat\u016broje.<\/span><\/span><\/p>\n<p>&nbsp;<\/p>\n<p>&nbsp;<\/p>\n","protected":false},"excerpt":{"rendered":"<p>Tanacetum ptarmiciflorum<\/p>\n<p><strong>\u00a0Gamintojas:<\/strong>\u00a0Olandija<\/p>\n<p><strong>Grup\u0117:<\/strong> vienmet\u0117<\/p>\n<p><strong>Kiekis pakelyje: <\/strong>10 s\u0117kl\u0173<\/p>\n<p><strong>Auk\u0161tis cm:<\/strong> 60<\/p>\n<p><strong>S\u0117jimo laikas:<\/strong> III-IV, V<\/p>\n<p><strong>Sodinimo vieta: <\/strong>saul\u0117ta<\/p>\n<p><strong>Dirva: <\/strong>nusausinta, sausa<\/p>\n<p><strong>\u017died\u0173 spalva: <\/strong>balta<\/p>\n<p><strong>Lapai: <\/strong>sidabri\u0161kai pilki<\/p>\n","protected":false},"featured_media":35577,"comment_status":"open","ping_status":"closed","template":"","meta":{"jetpack_publicize_message":"","jetpack_publicize_feature_enabled":true,"jetpack_social_post_already_shared":true,"jetpack_social_options":{"image_generator_settings":{"template":"highway","default_image_id":0,"font":"","enabled":false},"version":2}},"product_brand":[],"product_cat":[353,99,42,322,128],"product_tag":[52,51],"class_list":{"0":"post-35576","1":"product","2":"type-product","3":"status-publish","4":"has-post-thumbnail","6":"product_cat-ivairios","7":"product_cat-naujos-prekes","8":"product_cat-seklos","9":"product_cat-skaistaziedes","10":"product_cat-vienmeciu-geliu-seklos","11":"product_tag-seeds","12":"product_tag-seklos","13":"product_shipping_class-seklos","15":"first","16":"instock","17":"shipping-taxable","18":"purchasable","19":"product-type-simple"},"jetpack_publicize_connections":[],"jetpack_sharing_enabled":true,"_links":{"self":[{"href":"https:\/\/geliurasa.lt\/index.php\/wp-json\/wp\/v2\/product\/35576","targetHints":{"allow":["GET"]}}],"collection":[{"href":"https:\/\/geliurasa.lt\/index.php\/wp-json\/wp\/v2\/product"}],"about":[{"href":"https:\/\/geliurasa.lt\/index.php\/wp-json\/wp\/v2\/types\/product"}],"replies":[{"embeddable":true,"href":"https:\/\/geliurasa.lt\/index.php\/wp-json\/wp\/v2\/comments?post=35576"}],"wp:featuredmedia":[{"embeddable":true,"href":"https:\/\/geliurasa.lt\/index.php\/wp-json\/wp\/v2\/media\/35577"}],"wp:attachment":[{"href":"https:\/\/geliurasa.lt\/index.php\/wp-json\/wp\/v2\/media?parent=35576"}],"wp:term":[{"taxonomy":"product_brand","embeddable":true,"href":"https:\/\/geliurasa.lt\/index.php\/wp-json\/wp\/v2\/product_brand?post=35576"},{"taxonomy":"product_cat","embeddable":true,"href":"https:\/\/geliurasa.lt\/index.php\/wp-json\/wp\/v2\/product_cat?post=35576"},{"taxonomy":"product_tag","embeddable":true,"href":"https:\/\/geliurasa.lt\/index.php\/wp-json\/wp\/v2\/product_tag?post=35576"}],"curies":[{"name":"wp","href":"https:\/\/api.w.org\/{rel}","templated":true}]}}