{"id":35581,"date":"2022-03-06T20:20:19","date_gmt":"2022-03-06T18:20:19","guid":{"rendered":"https:\/\/geliurasa.lt\/?post_type=product&#038;p=35581"},"modified":"2026-04-16T07:12:17","modified_gmt":"2026-04-16T04:12:17","slug":"italine-seryte-lowlander","status":"publish","type":"product","link":"https:\/\/geliurasa.lt\/index.php\/produktas\/italine-seryte-lowlander\/","title":{"rendered":"Italin\u0117 \u0161\u0117ryt\u0117 Lowlander"},"content":{"rendered":"<p><strong>Lowlander<\/strong> &#8211; bronzin\u0117s spalvos(uodeg\u0117l\u0117s \u0161iek tiek ma\u017eesn\u0117s u\u017e kitas \u0161erytes),\u00a0 puo\u0161nios dekoratyvios uodeg\u0117l\u0117s. Italin\u0117 \u0161\u0117ryt\u0117 yra dekoratyvin\u0117 vienmet\u0117 \u017eol\u0117, labai tinkama skynimui ir d\u017eiovinimui. Ypa\u010d \u017eaismingos vasaros bei rudenin\u0117se puok\u0161t\u0117se. Efektingai atrodo pasodintos tiek vazonuose, tiek g\u0117lynuose. Tinkama pauk\u0161\u010di\u0173 lesalui ir namini\u0173 gyv\u016bn\u0173 pa\u0161arui.<\/p>\n<p>S\u0117kl\u0173 dygimo laikas 2-3 savait\u0117s. \u017dydi 9-10 savai\u010di\u0173. Ruden\u012f galima pasirinkti s\u0117kl\u0173 kitam sezonui.<\/p>\n<p><strong>Asmenin\u0117 patirtis:<\/strong> puikiai dygo. Sodinau\u00a0 ir daigais, ir lauke s\u0117jau. Jei augintum\u0117t skynimui, patar\u010diau,\u00a0 s\u0117ti kelis kartus, kad u\u017etekt\u0173 iki v\u0117lyvo rudens. A\u0161 rugs\u0117j\u012f\u00a0 jau nebetur\u0117jau k\u0105 skinti.<\/p>\n<p>&nbsp;<\/p>\n<p>&nbsp;<\/p>\n<p>&nbsp;<\/p>\n","protected":false},"excerpt":{"rendered":"<p>Setaria italica<\/p>\n<div><strong>Gamintojas:\u00a0<\/strong>Olandija<\/div>\n<div><strong>Grup\u0117:<\/strong> vienmet\u0117<\/div>\n<div><strong>Kiekis pakelyje:<\/strong>\u00a0 0,5 g<\/div>\n<div><strong>Auk\u0161tis cm: <\/strong>80-100<\/div>\n<div><strong>S\u0117ti m\u0117n.:<\/strong> IV-V<\/div>\n<div><strong>Vieta:<\/strong> saul\u0117ta, dalinis pav\u0117sis<\/div>\n<div><strong>Dirva:<\/strong> neutrali, dr\u0117gmei laidi<\/div>\n<p>&nbsp;<\/p>\n","protected":false},"featured_media":35583,"comment_status":"open","ping_status":"closed","template":"","meta":{"jetpack_publicize_message":"","jetpack_publicize_feature_enabled":true,"jetpack_social_post_already_shared":true,"jetpack_social_options":{"image_generator_settings":{"template":"highway","default_image_id":0,"font":"","enabled":false},"version":2}},"product_brand":[],"product_cat":[99,42,348,179,128],"product_tag":[52,51,165,166],"class_list":{"0":"post-35581","1":"product","2":"type-product","3":"status-publish","4":"has-post-thumbnail","6":"product_cat-naujos-prekes","7":"product_cat-seklos","8":"product_cat-serytes","9":"product_cat-smilginiai-augalai","10":"product_cat-vienmeciu-geliu-seklos","11":"product_tag-seeds","12":"product_tag-seklos","13":"product_tag-seryte","14":"product_tag-setaria","15":"product_shipping_class-seklos","17":"first","18":"instock","19":"shipping-taxable","20":"purchasable","21":"product-type-simple"},"jetpack_publicize_connections":[],"jetpack_sharing_enabled":true,"_links":{"self":[{"href":"https:\/\/geliurasa.lt\/index.php\/wp-json\/wp\/v2\/product\/35581","targetHints":{"allow":["GET"]}}],"collection":[{"href":"https:\/\/geliurasa.lt\/index.php\/wp-json\/wp\/v2\/product"}],"about":[{"href":"https:\/\/geliurasa.lt\/index.php\/wp-json\/wp\/v2\/types\/product"}],"replies":[{"embeddable":true,"href":"https:\/\/geliurasa.lt\/index.php\/wp-json\/wp\/v2\/comments?post=35581"}],"wp:featuredmedia":[{"embeddable":true,"href":"https:\/\/geliurasa.lt\/index.php\/wp-json\/wp\/v2\/media\/35583"}],"wp:attachment":[{"href":"https:\/\/geliurasa.lt\/index.php\/wp-json\/wp\/v2\/media?parent=35581"}],"wp:term":[{"taxonomy":"product_brand","embeddable":true,"href":"https:\/\/geliurasa.lt\/index.php\/wp-json\/wp\/v2\/product_brand?post=35581"},{"taxonomy":"product_cat","embeddable":true,"href":"https:\/\/geliurasa.lt\/index.php\/wp-json\/wp\/v2\/product_cat?post=35581"},{"taxonomy":"product_tag","embeddable":true,"href":"https:\/\/geliurasa.lt\/index.php\/wp-json\/wp\/v2\/product_tag?post=35581"}],"curies":[{"name":"wp","href":"https:\/\/api.w.org\/{rel}","templated":true}]}}