{"id":35587,"date":"2022-03-06T20:48:19","date_gmt":"2022-03-06T18:48:19","guid":{"rendered":"https:\/\/geliurasa.lt\/?post_type=product&#038;p=35587"},"modified":"2026-04-14T15:43:01","modified_gmt":"2026-04-14T12:43:01","slug":"italine-seryte-red-jewel","status":"publish","type":"product","link":"https:\/\/geliurasa.lt\/index.php\/produktas\/italine-seryte-red-jewel\/","title":{"rendered":"Italin\u0117 \u0161\u0117ryt\u0117 Red Jewel"},"content":{"rendered":"<p><span class=\"VIiyi\" lang=\"lt\"><span class=\"JLqJ4b ChMk0b\" data-language-for-alternatives=\"lt\" data-language-to-translate-into=\"nl\" data-phrase-index=\"2\" data-number-of-phrases=\"3\">Dekoratyvi vienmet\u0117 \u017eol\u0117 su \u0161<\/span><\/span>okoladin\u0117s sodriai rudos spalvos p\u016bkuotomis \u0161luotel\u0117mis bei lapais. Puikus augalas g\u0117lynams ir ypatingas priedas puok\u0161t\u0117ms. S\u0117klos tinkamos pauk\u0161\u010di\u0173 lesalui ir namini\u0173 gyv\u016bn\u0173 pa\u0161arui.<\/p>\n<p>S\u0117kl\u0173 dygimo laikas 2-3 savait\u0117s. \u017dydi po 9-10 savai\u010di\u0173. Ruden\u012f galima pasirinkti s\u0117kl\u0173 kitam sezonui, pasis\u0117ja pa\u010dios. Ta\u010diau nepiktybi\u0161kos, lengvai i\u0161sirauna. Jei auga \u0161alia kitos spalvos \u0161ery\u010di\u0173, susikry\u017emina, pakei\u010dia spalv\u0105 ir kitais metais b\u016bna \u012fvairi\u0173 spalv\u0173 ir form\u0173 uodeg\u0117l\u0117s.<\/p>\n<p><strong>Asmenin\u0117 patirtis:<\/strong> puikiai dygo. Sodinau\u00a0 ir daigais, ir lauke s\u0117jau. Jei augintum\u0117te skynimui, patar\u010diau,\u00a0 s\u0117ti kelis kartus, kad u\u017etekt\u0173 iki v\u0117lyvo rudens. A\u0161 rugs\u0117j\u012f\u00a0 jau nebetur\u0117jau k\u0105 skinti.<\/p>\n<h1 class=\"product_title entry-title\"><\/h1>\n<p>&nbsp;<\/p>\n","protected":false},"excerpt":{"rendered":"<p>Setaria italica<\/p>\n<p><strong>\u00a0<\/strong><strong>Gamintojas:<\/strong>\u00a0Olandija<\/p>\n<p><strong>Grup\u0117:<\/strong> Vienmet\u0117 sausa\u017eied\u0117<\/p>\n<p><strong>Kiekis pakelyje:<\/strong> 1g<\/p>\n<p><strong>Auk\u0161tis cm:<\/strong> 100-120<\/p>\n<p><strong>S\u0117jimo laikas m\u0117n.: <\/strong>III &#8211; IV daigams, V lauke<\/p>\n<p><strong>Sodinimo gylis (cm):<\/strong> 0,5<\/p>\n<p><strong>Sodinimo vieta: <\/strong>saul\u0117ta<\/p>\n<p><strong>Dirva: <\/strong>derlinga, neu\u017emirkusi, dr\u0117gna<\/p>\n<p>&nbsp;<\/p>\n","protected":false},"featured_media":35588,"comment_status":"open","ping_status":"closed","template":"","meta":{"jetpack_publicize_message":"","jetpack_publicize_feature_enabled":true,"jetpack_social_post_already_shared":true,"jetpack_social_options":{"image_generator_settings":{"template":"highway","default_image_id":0,"font":"","enabled":false},"version":2}},"product_brand":[],"product_cat":[42,348,179,128],"product_tag":[52,51,165,166],"class_list":{"0":"post-35587","1":"product","2":"type-product","3":"status-publish","4":"has-post-thumbnail","6":"product_cat-seklos","7":"product_cat-serytes","8":"product_cat-smilginiai-augalai","9":"product_cat-vienmeciu-geliu-seklos","10":"product_tag-seeds","11":"product_tag-seklos","12":"product_tag-seryte","13":"product_tag-setaria","14":"product_shipping_class-seklos","16":"first","17":"instock","18":"shipping-taxable","19":"purchasable","20":"product-type-simple"},"jetpack_publicize_connections":[],"jetpack_sharing_enabled":true,"_links":{"self":[{"href":"https:\/\/geliurasa.lt\/index.php\/wp-json\/wp\/v2\/product\/35587","targetHints":{"allow":["GET"]}}],"collection":[{"href":"https:\/\/geliurasa.lt\/index.php\/wp-json\/wp\/v2\/product"}],"about":[{"href":"https:\/\/geliurasa.lt\/index.php\/wp-json\/wp\/v2\/types\/product"}],"replies":[{"embeddable":true,"href":"https:\/\/geliurasa.lt\/index.php\/wp-json\/wp\/v2\/comments?post=35587"}],"wp:featuredmedia":[{"embeddable":true,"href":"https:\/\/geliurasa.lt\/index.php\/wp-json\/wp\/v2\/media\/35588"}],"wp:attachment":[{"href":"https:\/\/geliurasa.lt\/index.php\/wp-json\/wp\/v2\/media?parent=35587"}],"wp:term":[{"taxonomy":"product_brand","embeddable":true,"href":"https:\/\/geliurasa.lt\/index.php\/wp-json\/wp\/v2\/product_brand?post=35587"},{"taxonomy":"product_cat","embeddable":true,"href":"https:\/\/geliurasa.lt\/index.php\/wp-json\/wp\/v2\/product_cat?post=35587"},{"taxonomy":"product_tag","embeddable":true,"href":"https:\/\/geliurasa.lt\/index.php\/wp-json\/wp\/v2\/product_tag?post=35587"}],"curies":[{"name":"wp","href":"https:\/\/api.w.org\/{rel}","templated":true}]}}