{"id":35591,"date":"2022-03-06T22:40:18","date_gmt":"2022-03-06T20:40:18","guid":{"rendered":"https:\/\/geliurasa.lt\/?post_type=product&#038;p=35591"},"modified":"2026-04-16T07:12:17","modified_gmt":"2026-04-16T04:12:17","slug":"seryte-macrocheata","status":"publish","type":"product","link":"https:\/\/geliurasa.lt\/index.php\/produktas\/seryte-macrocheata\/","title":{"rendered":"\u0160\u0117ryt\u0117 Macrocheata"},"content":{"rendered":"<p>Macrocheata &#8211; \u0161\u0117ryt\u0117 su labai puo\u0161niomis \u017ealiomis uodegomis, dar kitaip vadinama lap\u0117s uodeg\u0117l\u0117mis. \u0160i dekoratyvin\u0117 vienmet\u0117 \u017eol\u0117 labai tinkama skynimui ir d\u017eiovinimui. Ypa\u010d \u017eaismingai\u00a0 atrodo vasaros bei rudenin\u0117se puok\u0161t\u0117se. Efektingai atrodo pasodintos tiek vazonuose, tiek g\u0117lynuose. S\u0117klos tinkamos pauk\u0161\u010di\u0173 lesalui ir namini\u0173 gyv\u016bn\u0173 pa\u0161arui.<\/p>\n<p>S\u0117kl\u0173 dygimo laikas 2-3 savait\u0117s. \u017dydi 9-10 savai\u010di\u0173. Ruden\u012f galima pasirinkti s\u0117kl\u0173 kitam sezonui.<\/p>\n<p><strong>Asmenin\u0117 patirtis:<\/strong> Puikiai dygo. Sodinau\u00a0 ir daigais, ir lauke s\u0117jau. Jei augintum\u0117t skynimui, patar\u010diau,\u00a0 s\u0117ti kelis kartus, kad u\u017etekt\u0173 iki v\u0117lyvo rudens. A\u0161 rugs\u0117j\u012f\u00a0 jau nebetur\u0117jau k\u0105 skinti.<\/p>\n<p>&nbsp;<\/p>\n","protected":false},"excerpt":{"rendered":"<p>Setaria<\/p>\n<p><strong>\u00a0<\/strong><strong>Gamintojas:<\/strong>\u00a0Olandija<\/p>\n<p><strong>Grup\u0117:<\/strong> Vienmet\u0117 sausa\u017eied\u0117<\/p>\n<p><strong>Kiekis pakelyje:<\/strong> 1g<\/p>\n<p><strong>Auk\u0161tis cm:<\/strong>\u00a0 60<\/p>\n<p><strong>S\u0117jimo laikas m\u0117n.: <\/strong>III- IV daigams, V lauke<\/p>\n<p><strong>Sodinimo gylis (cm):<\/strong> 0,5<\/p>\n<p><strong>Sodinimo vieta: <\/strong>saul\u0117ta<\/p>\n<p><strong>Dirvo\u017eemis: <\/strong>neutralus, laidus dr\u0117gmei<\/p>\n<p><strong>\u017dyd\u0117jimas<\/strong>: nuo bir\u017eelio &#8211; liepos iki spalio<\/p>\n","protected":false},"featured_media":44093,"comment_status":"open","ping_status":"closed","template":"","meta":{"jetpack_publicize_message":"","jetpack_publicize_feature_enabled":true,"jetpack_social_post_already_shared":true,"jetpack_social_options":{"image_generator_settings":{"template":"highway","default_image_id":0,"font":"","enabled":false},"version":2}},"product_brand":[],"product_cat":[99,42,348,179,128],"product_tag":[52,51],"class_list":{"0":"post-35591","1":"product","2":"type-product","3":"status-publish","4":"has-post-thumbnail","6":"product_cat-naujos-prekes","7":"product_cat-seklos","8":"product_cat-serytes","9":"product_cat-smilginiai-augalai","10":"product_cat-vienmeciu-geliu-seklos","11":"product_tag-seeds","12":"product_tag-seklos","13":"product_shipping_class-seklos","15":"first","16":"instock","17":"shipping-taxable","18":"purchasable","19":"product-type-simple"},"jetpack_publicize_connections":[],"jetpack_sharing_enabled":true,"_links":{"self":[{"href":"https:\/\/geliurasa.lt\/index.php\/wp-json\/wp\/v2\/product\/35591","targetHints":{"allow":["GET"]}}],"collection":[{"href":"https:\/\/geliurasa.lt\/index.php\/wp-json\/wp\/v2\/product"}],"about":[{"href":"https:\/\/geliurasa.lt\/index.php\/wp-json\/wp\/v2\/types\/product"}],"replies":[{"embeddable":true,"href":"https:\/\/geliurasa.lt\/index.php\/wp-json\/wp\/v2\/comments?post=35591"}],"wp:featuredmedia":[{"embeddable":true,"href":"https:\/\/geliurasa.lt\/index.php\/wp-json\/wp\/v2\/media\/44093"}],"wp:attachment":[{"href":"https:\/\/geliurasa.lt\/index.php\/wp-json\/wp\/v2\/media?parent=35591"}],"wp:term":[{"taxonomy":"product_brand","embeddable":true,"href":"https:\/\/geliurasa.lt\/index.php\/wp-json\/wp\/v2\/product_brand?post=35591"},{"taxonomy":"product_cat","embeddable":true,"href":"https:\/\/geliurasa.lt\/index.php\/wp-json\/wp\/v2\/product_cat?post=35591"},{"taxonomy":"product_tag","embeddable":true,"href":"https:\/\/geliurasa.lt\/index.php\/wp-json\/wp\/v2\/product_tag?post=35591"}],"curies":[{"name":"wp","href":"https:\/\/api.w.org\/{rel}","templated":true}]}}