{"id":35595,"date":"2022-03-07T00:22:27","date_gmt":"2022-03-06T22:22:27","guid":{"rendered":"https:\/\/geliurasa.lt\/?post_type=product&#038;p=35595"},"modified":"2026-04-08T21:56:54","modified_gmt":"2026-04-08T18:56:54","slug":"didziaziede-gailiardija-kobolt","status":"publish","type":"product","link":"https:\/\/geliurasa.lt\/index.php\/produktas\/didziaziede-gailiardija-kobolt\/","title":{"rendered":"Did\u017eia\u017eied\u0117 gailiardija Kobolt"},"content":{"rendered":"<div class=\"ccvoYb\">\n<div class=\"AxqVh\">\n<div class=\"OPPzxe\">\n<div class=\"dePhmb\" aria-live=\"polite\">\n<div class=\"eyKpYb\" data-language=\"lt\" data-original-language=\"en\" data-result-index=\"0\">\n<div>Kobolt \u017eiedai ir centras raudoni, kra\u0161teliai geltoni.\u00a0 Gailiardijos yra i\u0161skirtinai ilgai \u017eydintis atsparus daugiametis augalas, \u017eydintis nuo vasaros vidurio iki pabaigos, turi dideles \u012f ramunes pana\u0161ias g\u0117les. \u017dydi taip gausiai, kad nesimato lap\u0173. Nubyr\u0117jus \u017eiedlapiams, pasirodo simpati\u0161ki burbulai, \u017eied\u0173 s\u0117klin\u0117s galvut\u0117s. Tiek \u017eiedai, tiek j\u0173 bumbulai tinkami skynimui. Klesti augdamos saul\u0117s atokaitoje ir sausesn\u0117je dirvoje. Gailiardijos trumpaam\u017eiai daugiame\u010diai augalai, gyvenantys nuo trej\u0173 iki penkeri\u0173 met\u0173, jei dirva n\u0117ra per dr\u0117gna ir gerai nusausinta.<\/div>\n<\/div>\n<\/div>\n<\/div>\n<\/div>\n<\/div>\n","protected":false},"excerpt":{"rendered":"<div>Gaillardia x grandiflora<\/div>\n<div><strong>Gamintojas:\u00a0<\/strong>Olandija<\/div>\n<div><strong>Grup\u0117:<\/strong> daugiamet\u0117<\/div>\n<div><strong>Kiekis pakelyje: <\/strong>0,2 g \u2248\u00a0 65 s\u0117klos<\/div>\n<div><strong>Auk\u0161tis cm:<\/strong> 30-45<\/div>\n<div><strong>S\u0117ti m\u0117n.: <\/strong>III -V<\/div>\n<div><strong>Vieta:<\/strong> saul\u0117ta<\/div>\n<div><strong>Dirva:<\/strong> dr\u0117gmei laidi, sausa<\/div>\n<div><strong>\u017diemojimo zona :<\/strong> 5a- 10b<\/div>\n<div>\n<p>&nbsp;<\/p>\n<\/div>\n","protected":false},"featured_media":39447,"comment_status":"open","ping_status":"closed","template":"","meta":{"jetpack_publicize_message":"","jetpack_publicize_feature_enabled":true,"jetpack_social_post_already_shared":true,"jetpack_social_options":{"image_generator_settings":{"template":"highway","default_image_id":0,"font":"","enabled":false},"version":2}},"product_brand":[],"product_cat":[126,42],"product_tag":[271,52,51],"class_list":{"0":"post-35595","1":"product","2":"type-product","3":"status-publish","4":"has-post-thumbnail","6":"product_cat-daugiameciu-geliu-seklos","7":"product_cat-seklos","8":"product_tag-gailiardija","9":"product_tag-seeds","10":"product_tag-seklos","11":"product_shipping_class-seklos","13":"first","14":"instock","15":"shipping-taxable","16":"purchasable","17":"product-type-simple"},"jetpack_publicize_connections":[],"jetpack_sharing_enabled":true,"_links":{"self":[{"href":"https:\/\/geliurasa.lt\/index.php\/wp-json\/wp\/v2\/product\/35595","targetHints":{"allow":["GET"]}}],"collection":[{"href":"https:\/\/geliurasa.lt\/index.php\/wp-json\/wp\/v2\/product"}],"about":[{"href":"https:\/\/geliurasa.lt\/index.php\/wp-json\/wp\/v2\/types\/product"}],"replies":[{"embeddable":true,"href":"https:\/\/geliurasa.lt\/index.php\/wp-json\/wp\/v2\/comments?post=35595"}],"wp:featuredmedia":[{"embeddable":true,"href":"https:\/\/geliurasa.lt\/index.php\/wp-json\/wp\/v2\/media\/39447"}],"wp:attachment":[{"href":"https:\/\/geliurasa.lt\/index.php\/wp-json\/wp\/v2\/media?parent=35595"}],"wp:term":[{"taxonomy":"product_brand","embeddable":true,"href":"https:\/\/geliurasa.lt\/index.php\/wp-json\/wp\/v2\/product_brand?post=35595"},{"taxonomy":"product_cat","embeddable":true,"href":"https:\/\/geliurasa.lt\/index.php\/wp-json\/wp\/v2\/product_cat?post=35595"},{"taxonomy":"product_tag","embeddable":true,"href":"https:\/\/geliurasa.lt\/index.php\/wp-json\/wp\/v2\/product_tag?post=35595"}],"curies":[{"name":"wp","href":"https:\/\/api.w.org\/{rel}","templated":true}]}}