{"id":35598,"date":"2022-03-07T15:51:20","date_gmt":"2022-03-07T13:51:20","guid":{"rendered":"https:\/\/geliurasa.lt\/?post_type=product&#038;p=35598"},"modified":"2026-03-31T18:40:37","modified_gmt":"2026-03-31T15:40:37","slug":"zunda-purple-sheen","status":"publish","type":"product","link":"https:\/\/geliurasa.lt\/index.php\/produktas\/zunda-purple-sheen\/","title":{"rendered":"Zunda Purple Sheen"},"content":{"rendered":"<p>Saus\u0173 viet\u0173 augalas. <span class=\"VIiyi\" lang=\"lt\"><span class=\"JLqJ4b ChMk0b\" data-language-for-alternatives=\"lt\" data-language-to-translate-into=\"la\" data-phrase-index=\"7\" data-number-of-phrases=\"10\">Nuostabus, egzoti\u0161kais ananaso formos \u00a0ry\u0161kiai violetiniais \u017eiedais ir su melsvai pilka lapija. Pla\u010diai pritaikomas floristikoje. Tikrai\u00a0 tokie ry\u0161k\u016bs \u017eiedai, spalva \u0161iek tiek varijuoja priklausomai nuo dr\u0117gm\u0117s kiekio lauke. D\u017eiovinti neprarado spalvos , mane jie su\u017eav\u0117jo.<\/span><\/span><\/p>\n<p>S\u0117klas galima s\u0117ti i\u0161tisus metus. Rekomenduojama stratifikuoti &#8211; dr\u0117gnas laikyti orui nelaid\u017eiame mai\u0161elyje \u0161aldytuve 2-4 savaites. Po to s\u0117ti \u012f dr\u0117gn\u0105 sm\u0117ling\u0105 kompost\u0105 vos u\u017edengiant, \u0161iltoje patalpoje. Dygimas yra nepastovus, nuo 5 iki 90 dien\u0173.<\/p>\n<p>&nbsp;<\/p>\n","protected":false},"excerpt":{"rendered":"<p class=\"LC20lb MBeuO DKV0Md\">Eryngium leavenworthii<\/p>\n<p>Gamintojas: Olandija<\/p>\n<p>Grup\u0117: vienmet\u0117<\/p>\n<p>Kiekis pakelyje:\u00a0 15 s\u0117kl\u0173<\/p>\n<p>Auk\u0161tis: 60 cm<\/p>\n<p>S\u0117ti m\u0117n.: III &#8211; IV<\/p>\n<p>Dirva: sausa, nusausinta<\/p>\n<p>Sodinimo vieta: saul\u0117ta, pusiau pav\u0117sis<\/p>\n<p>\u017diemos atsparumo zonos: Z4 \u2013 Z8<\/p>\n<p>Paskirtis:\u00a0 skynimui, d\u017eiovinimui<\/p>\n","protected":false},"featured_media":35601,"comment_status":"open","ping_status":"closed","template":"","meta":{"jetpack_publicize_message":"","jetpack_publicize_feature_enabled":true,"jetpack_social_post_already_shared":true,"jetpack_social_options":{"image_generator_settings":{"template":"highway","default_image_id":0,"font":"","enabled":false},"version":2}},"product_brand":[],"product_cat":[99,42,128,224],"product_tag":[52,51],"class_list":{"0":"post-35598","1":"product","2":"type-product","3":"status-publish","4":"has-post-thumbnail","6":"product_cat-naujos-prekes","7":"product_cat-seklos","8":"product_cat-vienmeciu-geliu-seklos","9":"product_cat-zundos","10":"product_tag-seeds","11":"product_tag-seklos","12":"product_shipping_class-seklos","14":"first","15":"instock","16":"shipping-taxable","17":"purchasable","18":"product-type-simple"},"jetpack_publicize_connections":[],"jetpack_sharing_enabled":true,"_links":{"self":[{"href":"https:\/\/geliurasa.lt\/index.php\/wp-json\/wp\/v2\/product\/35598","targetHints":{"allow":["GET"]}}],"collection":[{"href":"https:\/\/geliurasa.lt\/index.php\/wp-json\/wp\/v2\/product"}],"about":[{"href":"https:\/\/geliurasa.lt\/index.php\/wp-json\/wp\/v2\/types\/product"}],"replies":[{"embeddable":true,"href":"https:\/\/geliurasa.lt\/index.php\/wp-json\/wp\/v2\/comments?post=35598"}],"wp:featuredmedia":[{"embeddable":true,"href":"https:\/\/geliurasa.lt\/index.php\/wp-json\/wp\/v2\/media\/35601"}],"wp:attachment":[{"href":"https:\/\/geliurasa.lt\/index.php\/wp-json\/wp\/v2\/media?parent=35598"}],"wp:term":[{"taxonomy":"product_brand","embeddable":true,"href":"https:\/\/geliurasa.lt\/index.php\/wp-json\/wp\/v2\/product_brand?post=35598"},{"taxonomy":"product_cat","embeddable":true,"href":"https:\/\/geliurasa.lt\/index.php\/wp-json\/wp\/v2\/product_cat?post=35598"},{"taxonomy":"product_tag","embeddable":true,"href":"https:\/\/geliurasa.lt\/index.php\/wp-json\/wp\/v2\/product_tag?post=35598"}],"curies":[{"name":"wp","href":"https:\/\/api.w.org\/{rel}","templated":true}]}}