{"id":35607,"date":"2022-03-08T16:46:50","date_gmt":"2022-03-08T14:46:50","guid":{"rendered":"https:\/\/geliurasa.lt\/?post_type=product&#038;p=35607"},"modified":"2026-04-16T17:35:33","modified_gmt":"2026-04-16T14:35:33","slug":"kinmete-heather-queen","status":"publish","type":"product","link":"https:\/\/geliurasa.lt\/index.php\/produktas\/kinmete-heather-queen\/","title":{"rendered":"Kinm\u0117t\u0117 Heather Queen"},"content":{"rendered":"<p>Lengvai auginamas, sausrai atsparus, \u012fvairi\u0173 vabzd\u017ei\u0173 lankomas augalas. Kvapnus, tinkamas arbatoms ar pagardams. M\u0117gstamas ap\u017eeldintoj\u0173. Puikus skynimui.<\/p>\n<div class=\"info_group\">\n<div class=\"text\">\n<p>&nbsp;<\/p>\n<\/div>\n<\/div>\n","protected":false},"excerpt":{"rendered":"<p>Agastache cana<\/p>\n<p><strong>Gamintojas:<\/strong>\u00a0Olandija<\/p>\n<p><strong>Grup\u0117:<\/strong> daugiamet\u0117<\/p>\n<p><strong>Kiekis pakelyje:<\/strong>\u00a0 20 s\u0117kl\u0173<\/p>\n<p><strong>Auk\u0161tis:<\/strong> 85 cm<\/p>\n<p><strong>S\u0117ti m\u0117n.:<\/strong> III \u2013 IV<\/p>\n<p><strong>Dirva:<\/strong> sausa, nusausinta, derlinga<\/p>\n<p><strong>Sodinimo vieta:<\/strong>\u00a0saul\u0117ta, pusiau pav\u0117sis<\/p>\n<p><strong>Dygimo laikas:<\/strong> 7-21 diena<\/p>\n<p><strong>\u017diemos atsparumo zonos:<\/strong> Z6\u2013 Z9<\/p>\n<p>&nbsp;<\/p>\n","protected":false},"featured_media":35609,"comment_status":"open","ping_status":"closed","template":"","meta":{"jetpack_publicize_message":"","jetpack_publicize_feature_enabled":true,"jetpack_social_post_already_shared":true,"jetpack_social_options":{"image_generator_settings":{"template":"highway","default_image_id":0,"font":"","enabled":false},"version":2}},"product_brand":[],"product_cat":[126,237,42],"product_tag":[130,129,52,51],"class_list":{"0":"post-35607","1":"product","2":"type-product","3":"status-publish","4":"has-post-thumbnail","6":"product_cat-daugiameciu-geliu-seklos","7":"product_cat-kinmetes","8":"product_cat-seklos","9":"product_tag-agastache","10":"product_tag-kinmete","11":"product_tag-seeds","12":"product_tag-seklos","13":"product_shipping_class-seklos","15":"first","16":"instock","17":"shipping-taxable","18":"purchasable","19":"product-type-simple"},"jetpack_publicize_connections":[],"jetpack_sharing_enabled":true,"_links":{"self":[{"href":"https:\/\/geliurasa.lt\/index.php\/wp-json\/wp\/v2\/product\/35607","targetHints":{"allow":["GET"]}}],"collection":[{"href":"https:\/\/geliurasa.lt\/index.php\/wp-json\/wp\/v2\/product"}],"about":[{"href":"https:\/\/geliurasa.lt\/index.php\/wp-json\/wp\/v2\/types\/product"}],"replies":[{"embeddable":true,"href":"https:\/\/geliurasa.lt\/index.php\/wp-json\/wp\/v2\/comments?post=35607"}],"wp:featuredmedia":[{"embeddable":true,"href":"https:\/\/geliurasa.lt\/index.php\/wp-json\/wp\/v2\/media\/35609"}],"wp:attachment":[{"href":"https:\/\/geliurasa.lt\/index.php\/wp-json\/wp\/v2\/media?parent=35607"}],"wp:term":[{"taxonomy":"product_brand","embeddable":true,"href":"https:\/\/geliurasa.lt\/index.php\/wp-json\/wp\/v2\/product_brand?post=35607"},{"taxonomy":"product_cat","embeddable":true,"href":"https:\/\/geliurasa.lt\/index.php\/wp-json\/wp\/v2\/product_cat?post=35607"},{"taxonomy":"product_tag","embeddable":true,"href":"https:\/\/geliurasa.lt\/index.php\/wp-json\/wp\/v2\/product_tag?post=35607"}],"curies":[{"name":"wp","href":"https:\/\/api.w.org\/{rel}","templated":true}]}}