{"id":35618,"date":"2022-03-11T14:10:08","date_gmt":"2022-03-11T12:10:08","guid":{"rendered":"https:\/\/geliurasa.lt\/?post_type=product&#038;p=35618"},"modified":"2025-05-14T20:12:37","modified_gmt":"2025-05-14T17:12:37","slug":"kugine-naktiziede-balletje-balletje","status":"publish","type":"product","link":"https:\/\/geliurasa.lt\/index.php\/produktas\/kugine-naktiziede-balletje-balletje\/","title":{"rendered":"K\u016bgin\u0117 nakti\u017eied\u0117 &#8216;Balletje &#8211; Balletje&#8217;"},"content":{"rendered":"<p>Rausvi \u017eiedai yra u\u017edaro varpelio formos, bet Balletje &#8211; Balletje auginama d\u0117l prip\u016bst\u0173 kamuoliuk\u0173, o ne d\u0117l \u017eied\u0173. Pla\u010diai pritaikoma floristikoje \u012fvairiose kompozicijose. Puikiai atrodys ir nat\u016bralistin\u0117se pievel\u0117se.<\/p>\n<p>Nereiklus, lengvai auginamas augalas. Laukin\u0117 nakti\u017eied\u0117 nat\u016braliai auga kalkingoje, sm\u0117lingoje dirvoje. S\u0117klas s\u0117ti kovo-baland\u017eio m\u0117n. \u012f \u017eem\u0119 sumai\u0161yt\u0105 su sm\u0117liu ar vermikulitu (dvi dalys \u017eem\u0117s ir viena dalis sm\u0117lio ar vermikulito), vos u\u017eberiant s\u0117klas \u017eeme. Kol sudygs, palaikyti dr\u0117gm\u0119 (ne \u0161lapiai) naudojant augal\u0173 purk\u0161tuk\u0105. Daiginti 20 \u00baC\u00a0 temperat\u016broje. Daigus sodinti pra\u0117jus \u0161aln\u0173 pavojui. Taip pat su\u0161ilus \u017eemei galima s\u0117ti tiesiai \u012f dirv\u0105.<\/p>\n<p><strong>Asmenin\u0117 patirtis:<\/strong> s\u0117jau lauke \u012fprastai, gerai sudygo. Tik u\u017eaugo neauk\u0161tos, per sausa vasara buvo.<\/p>\n","protected":false},"excerpt":{"rendered":"<p>Silene conica<\/p>\n<p><strong>Gamintojas:<\/strong>\u00a0Olandija<\/p>\n<p><strong>Grup\u0117:<\/strong>\u00a0vienmet\u0117<\/p>\n<p><strong>Kiekis pakelyje: <\/strong>0,3 gr<\/p>\n<p><strong>Auk\u0161tis cm:<\/strong> 50-60<\/p>\n<p><strong>S\u0117jimo laikas:<\/strong>\u00a0lauke IV\u2013V<\/p>\n<p><strong>Sodinimo vieta:<\/strong> saul\u0117ta, pusiau pav\u0117sis<\/p>\n<p><strong>Dirva:<\/strong>\u00a0 neu\u017emirkusi, gerai nusausinta, sausa,<\/p>\n<p><strong>\u017dyd\u0117jimo laikas:<\/strong> VI &#8211; X<\/p>\n","protected":false},"featured_media":35841,"comment_status":"open","ping_status":"closed","template":"","meta":{"jetpack_publicize_message":"","jetpack_publicize_feature_enabled":true,"jetpack_social_post_already_shared":true,"jetpack_social_options":{"image_generator_settings":{"template":"highway","default_image_id":0,"font":"","enabled":false},"version":2}},"product_brand":[],"product_cat":[42,128],"product_tag":[52,51],"class_list":{"0":"post-35618","1":"product","2":"type-product","3":"status-publish","4":"has-post-thumbnail","6":"product_cat-seklos","7":"product_cat-vienmeciu-geliu-seklos","8":"product_tag-seeds","9":"product_tag-seklos","10":"product_shipping_class-seklos","12":"first","13":"instock","14":"shipping-taxable","15":"purchasable","16":"product-type-simple"},"jetpack_publicize_connections":[],"jetpack_sharing_enabled":true,"_links":{"self":[{"href":"https:\/\/geliurasa.lt\/index.php\/wp-json\/wp\/v2\/product\/35618","targetHints":{"allow":["GET"]}}],"collection":[{"href":"https:\/\/geliurasa.lt\/index.php\/wp-json\/wp\/v2\/product"}],"about":[{"href":"https:\/\/geliurasa.lt\/index.php\/wp-json\/wp\/v2\/types\/product"}],"replies":[{"embeddable":true,"href":"https:\/\/geliurasa.lt\/index.php\/wp-json\/wp\/v2\/comments?post=35618"}],"wp:featuredmedia":[{"embeddable":true,"href":"https:\/\/geliurasa.lt\/index.php\/wp-json\/wp\/v2\/media\/35841"}],"wp:attachment":[{"href":"https:\/\/geliurasa.lt\/index.php\/wp-json\/wp\/v2\/media?parent=35618"}],"wp:term":[{"taxonomy":"product_brand","embeddable":true,"href":"https:\/\/geliurasa.lt\/index.php\/wp-json\/wp\/v2\/product_brand?post=35618"},{"taxonomy":"product_cat","embeddable":true,"href":"https:\/\/geliurasa.lt\/index.php\/wp-json\/wp\/v2\/product_cat?post=35618"},{"taxonomy":"product_tag","embeddable":true,"href":"https:\/\/geliurasa.lt\/index.php\/wp-json\/wp\/v2\/product_tag?post=35618"}],"curies":[{"name":"wp","href":"https:\/\/api.w.org\/{rel}","templated":true}]}}