{"id":35631,"date":"2022-03-08T23:03:35","date_gmt":"2022-03-08T21:03:35","guid":{"rendered":"https:\/\/geliurasa.lt\/?post_type=product&#038;p=35631"},"modified":"2026-04-10T00:58:58","modified_gmt":"2026-04-09T21:58:58","slug":"raudonoji-zvaigzdune-snowmaiden-normal","status":"publish","type":"product","link":"https:\/\/geliurasa.lt\/index.php\/produktas\/raudonoji-zvaigzdune-snowmaiden-normal\/","title":{"rendered":"Raudonoji \u017evaig\u017ed\u016bn\u0117 Snowmaiden Normal"},"content":{"rendered":"<p><span class=\"VIiyi\" lang=\"lt\"><span class=\"JLqJ4b ChMk0b\" data-language-for-alternatives=\"lt\" data-language-to-translate-into=\"en\" data-phrase-index=\"0\" data-number-of-phrases=\"11\">Visi\u0161kai balti vidutinio dyd\u017eio \u017eiedai, tvirtais stiebais. <\/span><\/span><span class=\"VIiyi\" lang=\"lt\"><span class=\"JLqJ4b ChMk0b\" data-language-for-alternatives=\"lt\" data-language-to-translate-into=\"en\" data-phrase-index=\"0\" data-number-of-phrases=\"11\">Paprastai auginama, ilgai \u017eydinti,<span dir=\"auto\"> ir kuo daugiau nuskini, tuo daugiau formuoja \u017eied\u0173. S\u0117kl\u0173 d\u0117\u017eut\u0117s tinka d\u017eiovinti. Ruden\u012f galima pasirinkti s\u0117kl\u0173.<\/span><\/span><\/span><\/p>\n<p><span class=\"VIiyi\" lang=\"lt\"><span class=\"JLqJ4b ChMk0b\" data-language-for-alternatives=\"lt\" data-language-to-translate-into=\"en\" data-phrase-index=\"0\" data-number-of-phrases=\"11\">Dygimo laikas: 7-14 d. Dygsta prie 20\u00b0C. S\u0117ja pradedama kov\u0105, namie, arba\u00a0 lauke, kai leid\u017eia oro s\u0105lygos.\u00a0 Daigai i\u0161sodinami pra\u0117jus \u0161aln\u0173 pavojui.<\/span><\/span><\/p>\n<p>&nbsp;<\/p>\n","protected":false},"excerpt":{"rendered":"<p>Scabiosa atropurpurea<\/p>\n<p><strong>Gamintojas:<\/strong>\u00a0Olandija<\/p>\n<p><strong>Grup\u0117:<\/strong>\u00a0vienmet\u0117<\/p>\n<p><strong>Kiekis pakelyje:<\/strong>\u00a0 50 s\u0117kl\u0173<\/p>\n<p><strong>Auk\u0161tis cm:<\/strong>70- 90<\/p>\n<p><strong>S\u0117jimo laikas:<\/strong>\u00a0III-IV, lauke V<\/p>\n<p><strong>Sodinimo vieta:<\/strong> saul\u0117ta, pusiau pav\u0117sis<\/p>\n<p><strong>Dirva<\/strong><strong>:<\/strong> derlinga, neu\u017emirkusi, \u012fvairi<\/p>\n","protected":false},"featured_media":44434,"comment_status":"open","ping_status":"closed","template":"","meta":{"jetpack_publicize_message":"","jetpack_publicize_feature_enabled":true,"jetpack_social_post_already_shared":true,"jetpack_social_options":{"image_generator_settings":{"template":"highway","default_image_id":0,"font":"","enabled":false},"version":2}},"product_brand":[],"product_cat":[99,42,128,287],"product_tag":[52,51,178],"class_list":{"0":"post-35631","1":"product","2":"type-product","3":"status-publish","4":"has-post-thumbnail","6":"product_cat-naujos-prekes","7":"product_cat-seklos","8":"product_cat-vienmeciu-geliu-seklos","9":"product_cat-zvaigzdunes","10":"product_tag-seeds","11":"product_tag-seklos","12":"product_tag-zvaigzdune","13":"product_shipping_class-seklos","15":"first","16":"instock","17":"shipping-taxable","18":"purchasable","19":"product-type-simple"},"jetpack_publicize_connections":[],"jetpack_sharing_enabled":true,"_links":{"self":[{"href":"https:\/\/geliurasa.lt\/index.php\/wp-json\/wp\/v2\/product\/35631","targetHints":{"allow":["GET"]}}],"collection":[{"href":"https:\/\/geliurasa.lt\/index.php\/wp-json\/wp\/v2\/product"}],"about":[{"href":"https:\/\/geliurasa.lt\/index.php\/wp-json\/wp\/v2\/types\/product"}],"replies":[{"embeddable":true,"href":"https:\/\/geliurasa.lt\/index.php\/wp-json\/wp\/v2\/comments?post=35631"}],"wp:featuredmedia":[{"embeddable":true,"href":"https:\/\/geliurasa.lt\/index.php\/wp-json\/wp\/v2\/media\/44434"}],"wp:attachment":[{"href":"https:\/\/geliurasa.lt\/index.php\/wp-json\/wp\/v2\/media?parent=35631"}],"wp:term":[{"taxonomy":"product_brand","embeddable":true,"href":"https:\/\/geliurasa.lt\/index.php\/wp-json\/wp\/v2\/product_brand?post=35631"},{"taxonomy":"product_cat","embeddable":true,"href":"https:\/\/geliurasa.lt\/index.php\/wp-json\/wp\/v2\/product_cat?post=35631"},{"taxonomy":"product_tag","embeddable":true,"href":"https:\/\/geliurasa.lt\/index.php\/wp-json\/wp\/v2\/product_tag?post=35631"}],"curies":[{"name":"wp","href":"https:\/\/api.w.org\/{rel}","templated":true}]}}