{"id":35847,"date":"2022-03-11T19:46:06","date_gmt":"2022-03-11T17:46:06","guid":{"rendered":"https:\/\/geliurasa.lt\/?post_type=product&#038;p=35847"},"modified":"2026-04-16T07:12:17","modified_gmt":"2026-04-16T04:12:17","slug":"preriju-gvazdikas-pink-beauty-rosabella","status":"publish","type":"product","link":"https:\/\/geliurasa.lt\/index.php\/produktas\/preriju-gvazdikas-pink-beauty-rosabella\/","title":{"rendered":"Prerij\u0173 gvazdikas Pink Beauty (rosabella)"},"content":{"rendered":"<p>Ro\u017einiais \u017eiedais, gausiai \u0161akotas, orinis augalas. <span class=\"VIiyi\" lang=\"lt\"><span class=\"JLqJ4b ChMk0b\" data-language-for-alternatives=\"lt\" data-language-to-translate-into=\"en\" data-phrase-index=\"1\" data-number-of-phrases=\"3\"> Kiekvienas stiebas vir\u0161uje skyla \u012f daugyb\u0119 \u0161ak\u0173 su \u017eiedeliais, kurie sukuria erdvin\u012f vaizd\u0105. Atrodo kaip debesys, pl\u016bduriuojantys vir\u0161 augalo.<\/span> <\/span>\u00a0Puikiai u\u017epildo tarpus puok\u0161t\u0117se. S\u0117klos turi vaistini\u0173 savybi\u0173.Lengvai auginamas. <span class=\"VIiyi\" lang=\"lt\"><span class=\"JLqJ4b ChMk0b\" data-language-for-alternatives=\"lt\" data-language-to-translate-into=\"en\" data-phrase-index=\"5\" data-number-of-phrases=\"6\">S\u0117ti: nuo baland\u017eio iki bir\u017eelio tiesiai \u012f lauk\u0105, nem\u0117gsta persodinimo. Augalui reikia erdv\u0117s, tod\u0117l atstumas tarp augal\u0173 turi b\u016bti ne ma\u017eesnis kaip 20&#215;20 cm.<\/span><\/span><\/p>\n<p><span class=\"VIiyi\" lang=\"lt\"><span class=\"JLqJ4b ChMk0b\" data-language-for-alternatives=\"lt\" data-language-to-translate-into=\"en\" data-phrase-index=\"5\" data-number-of-phrases=\"6\">Asmenin\u0117 patirtis: m\u0117gsta dr\u0117gm\u0119, tada u\u017eauga auk\u0161tesni ir ve\u0161lesni. Geriausiai s\u0117ti per kelis kartus.<\/span><\/span><\/p>\n<p>&nbsp;<\/p>\n<p>&nbsp;<\/p>\n","protected":false},"excerpt":{"rendered":"<p>Vaccaria hispanica<\/p>\n<p><strong>Gamintojas:<\/strong>\u00a0Olandija<\/p>\n<p><strong>Grup\u0117:<\/strong>\u00a0vienmet\u0117<\/p>\n<p><strong>Kiekis pakelyje: <\/strong>1\u00a0g \u2248 280 s\u0117kl\u0173<\/p>\n<p><strong>Auk\u0161tis <\/strong><strong>cm :<\/strong> 50-60<\/p>\n<p><strong>S\u0117jimo laikas m\u0117n.:<\/strong>\u00a0 IV\u2013VI<\/p>\n<p><strong>Dirva: <\/strong>derlinga, neu\u017emirkusi<\/p>\n<p><strong>\u0160viesa:<\/strong>\u00a0saul\u0117ta, dalinis pav\u0117sis<\/p>\n","protected":false},"featured_media":37094,"comment_status":"open","ping_status":"closed","template":"","meta":{"jetpack_publicize_message":"","jetpack_publicize_feature_enabled":true,"jetpack_social_post_already_shared":true,"jetpack_social_options":{"image_generator_settings":{"template":"highway","default_image_id":0,"font":"","enabled":false},"version":2}},"product_brand":[],"product_cat":[42,128],"product_tag":[154,52,51],"class_list":{"0":"post-35847","1":"product","2":"type-product","3":"status-publish","4":"has-post-thumbnail","6":"product_cat-seklos","7":"product_cat-vienmeciu-geliu-seklos","8":"product_tag-gvazdikas","9":"product_tag-seeds","10":"product_tag-seklos","11":"product_shipping_class-seklos","13":"first","14":"instock","15":"shipping-taxable","16":"purchasable","17":"product-type-simple"},"jetpack_publicize_connections":[],"jetpack_sharing_enabled":true,"_links":{"self":[{"href":"https:\/\/geliurasa.lt\/index.php\/wp-json\/wp\/v2\/product\/35847","targetHints":{"allow":["GET"]}}],"collection":[{"href":"https:\/\/geliurasa.lt\/index.php\/wp-json\/wp\/v2\/product"}],"about":[{"href":"https:\/\/geliurasa.lt\/index.php\/wp-json\/wp\/v2\/types\/product"}],"replies":[{"embeddable":true,"href":"https:\/\/geliurasa.lt\/index.php\/wp-json\/wp\/v2\/comments?post=35847"}],"wp:featuredmedia":[{"embeddable":true,"href":"https:\/\/geliurasa.lt\/index.php\/wp-json\/wp\/v2\/media\/37094"}],"wp:attachment":[{"href":"https:\/\/geliurasa.lt\/index.php\/wp-json\/wp\/v2\/media?parent=35847"}],"wp:term":[{"taxonomy":"product_brand","embeddable":true,"href":"https:\/\/geliurasa.lt\/index.php\/wp-json\/wp\/v2\/product_brand?post=35847"},{"taxonomy":"product_cat","embeddable":true,"href":"https:\/\/geliurasa.lt\/index.php\/wp-json\/wp\/v2\/product_cat?post=35847"},{"taxonomy":"product_tag","embeddable":true,"href":"https:\/\/geliurasa.lt\/index.php\/wp-json\/wp\/v2\/product_tag?post=35847"}],"curies":[{"name":"wp","href":"https:\/\/api.w.org\/{rel}","templated":true}]}}