{"id":35852,"date":"2022-03-11T20:03:30","date_gmt":"2022-03-11T18:03:30","guid":{"rendered":"https:\/\/geliurasa.lt\/?post_type=product&#038;p=35852"},"modified":"2026-04-11T21:37:29","modified_gmt":"2026-04-11T18:37:29","slug":"preriju-gvazdikas-white-beauty","status":"publish","type":"product","link":"https:\/\/geliurasa.lt\/index.php\/produktas\/preriju-gvazdikas-white-beauty\/","title":{"rendered":"Prerij\u0173 gvazdikas White Beauty"},"content":{"rendered":"<p>Baltais \u017eiedais, gausiai \u0161akotas, orinis augalas. <span class=\"VIiyi\" lang=\"lt\"><span class=\"JLqJ4b ChMk0b\" data-language-for-alternatives=\"lt\" data-language-to-translate-into=\"en\" data-phrase-index=\"1\" data-number-of-phrases=\"3\">Kiekvienas stiebas vir\u0161uje skyla \u012f daugyb\u0119 \u0161ak\u0173 su \u017eiedeliais, kurie sukuria erdvin\u012f vaizd\u0105. Atrodo kaip debesys, pl\u016bduriuojantys vir\u0161 augalo.<\/span>\u00a0<\/span>\u00a0Puikiai u\u017epildo tarpus puok\u0161t\u0117se. S\u0117klos turi vaistini\u0173 savybi\u0173.<\/p>\n<p>Lengvai auginamas.\u00a0<span class=\"VIiyi\" lang=\"lt\"><span class=\"JLqJ4b ChMk0b\" data-language-for-alternatives=\"lt\" data-language-to-translate-into=\"en\" data-phrase-index=\"5\" data-number-of-phrases=\"6\">S\u0117ti: nuo baland\u017eio iki bir\u017eelio tiesiai \u012f lauk\u0105, nem\u0117gsta persodinimo. Augalui reikia erdv\u0117s, tod\u0117l atstumas tarp augal\u0173 turi b\u016bti ne ma\u017eesnis kaip 20\u00d720 cm.<\/span><\/span><\/p>\n","protected":false},"excerpt":{"rendered":"<p>Vaccaria hispanica<\/p>\n<p><strong>Gamintojas:<\/strong>\u00a0Olandija<\/p>\n<p><strong>Grup\u0117:<\/strong>\u00a0vienmet\u0117<\/p>\n<p><strong>Kiekis pakelyje: <\/strong>\u00a01 g \u2248 280 s\u0117kl\u0173<\/p>\n<p><strong>Auk\u0161tis\u00a0<\/strong><strong>cm :<\/strong>\u00a050-60<\/p>\n<p><strong>S\u0117jimo laikas m\u0117n.:<\/strong>\u00a0 IV\u2013VI<\/p>\n<p><strong>Dirva:\u00a0<\/strong>derlinga, neu\u017emirkusi<\/p>\n<p><strong>\u0160viesa:<\/strong>\u00a0saul\u0117ta, dalinis pav\u0117sis<\/p>\n","protected":false},"featured_media":35853,"comment_status":"open","ping_status":"closed","template":"","meta":{"jetpack_publicize_message":"","jetpack_publicize_feature_enabled":true,"jetpack_social_post_already_shared":true,"jetpack_social_options":{"image_generator_settings":{"template":"highway","default_image_id":0,"font":"","enabled":false},"version":2}},"product_brand":[],"product_cat":[42,128],"product_tag":[52,51],"class_list":{"0":"post-35852","1":"product","2":"type-product","3":"status-publish","4":"has-post-thumbnail","6":"product_cat-seklos","7":"product_cat-vienmeciu-geliu-seklos","8":"product_tag-seeds","9":"product_tag-seklos","10":"product_shipping_class-seklos","12":"first","13":"instock","14":"shipping-taxable","15":"purchasable","16":"product-type-simple"},"jetpack_publicize_connections":[],"jetpack_sharing_enabled":true,"_links":{"self":[{"href":"https:\/\/geliurasa.lt\/index.php\/wp-json\/wp\/v2\/product\/35852","targetHints":{"allow":["GET"]}}],"collection":[{"href":"https:\/\/geliurasa.lt\/index.php\/wp-json\/wp\/v2\/product"}],"about":[{"href":"https:\/\/geliurasa.lt\/index.php\/wp-json\/wp\/v2\/types\/product"}],"replies":[{"embeddable":true,"href":"https:\/\/geliurasa.lt\/index.php\/wp-json\/wp\/v2\/comments?post=35852"}],"wp:featuredmedia":[{"embeddable":true,"href":"https:\/\/geliurasa.lt\/index.php\/wp-json\/wp\/v2\/media\/35853"}],"wp:attachment":[{"href":"https:\/\/geliurasa.lt\/index.php\/wp-json\/wp\/v2\/media?parent=35852"}],"wp:term":[{"taxonomy":"product_brand","embeddable":true,"href":"https:\/\/geliurasa.lt\/index.php\/wp-json\/wp\/v2\/product_brand?post=35852"},{"taxonomy":"product_cat","embeddable":true,"href":"https:\/\/geliurasa.lt\/index.php\/wp-json\/wp\/v2\/product_cat?post=35852"},{"taxonomy":"product_tag","embeddable":true,"href":"https:\/\/geliurasa.lt\/index.php\/wp-json\/wp\/v2\/product_tag?post=35852"}],"curies":[{"name":"wp","href":"https:\/\/api.w.org\/{rel}","templated":true}]}}