{"id":36274,"date":"2022-03-19T13:06:29","date_gmt":"2022-03-19T11:06:29","guid":{"rendered":"https:\/\/geliurasa.lt\/?post_type=product&#038;p=36274"},"modified":"2026-04-01T20:18:20","modified_gmt":"2026-04-01T17:18:20","slug":"kininis-ratilis-bijuninis-king-size","status":"publish","type":"product","link":"https:\/\/geliurasa.lt\/index.php\/produktas\/kininis-ratilis-bijuninis-king-size\/","title":{"rendered":"Kininis ratilis (bij\u016bninis) King Size"},"content":{"rendered":"<div>Ypa\u010d auk\u0161ti, skynimui skirti bij\u016bniniai astrai. Kad b\u016bt\u0173 ties\u016bs kotai, rekomenduojamas ri\u0161imas ar tinklas. Ratiliai m\u0117gsta dr\u0117gm\u0119, norint u\u017esiauginti auk\u0161t\u0173 astr\u0173, juos vasar\u0105 b\u016btina laistyti.<\/div>\n<div><\/div>\n<div class=\"info_group\"><strong>Asmenin\u0117 patirtis<\/strong>:\u00a0 s\u0117ju baland\u012f \u012f d\u0117\u017eutes (namie), kai sudygsta laikau ne\u0161ildomam \u0161iltnam\u012f. Prie\u0161 s\u0117j\u0105 d\u0117\u017eutes, su dirva, nupilu verdan\u010diu vandeniu. Taip dezinfekuoju \u017eem\u0119. Dar \u012f \u0161ilt\u0105 \u017eem\u0119 s\u0117ju astrus ir u\u017epilu tik vermikulitu. Sudygsta per kelias dienas, laistau pagal poreik\u012f.<\/div>\n","protected":false},"excerpt":{"rendered":"<div>Callistephus chinensis, Aster<\/div>\n<div><strong>Gamintojas:<\/strong> Olandija<\/div>\n<div><strong>Grup\u0117:<\/strong>\u00a0Vienmet\u0117<\/div>\n<div><strong>Kiekis pakelyje:<\/strong>\u00a00,5 g<\/div>\n<div><strong>S\u0117ja:<\/strong> III-V<\/div>\n<div><strong>Auk\u0161tis cm:<\/strong> 100<\/div>\n","protected":false},"featured_media":42379,"comment_status":"open","ping_status":"closed","template":"","meta":{"jetpack_publicize_message":"","jetpack_publicize_feature_enabled":true,"jetpack_social_post_already_shared":true,"jetpack_social_options":{"image_generator_settings":{"template":"highway","default_image_id":0,"font":"","enabled":false},"version":2}},"product_brand":[],"product_cat":[136,99,128,42],"product_tag":[87,137,52,51,317],"class_list":{"0":"post-36274","1":"product","2":"type-product","3":"status-publish","4":"has-post-thumbnail","6":"product_cat-astrai-ratiliai","7":"product_cat-naujos-prekes","8":"product_cat-vienmeciu-geliu-seklos","9":"product_cat-seklos","10":"product_tag-aster","11":"product_tag-ratiliai","12":"product_tag-seeds","13":"product_tag-seklos","14":"product_tag-skynimas","15":"product_shipping_class-seklos","17":"first","18":"instock","19":"shipping-taxable","20":"purchasable","21":"product-type-variable"},"jetpack_publicize_connections":[],"jetpack_sharing_enabled":true,"_links":{"self":[{"href":"https:\/\/geliurasa.lt\/index.php\/wp-json\/wp\/v2\/product\/36274","targetHints":{"allow":["GET"]}}],"collection":[{"href":"https:\/\/geliurasa.lt\/index.php\/wp-json\/wp\/v2\/product"}],"about":[{"href":"https:\/\/geliurasa.lt\/index.php\/wp-json\/wp\/v2\/types\/product"}],"replies":[{"embeddable":true,"href":"https:\/\/geliurasa.lt\/index.php\/wp-json\/wp\/v2\/comments?post=36274"}],"wp:featuredmedia":[{"embeddable":true,"href":"https:\/\/geliurasa.lt\/index.php\/wp-json\/wp\/v2\/media\/42379"}],"wp:attachment":[{"href":"https:\/\/geliurasa.lt\/index.php\/wp-json\/wp\/v2\/media?parent=36274"}],"wp:term":[{"taxonomy":"product_brand","embeddable":true,"href":"https:\/\/geliurasa.lt\/index.php\/wp-json\/wp\/v2\/product_brand?post=36274"},{"taxonomy":"product_cat","embeddable":true,"href":"https:\/\/geliurasa.lt\/index.php\/wp-json\/wp\/v2\/product_cat?post=36274"},{"taxonomy":"product_tag","embeddable":true,"href":"https:\/\/geliurasa.lt\/index.php\/wp-json\/wp\/v2\/product_tag?post=36274"}],"curies":[{"name":"wp","href":"https:\/\/api.w.org\/{rel}","templated":true}]}}