{"id":36636,"date":"2022-12-26T22:54:15","date_gmt":"2022-12-26T20:54:15","guid":{"rendered":"https:\/\/geliurasa.lt\/?post_type=product&#038;p=36636"},"modified":"2026-03-22T16:02:48","modified_gmt":"2026-03-22T14:02:48","slug":"purpurinis-dobilas","status":"publish","type":"product","link":"https:\/\/geliurasa.lt\/index.php\/produktas\/purpurinis-dobilas\/","title":{"rendered":"Purpurinis dobilas Crimson Clover"},"content":{"rendered":"<p>\u0160is ry\u0161kus dobilas labai dekoratyvus. Dobil\u0173 j\u016bra pagyvins j\u016bs\u0173 g\u0117lyn\u0105. \u0160vie\u017ei \u017eiedai puo\u0161ia vasaros bei rudens puok\u0161tes, o d\u017eiovinti ilgai nepraranda spalvos.<\/p>\n<p>Taip pat \u0161is dobilas puiki \u017ealioji tr\u0105\u0161a. Praturtina dirvo\u017eem\u012f maistin\u0117mis med\u017eiagomis, ypa\u010d azotu. \u017diedai vilioja bites bei drugelius. Manoma, kad dobil\u0173 arbata gali prisid\u0117ti gerinant moters savijaut\u0105 menopauz\u0117s metu.<\/p>\n","protected":false},"excerpt":{"rendered":"<p>Trifolium incarnatum var. sativum<\/p>\n<p><strong>Gamintojas:<\/strong> Vokietija<\/p>\n<p><strong>Grup\u0117:<\/strong>\u00a0vienmet\u0117<\/p>\n<p><strong>Kiekis: <\/strong>10g<\/p>\n<p><strong>S\u0117jos gylis:<\/strong> 1-2 cm<\/p>\n<p><strong>S\u0117kl\u0173 skai\u010dius:<\/strong> 3-4 g\/m<sup>2<\/sup><\/p>\n<p><strong>Auk\u0161tis\u00a0<\/strong><strong>cm :<\/strong> 25-35 cm<\/p>\n<p><strong>S\u0117jimo laikas m\u0117n.:<\/strong> IV\u2013VII<\/p>\n<p><strong>Dirva:<\/strong> \u012fvairi<\/p>\n<p><strong>\u0160viesa:<\/strong> saul\u0117ta, pav\u0117sis<\/p>\n","protected":false},"featured_media":36637,"comment_status":"open","ping_status":"closed","template":"","meta":{"jetpack_publicize_message":"","jetpack_publicize_feature_enabled":true,"jetpack_social_post_already_shared":true,"jetpack_social_options":{"image_generator_settings":{"template":"highway","default_image_id":0,"font":"","enabled":false},"version":2}},"product_brand":[],"product_cat":[353,99,128,42],"product_tag":[98,97,52,51],"class_list":{"0":"post-36636","1":"product","2":"type-product","3":"status-publish","4":"has-post-thumbnail","6":"product_cat-ivairios","7":"product_cat-naujos-prekes","8":"product_cat-vienmeciu-geliu-seklos","9":"product_cat-seklos","10":"product_tag-clover","11":"product_tag-dobilas","12":"product_tag-seeds","13":"product_tag-seklos","14":"product_shipping_class-seklos","16":"first","17":"instock","18":"shipping-taxable","19":"purchasable","20":"product-type-simple"},"jetpack_publicize_connections":[],"jetpack_sharing_enabled":true,"_links":{"self":[{"href":"https:\/\/geliurasa.lt\/index.php\/wp-json\/wp\/v2\/product\/36636","targetHints":{"allow":["GET"]}}],"collection":[{"href":"https:\/\/geliurasa.lt\/index.php\/wp-json\/wp\/v2\/product"}],"about":[{"href":"https:\/\/geliurasa.lt\/index.php\/wp-json\/wp\/v2\/types\/product"}],"replies":[{"embeddable":true,"href":"https:\/\/geliurasa.lt\/index.php\/wp-json\/wp\/v2\/comments?post=36636"}],"wp:featuredmedia":[{"embeddable":true,"href":"https:\/\/geliurasa.lt\/index.php\/wp-json\/wp\/v2\/media\/36637"}],"wp:attachment":[{"href":"https:\/\/geliurasa.lt\/index.php\/wp-json\/wp\/v2\/media?parent=36636"}],"wp:term":[{"taxonomy":"product_brand","embeddable":true,"href":"https:\/\/geliurasa.lt\/index.php\/wp-json\/wp\/v2\/product_brand?post=36636"},{"taxonomy":"product_cat","embeddable":true,"href":"https:\/\/geliurasa.lt\/index.php\/wp-json\/wp\/v2\/product_cat?post=36636"},{"taxonomy":"product_tag","embeddable":true,"href":"https:\/\/geliurasa.lt\/index.php\/wp-json\/wp\/v2\/product_tag?post=36636"}],"curies":[{"name":"wp","href":"https:\/\/api.w.org\/{rel}","templated":true}]}}