{"id":36660,"date":"2023-01-02T19:04:52","date_gmt":"2023-01-02T17:04:52","guid":{"rendered":"https:\/\/geliurasa.lt\/?post_type=product&#038;p=36660"},"modified":"2026-03-30T20:37:59","modified_gmt":"2026-03-30T17:37:59","slug":"sluotinis-burnotis-hot-biscuits","status":"publish","type":"product","link":"https:\/\/geliurasa.lt\/index.php\/produktas\/sluotinis-burnotis-hot-biscuits\/","title":{"rendered":"\u0160luotinis burnotis Hot Biscuits"},"content":{"rendered":"<p>Rudai oran\u017ein\u0117s spalvos \u0161luotel\u0117s, ypa\u010d gra\u017eios rudenin\u0117se puok\u0161t\u0117se, floristikos kompozicijose. S\u0117jama pra\u0117jus \u0161aln\u0173 pavojui. S\u0117klas galima s\u0117ti tiesiai \u012f auginimo viet\u0105, paskui i\u0161retinama. Dirvo\u017eemiui nereiklus augalas.<\/p>\n<p>S\u0117klos naudojamos maistui, ypa\u010d tinkamos mikro daigeli\u0173 daiginimui.<\/p>\n","protected":false},"excerpt":{"rendered":"<div>Amaranthus cruentus<\/div>\n<div><strong>Gamintojas: <\/strong>Olandija<\/div>\n<div><strong>Grup\u0117:<\/strong> Vienmet\u0117 &#8211; sausa\u017eied\u0117<\/div>\n<div><strong>Kiekis pakelyje:<\/strong>\u00a00,5 g \u2248 500 s\u0117kl\u0173<\/div>\n<div><strong>Auk\u0161tis cm:<\/strong> 120<\/div>\n<div><strong>S\u0117ti m\u0117n.:<\/strong> III , lauke IV-V<\/div>\n","protected":false},"featured_media":36661,"comment_status":"open","ping_status":"closed","template":"","meta":{"jetpack_publicize_message":"","jetpack_publicize_feature_enabled":true,"jetpack_social_post_already_shared":false,"jetpack_social_options":{"image_generator_settings":{"template":"highway","default_image_id":0,"font":"","enabled":false},"version":2}},"product_brand":[],"product_cat":[102,99,128,42],"product_tag":[104,103,52,51],"class_list":{"0":"post-36660","1":"product","2":"type-product","3":"status-publish","4":"has-post-thumbnail","6":"product_cat-burnotis","7":"product_cat-naujos-prekes","8":"product_cat-vienmeciu-geliu-seklos","9":"product_cat-seklos","10":"product_tag-amaranthus","11":"product_tag-burnotis","12":"product_tag-seeds","13":"product_tag-seklos","14":"product_shipping_class-seklos","16":"first","17":"instock","18":"shipping-taxable","19":"purchasable","20":"product-type-simple"},"jetpack_publicize_connections":[],"jetpack_sharing_enabled":true,"_links":{"self":[{"href":"https:\/\/geliurasa.lt\/index.php\/wp-json\/wp\/v2\/product\/36660","targetHints":{"allow":["GET"]}}],"collection":[{"href":"https:\/\/geliurasa.lt\/index.php\/wp-json\/wp\/v2\/product"}],"about":[{"href":"https:\/\/geliurasa.lt\/index.php\/wp-json\/wp\/v2\/types\/product"}],"replies":[{"embeddable":true,"href":"https:\/\/geliurasa.lt\/index.php\/wp-json\/wp\/v2\/comments?post=36660"}],"wp:featuredmedia":[{"embeddable":true,"href":"https:\/\/geliurasa.lt\/index.php\/wp-json\/wp\/v2\/media\/36661"}],"wp:attachment":[{"href":"https:\/\/geliurasa.lt\/index.php\/wp-json\/wp\/v2\/media?parent=36660"}],"wp:term":[{"taxonomy":"product_brand","embeddable":true,"href":"https:\/\/geliurasa.lt\/index.php\/wp-json\/wp\/v2\/product_brand?post=36660"},{"taxonomy":"product_cat","embeddable":true,"href":"https:\/\/geliurasa.lt\/index.php\/wp-json\/wp\/v2\/product_cat?post=36660"},{"taxonomy":"product_tag","embeddable":true,"href":"https:\/\/geliurasa.lt\/index.php\/wp-json\/wp\/v2\/product_tag?post=36660"}],"curies":[{"name":"wp","href":"https:\/\/api.w.org\/{rel}","templated":true}]}}