{"id":36699,"date":"2023-01-04T12:58:25","date_gmt":"2023-01-04T10:58:25","guid":{"rendered":"https:\/\/geliurasa.lt\/?post_type=product&#038;p=36699"},"modified":"2026-04-03T08:35:43","modified_gmt":"2026-04-03T05:35:43","slug":"tikroji-saulegraza-f1-procutwhite-lite","status":"publish","type":"product","link":"https:\/\/geliurasa.lt\/index.php\/produktas\/tikroji-saulegraza-f1-procutwhite-lite\/","title":{"rendered":"Tikroji saul\u0117gr\u0105\u017ea F1 ProCut\u00aeWhite Lite"},"content":{"rendered":"<p>Procut\u00ae White Lite \u017eiedai labai gra\u017e\u016bs,\u00a0 kremi\u0161kai gelsvi su \u017ealsvu viduriu, 10-15 cm skersmens. \u0160ios serijos saul\u0117gr\u0105\u017eos turi tvirt\u0105, nesi\u0161akojant\u012f stieb\u0105. \u012esp\u016bdingos vienos pamerktos, bei labai dera tarp kit\u0173 g\u0117li\u0173 puok\u0161t\u0117se. \u017diedai vazoje ilgiausiai laikosi, kai skinami vos besiskleid\u017eiantys. Floristai pam\u0117go \u0161ias prabangias saul\u0117gr\u0105\u017eas. Ypa\u010d gra\u017eios vestuvin\u0117s puok\u0161t\u0117s.<\/p>\n<p><span class=\"jCAhz ChMk0b\"><span class=\"ryNqvb\">Nor\u0117dami \u0161iek tiek ilgiau m\u0117gautis saul\u0117gr\u0105\u017eomis, galima pasirinkti s\u0117ti etapais. Pas\u0117jus<\/span><\/span> p<span class=\"jCAhz ChMk0b\"><span class=\"ryNqvb\">irm\u0105 kart\u0105, antr\u0105 kart\u0105 galima s\u0117ti po 1-2 savai\u010di\u0173.<\/span><\/span> <span class=\"jCAhz ChMk0b\"><span class=\"ryNqvb\">Taip u\u017etikrinama, kad g\u0117l\u0117s \u017eyd\u0117s ne vienu metu.<\/span><\/span> Saul\u0117gr\u0105\u017eos \u0161ilumos m\u0117g\u0117jos, patariama, s\u0117j\u0105 lauke prad\u0117ti\u00a0 gegu\u017e\u0119, kai \u017eem\u0117 jau gerai \u012f\u0161ilusi, o baigti<span class=\"jCAhz ChMk0b\"><span class=\"ryNqvb\">\u00a0s\u0117ti iki bir\u017eelio <\/span><\/span>\u00a0pabaigos. Galima tur\u0117ti \u012fvairaus dyd\u017eio \u017eied\u0173 ir ma\u017eesni\u0173, ir didesni\u0173. Tereikia saul\u0117gr\u0105\u017eas\u00a0 s\u0117ti tankiau\u00a0 arba re\u010diau, tarpai\u00a0 gali b\u016bti 10-20-30-40 cm. Lengvai prigyja pasodintos i\u0161 daig\u0173.<\/p>\n<p>&nbsp;<\/p>\n","protected":false},"excerpt":{"rendered":"<div>Helianthus annuus<\/div>\n<div><strong>Gamintojas:\u00a0<\/strong>Olandija<\/div>\n<div><strong>Grup\u0117:<\/strong> vienmet\u0117<\/div>\n<div><strong>Kiekis pakelyje: <\/strong>10 s\u0117kl\u0173<\/div>\n<div><strong>Auk\u0161tis cm:<\/strong> 150-180<\/div>\n<div><strong>S\u0117ti m\u0117n.:<\/strong> V\u2013VI lauke<\/div>\n<div><strong>Vieta:<\/strong> saul\u0117ta, dalinis pav\u0117sis<\/div>\n<div><strong>Dirva:<\/strong> neutrali<\/div>\n<div>\n<p>&nbsp;<\/p>\n<\/div>\n","protected":false},"featured_media":39435,"comment_status":"open","ping_status":"closed","template":"","meta":{"jetpack_publicize_message":"","jetpack_publicize_feature_enabled":true,"jetpack_social_post_already_shared":true,"jetpack_social_options":{"image_generator_settings":{"template":"highway","default_image_id":0,"font":"","enabled":false},"version":2}},"product_brand":[],"product_cat":[100,128,42],"product_tag":[96,95,52,51],"class_list":{"0":"post-36699","1":"product","2":"type-product","3":"status-publish","4":"has-post-thumbnail","6":"product_cat-saulegrazos","7":"product_cat-vienmeciu-geliu-seklos","8":"product_cat-seklos","9":"product_tag-helianthus","10":"product_tag-saulegraza","11":"product_tag-seeds","12":"product_tag-seklos","13":"product_shipping_class-seklos","15":"first","16":"instock","17":"shipping-taxable","18":"purchasable","19":"product-type-simple"},"jetpack_publicize_connections":[],"jetpack_sharing_enabled":true,"_links":{"self":[{"href":"https:\/\/geliurasa.lt\/index.php\/wp-json\/wp\/v2\/product\/36699","targetHints":{"allow":["GET"]}}],"collection":[{"href":"https:\/\/geliurasa.lt\/index.php\/wp-json\/wp\/v2\/product"}],"about":[{"href":"https:\/\/geliurasa.lt\/index.php\/wp-json\/wp\/v2\/types\/product"}],"replies":[{"embeddable":true,"href":"https:\/\/geliurasa.lt\/index.php\/wp-json\/wp\/v2\/comments?post=36699"}],"wp:featuredmedia":[{"embeddable":true,"href":"https:\/\/geliurasa.lt\/index.php\/wp-json\/wp\/v2\/media\/39435"}],"wp:attachment":[{"href":"https:\/\/geliurasa.lt\/index.php\/wp-json\/wp\/v2\/media?parent=36699"}],"wp:term":[{"taxonomy":"product_brand","embeddable":true,"href":"https:\/\/geliurasa.lt\/index.php\/wp-json\/wp\/v2\/product_brand?post=36699"},{"taxonomy":"product_cat","embeddable":true,"href":"https:\/\/geliurasa.lt\/index.php\/wp-json\/wp\/v2\/product_cat?post=36699"},{"taxonomy":"product_tag","embeddable":true,"href":"https:\/\/geliurasa.lt\/index.php\/wp-json\/wp\/v2\/product_tag?post=36699"}],"curies":[{"name":"wp","href":"https:\/\/api.w.org\/{rel}","templated":true}]}}