{"id":36716,"date":"2023-01-08T14:03:04","date_gmt":"2023-01-08T12:03:04","guid":{"rendered":"https:\/\/geliurasa.lt\/?post_type=product&#038;p=36716"},"modified":"2026-03-22T16:02:49","modified_gmt":"2026-03-22T14:02:49","slug":"tikroji-saulegraza-f1-procutwhite-nite","status":"publish","type":"product","link":"https:\/\/geliurasa.lt\/index.php\/produktas\/tikroji-saulegraza-f1-procutwhite-nite\/","title":{"rendered":"Tikroji saul\u0117gr\u0105\u017ea F1 ProCut\u00aeWhite Nite"},"content":{"rendered":"<p>Tai viena i\u0161 amerikie\u010di\u0173 selekcininko Tomo Heatono sukurt\u0173 ProCut\u00aeserijos, skirt\u0173 skynimui, saul\u0117gr\u0105\u017e\u0173. Procut\u00ae White Nite \u017eiedai labai \u017eavingi, beveik balti su juodu viduriu. \u017diedo skersmuo 10-15 cm. \u0160ios serijos saul\u0117gr\u0105\u017eos turi tvirt\u0105, nesi\u0161akojant\u012f stieb\u0105. \u012esp\u016bdingos vienos pamerktos, bei labai dera tarp kit\u0173 g\u0117li\u0173 puok\u0161t\u0117se. \u017diedai vazoje ilgiausiai laikosi, kai skinami vos besiskleid\u017eiantys.<\/p>\n<p><span class=\"jCAhz ChMk0b\"><span class=\"ryNqvb\">Nor\u0117dami \u0161iek tiek ilgiau m\u0117gautis saul\u0117gr\u0105\u017eomis, galima pasirinkti s\u0117ti etapais. Pas\u0117jus<\/span><\/span> p<span class=\"jCAhz ChMk0b\"><span class=\"ryNqvb\">irm\u0105 kart\u0105, antr\u0105 kart\u0105 galima s\u0117ti po 1-2 savai\u010di\u0173.<\/span><\/span> <span class=\"jCAhz ChMk0b\"><span class=\"ryNqvb\">Taip u\u017etikrinama, kad g\u0117l\u0117s \u017eyd\u0117s ne vienu metu.<\/span><\/span> Saul\u0117gr\u0105\u017eos \u0161ilumos m\u0117g\u0117jos, patariama, s\u0117j\u0105 lauke prad\u0117ti\u00a0 gegu\u017e\u0119, kai \u017eem\u0117 jau gerai \u012f\u0161ilusi, o baigti<span class=\"jCAhz ChMk0b\"><span class=\"ryNqvb\">\u00a0s\u0117ti iki bir\u017eelio <\/span><\/span>\u00a0pabaigos. Galima tur\u0117ti \u012fvairaus dyd\u017eio \u017eied\u0173 ir ma\u017eesni\u0173, ir didesni\u0173. Tereikia saul\u0117gr\u0105\u017eas\u00a0 s\u0117ti tankiau\u00a0 arba re\u010diau, tarpai\u00a0 gali b\u016bti 10-20-30-40 cm.<\/p>\n<p>Saul\u0117gr\u0105\u017e\u0173 s\u0117klas reikia saugoti ne tik nuo \u0161al\u010dio, bet ir nuo peli\u0173 bei pauk\u0161\u010di\u0173, nes jie\u00a0 jas m\u0117gsta.<\/p>\n","protected":false},"excerpt":{"rendered":"<p>Helianthus annuus<\/p>\n<p><strong>Gamintojas:<\/strong> Olandija<\/p>\n<p><strong>Grup\u0117:<\/strong>\u00a0vienmet\u0117<\/p>\n<p><strong>Kiekis: <\/strong>10 s\u0117kl\u0173<\/p>\n<p><strong>Auk\u0161tis\u00a0<\/strong><strong>cm :<\/strong> \u00a0150-180 cm<\/p>\n<p><strong>S\u0117jimo laikas m\u0117n.:<\/strong>\u00a0 V\u2013VI, lauke<\/p>\n<p><strong>Dirva:\u00a0<\/strong>derlinga, neu\u017emirkusi<\/p>\n<p><strong>Vieta:<\/strong> saul\u0117ta<\/p>\n","protected":false},"featured_media":39437,"comment_status":"open","ping_status":"closed","template":"","meta":{"jetpack_publicize_message":"","jetpack_publicize_feature_enabled":true,"jetpack_social_post_already_shared":true,"jetpack_social_options":{"image_generator_settings":{"template":"highway","default_image_id":0,"font":"","enabled":false},"version":2}},"product_brand":[],"product_cat":[99,100,128,42],"product_tag":[96,95,52,51],"class_list":{"0":"post-36716","1":"product","2":"type-product","3":"status-publish","4":"has-post-thumbnail","6":"product_cat-naujos-prekes","7":"product_cat-saulegrazos","8":"product_cat-vienmeciu-geliu-seklos","9":"product_cat-seklos","10":"product_tag-helianthus","11":"product_tag-saulegraza","12":"product_tag-seeds","13":"product_tag-seklos","14":"product_shipping_class-seklos","16":"first","17":"instock","18":"shipping-taxable","19":"purchasable","20":"product-type-simple"},"jetpack_publicize_connections":[],"jetpack_sharing_enabled":true,"_links":{"self":[{"href":"https:\/\/geliurasa.lt\/index.php\/wp-json\/wp\/v2\/product\/36716","targetHints":{"allow":["GET"]}}],"collection":[{"href":"https:\/\/geliurasa.lt\/index.php\/wp-json\/wp\/v2\/product"}],"about":[{"href":"https:\/\/geliurasa.lt\/index.php\/wp-json\/wp\/v2\/types\/product"}],"replies":[{"embeddable":true,"href":"https:\/\/geliurasa.lt\/index.php\/wp-json\/wp\/v2\/comments?post=36716"}],"wp:featuredmedia":[{"embeddable":true,"href":"https:\/\/geliurasa.lt\/index.php\/wp-json\/wp\/v2\/media\/39437"}],"wp:attachment":[{"href":"https:\/\/geliurasa.lt\/index.php\/wp-json\/wp\/v2\/media?parent=36716"}],"wp:term":[{"taxonomy":"product_brand","embeddable":true,"href":"https:\/\/geliurasa.lt\/index.php\/wp-json\/wp\/v2\/product_brand?post=36716"},{"taxonomy":"product_cat","embeddable":true,"href":"https:\/\/geliurasa.lt\/index.php\/wp-json\/wp\/v2\/product_cat?post=36716"},{"taxonomy":"product_tag","embeddable":true,"href":"https:\/\/geliurasa.lt\/index.php\/wp-json\/wp\/v2\/product_tag?post=36716"}],"curies":[{"name":"wp","href":"https:\/\/api.w.org\/{rel}","templated":true}]}}