{"id":36721,"date":"2023-01-08T16:42:26","date_gmt":"2023-01-08T14:42:26","guid":{"rendered":"https:\/\/geliurasa.lt\/?post_type=product&#038;p=36721"},"modified":"2026-04-25T16:49:39","modified_gmt":"2026-04-25T13:49:39","slug":"burnotis-early-splendor","status":"publish","type":"product","link":"https:\/\/geliurasa.lt\/index.php\/produktas\/burnotis-early-splendor\/","title":{"rendered":"Burnotis Early Splendor"},"content":{"rendered":"<p>Early Splendor lapai yra dviej\u0173 spalv\u0173, vir\u0161uje ry\u0161kiai karminiai su raudonu atspalviu, o apa\u010dioje bakla\u017eano spalvos. Pastebimas ir i\u0161 tolo matomas. Pakantus sausrai, bet gav\u0119s vandens dar labiau i\u0161ry\u0161k\u0117ja.<\/p>\n<p><strong>Asmenin\u0117 patirtis:<\/strong> ypatingai ry\u0161kus ir i\u0161siskiriantis burnotis. Gra\u017eus vienas pats, bet puikiai dera ir prie kit\u0173 augal\u0173. Nuskintam reikia daug vandens, per sausr\u0105 neverta skinti, vysta.<\/p>\n","protected":false},"excerpt":{"rendered":"<div>Amaranthus\u00a0<span class=\"hl_product_species\">tricolor<\/span><\/div>\n<div><strong>Gamintojas: <\/strong>Olandija<\/div>\n<div><strong>Grup\u0117:<\/strong> Vienmet\u0117<\/div>\n<div><strong>Kiekis pakelyje:<\/strong> 20 s\u0117kl\u0173<\/div>\n<div><strong>Auk\u0161tis cm:<\/strong> 60-100<\/div>\n<div><strong>S\u0117ti m\u0117n.:<\/strong> IV-V<\/div>\n","protected":false},"featured_media":38599,"comment_status":"open","ping_status":"closed","template":"","meta":{"jetpack_publicize_message":"","jetpack_publicize_feature_enabled":true,"jetpack_social_post_already_shared":false,"jetpack_social_options":{"image_generator_settings":{"template":"highway","default_image_id":0,"font":"","enabled":false},"version":2}},"product_brand":[],"product_cat":[102,99,42,128],"product_tag":[104,103,52,51],"class_list":{"0":"post-36721","1":"product","2":"type-product","3":"status-publish","4":"has-post-thumbnail","6":"product_cat-burnotis","7":"product_cat-naujos-prekes","8":"product_cat-seklos","9":"product_cat-vienmeciu-geliu-seklos","10":"product_tag-amaranthus","11":"product_tag-burnotis","12":"product_tag-seeds","13":"product_tag-seklos","14":"product_shipping_class-seklos","16":"first","17":"instock","18":"shipping-taxable","19":"purchasable","20":"product-type-simple"},"jetpack_publicize_connections":[],"jetpack_sharing_enabled":true,"_links":{"self":[{"href":"https:\/\/geliurasa.lt\/index.php\/wp-json\/wp\/v2\/product\/36721","targetHints":{"allow":["GET"]}}],"collection":[{"href":"https:\/\/geliurasa.lt\/index.php\/wp-json\/wp\/v2\/product"}],"about":[{"href":"https:\/\/geliurasa.lt\/index.php\/wp-json\/wp\/v2\/types\/product"}],"replies":[{"embeddable":true,"href":"https:\/\/geliurasa.lt\/index.php\/wp-json\/wp\/v2\/comments?post=36721"}],"wp:featuredmedia":[{"embeddable":true,"href":"https:\/\/geliurasa.lt\/index.php\/wp-json\/wp\/v2\/media\/38599"}],"wp:attachment":[{"href":"https:\/\/geliurasa.lt\/index.php\/wp-json\/wp\/v2\/media?parent=36721"}],"wp:term":[{"taxonomy":"product_brand","embeddable":true,"href":"https:\/\/geliurasa.lt\/index.php\/wp-json\/wp\/v2\/product_brand?post=36721"},{"taxonomy":"product_cat","embeddable":true,"href":"https:\/\/geliurasa.lt\/index.php\/wp-json\/wp\/v2\/product_cat?post=36721"},{"taxonomy":"product_tag","embeddable":true,"href":"https:\/\/geliurasa.lt\/index.php\/wp-json\/wp\/v2\/product_tag?post=36721"}],"curies":[{"name":"wp","href":"https:\/\/api.w.org\/{rel}","templated":true}]}}