{"id":36746,"date":"2023-01-11T23:50:45","date_gmt":"2023-01-11T21:50:45","guid":{"rendered":"https:\/\/geliurasa.lt\/?post_type=product&#038;p=36746"},"modified":"2026-03-13T23:54:24","modified_gmt":"2026-03-13T21:54:24","slug":"vaistine-medetka-orange-flash","status":"publish","type":"product","link":"https:\/\/geliurasa.lt\/index.php\/produktas\/vaistine-medetka-orange-flash\/","title":{"rendered":"Vaistin\u0117 medetka Orange Flash"},"content":{"rendered":"<p>Medetkos intensyviai \u017eydi nuo pavasario iki rudenini\u0173 \u0161aln\u0173. J\u0173 \u017eiedlapiai naudojami\u00a0 maistui \u0161vie\u017ei ar d\u017eiovinti. Orange Flash veisl\u0117s \u017eied\u0173 spalva persikin\u0117 su vario atspalviu, o centras bronzinis. I\u0161skirtin\u0117s spalvos medetka labai tinkama puok\u0161t\u0117ms.<\/p>\n<p><strong>Asmenin\u0117 patirtis:<\/strong> medetkos (skinamos vos i\u0161siskleidusios), vazoje laikosi\u00a0 2-4 dienas. Ilgiau laikosi pilnavidur\u0117s ir medetkos su pla\u010diu centru.<\/p>\n<p>&nbsp;<\/p>\n","protected":false},"excerpt":{"rendered":"<div>Calendula officinalis<\/div>\n<div><strong>Gamintojas:\u00a0<\/strong>Olandija<\/div>\n<div><strong>Grup\u0117:<\/strong>\u00a0Vienmet\u0117<\/div>\n<div><strong>Kiekis pakelyje:<\/strong> 1g<\/div>\n<div><strong>Auk\u0161tis cm: <\/strong>60<\/div>\n<div><strong>S\u0117ti m\u0117n.:<\/strong> IV-V<\/div>\n<div><strong>Vieta:<\/strong> saul\u0117ta<\/div>\n","protected":false},"featured_media":36747,"comment_status":"open","ping_status":"closed","template":"","meta":{"jetpack_publicize_message":"","jetpack_publicize_feature_enabled":true,"jetpack_social_post_already_shared":false,"jetpack_social_options":{"image_generator_settings":{"template":"highway","default_image_id":0,"font":"","enabled":false},"version":2}},"product_brand":[],"product_cat":[111,128,42],"product_tag":[110,109,52,51],"class_list":{"0":"post-36746","1":"product","2":"type-product","3":"status-publish","4":"has-post-thumbnail","6":"product_cat-medetkos","7":"product_cat-vienmeciu-geliu-seklos","8":"product_cat-seklos","9":"product_tag-calendula","10":"product_tag-medetka","11":"product_tag-seeds","12":"product_tag-seklos","13":"product_shipping_class-seklos","15":"first","16":"instock","17":"shipping-taxable","18":"purchasable","19":"product-type-simple"},"jetpack_publicize_connections":[],"jetpack_sharing_enabled":true,"_links":{"self":[{"href":"https:\/\/geliurasa.lt\/index.php\/wp-json\/wp\/v2\/product\/36746","targetHints":{"allow":["GET"]}}],"collection":[{"href":"https:\/\/geliurasa.lt\/index.php\/wp-json\/wp\/v2\/product"}],"about":[{"href":"https:\/\/geliurasa.lt\/index.php\/wp-json\/wp\/v2\/types\/product"}],"replies":[{"embeddable":true,"href":"https:\/\/geliurasa.lt\/index.php\/wp-json\/wp\/v2\/comments?post=36746"}],"wp:featuredmedia":[{"embeddable":true,"href":"https:\/\/geliurasa.lt\/index.php\/wp-json\/wp\/v2\/media\/36747"}],"wp:attachment":[{"href":"https:\/\/geliurasa.lt\/index.php\/wp-json\/wp\/v2\/media?parent=36746"}],"wp:term":[{"taxonomy":"product_brand","embeddable":true,"href":"https:\/\/geliurasa.lt\/index.php\/wp-json\/wp\/v2\/product_brand?post=36746"},{"taxonomy":"product_cat","embeddable":true,"href":"https:\/\/geliurasa.lt\/index.php\/wp-json\/wp\/v2\/product_cat?post=36746"},{"taxonomy":"product_tag","embeddable":true,"href":"https:\/\/geliurasa.lt\/index.php\/wp-json\/wp\/v2\/product_tag?post=36746"}],"curies":[{"name":"wp","href":"https:\/\/api.w.org\/{rel}","templated":true}]}}