{"id":36774,"date":"2023-01-13T00:42:32","date_gmt":"2023-01-12T22:42:32","guid":{"rendered":"https:\/\/geliurasa.lt\/?post_type=product&#038;p=36774"},"modified":"2026-03-30T06:52:36","modified_gmt":"2026-03-30T03:52:36","slug":"vasarinis-flioksas-didysis-tapestry-mix","status":"publish","type":"product","link":"https:\/\/geliurasa.lt\/index.php\/produktas\/vasarinis-flioksas-didysis-tapestry-mix\/","title":{"rendered":"Vasarinis  didysis flioksas  Tapestry Mix"},"content":{"rendered":"<p><span class=\"jCAhz ChMk0b\"><span class=\"ryNqvb\">\u012esp\u016bdingas \u0161velni\u0173 spalv\u0173 auk\u0161ta\u016bgi\u0173 flioks\u0173 mi\u0161inys.<\/span><\/span> <span class=\"jCAhz ChMk0b\"><span class=\"ryNqvb\">Nuo \u0161velniai geltonos iki ro\u017ein\u0117s ir \u0161viesiai m\u0117lynos.<\/span><\/span> <span class=\"jCAhz ChMk0b\"><span class=\"ryNqvb\">S\u0117jama kovo ir baland\u017eio m\u0117nesiais. I\u0161s<\/span><\/span><span class=\"jCAhz ChMk0b\"><span class=\"ryNqvb\">odinti pra\u0117jus \u0161aln\u0173 pavojui.<\/span><\/span> <span class=\"jCAhz ChMk0b\"><span class=\"ryNqvb\">Ideali g\u0117l\u0117 skynimui ir puikiai tinka g\u0117lynams bei vazonams.<\/span><\/span> <span class=\"jCAhz ChMk0b\"><span class=\"ryNqvb\">Pritraukia bites ir drugelius. \u017dydi\u00a0 iki v\u0117lyvo rudens.<\/span><\/span><\/p>\n<p>Geriausia s\u0117klas s\u0117ti kov\u0105. Augalams dygti reikia tamsos. Pas\u0117jus ant indo u\u017ed\u0117ti neper\u0161vie\u010diam\u0105 dangtel\u012f. Kad gaut\u0173 oro, kasdien reikia v\u0117dinti ir tikrinti, ar nesudygo. Kai tik sudygsta, nune\u0161ti \u012f \u0161vies\u0105. Po paskutini\u0173 \u0161aln\u0173\u00a0 daigus sodinti 20 cm atstumu vienas nuo kito.<\/p>\n<p>&nbsp;<\/p>\n","protected":false},"excerpt":{"rendered":"<div>Phlox drummondii grandiflora<\/div>\n<div><strong>Gamintojas:\u00a0<\/strong>Olandija<\/div>\n<div><strong>Grup\u0117:<\/strong> Vienmet\u0117<\/div>\n<div><strong>Kiekis pakelyje:<\/strong>\u00a0 0,3 g \u2248 100 s\u0117kl\u0173<\/div>\n<div><strong>Auk\u0161tis cm: <\/strong>45<\/div>\n<div><strong>S\u0117ti m\u0117n.:<\/strong> IV-V<\/div>\n<div><strong>Vieta:<\/strong> saul\u0117ta<\/div>\n<div><strong>Dirva:<\/strong> laidi dr\u0117gmei<\/div>\n<div><strong>\u017dydi m\u0117n.:<\/strong> VI-IX<\/div>\n","protected":false},"featured_media":36776,"comment_status":"open","ping_status":"closed","template":"","meta":{"jetpack_publicize_message":"","jetpack_publicize_feature_enabled":true,"jetpack_social_post_already_shared":false,"jetpack_social_options":{"image_generator_settings":{"template":"highway","default_image_id":0,"font":"","enabled":false},"version":2}},"product_brand":[],"product_cat":[320,99,128,42],"product_tag":[118,117,52,51,317],"class_list":{"0":"post-36774","1":"product","2":"type-product","3":"status-publish","4":"has-post-thumbnail","6":"product_cat-flioksai","7":"product_cat-naujos-prekes","8":"product_cat-vienmeciu-geliu-seklos","9":"product_cat-seklos","10":"product_tag-flioksas","11":"product_tag-phlox","12":"product_tag-seeds","13":"product_tag-seklos","14":"product_tag-skynimas","15":"product_shipping_class-seklos","17":"first","18":"instock","19":"shipping-taxable","20":"purchasable","21":"product-type-simple"},"jetpack_publicize_connections":[],"jetpack_sharing_enabled":true,"_links":{"self":[{"href":"https:\/\/geliurasa.lt\/index.php\/wp-json\/wp\/v2\/product\/36774","targetHints":{"allow":["GET"]}}],"collection":[{"href":"https:\/\/geliurasa.lt\/index.php\/wp-json\/wp\/v2\/product"}],"about":[{"href":"https:\/\/geliurasa.lt\/index.php\/wp-json\/wp\/v2\/types\/product"}],"replies":[{"embeddable":true,"href":"https:\/\/geliurasa.lt\/index.php\/wp-json\/wp\/v2\/comments?post=36774"}],"wp:featuredmedia":[{"embeddable":true,"href":"https:\/\/geliurasa.lt\/index.php\/wp-json\/wp\/v2\/media\/36776"}],"wp:attachment":[{"href":"https:\/\/geliurasa.lt\/index.php\/wp-json\/wp\/v2\/media?parent=36774"}],"wp:term":[{"taxonomy":"product_brand","embeddable":true,"href":"https:\/\/geliurasa.lt\/index.php\/wp-json\/wp\/v2\/product_brand?post=36774"},{"taxonomy":"product_cat","embeddable":true,"href":"https:\/\/geliurasa.lt\/index.php\/wp-json\/wp\/v2\/product_cat?post=36774"},{"taxonomy":"product_tag","embeddable":true,"href":"https:\/\/geliurasa.lt\/index.php\/wp-json\/wp\/v2\/product_tag?post=36774"}],"curies":[{"name":"wp","href":"https:\/\/api.w.org\/{rel}","templated":true}]}}