{"id":36812,"date":"2023-01-16T01:23:27","date_gmt":"2023-01-15T23:23:27","guid":{"rendered":"https:\/\/geliurasa.lt\/?post_type=product&#038;p=36812"},"modified":"2026-03-23T10:59:28","modified_gmt":"2026-03-23T08:59:28","slug":"darzelinis-gludas-incredible-dwarf-mix","status":"publish","type":"product","link":"https:\/\/geliurasa.lt\/index.php\/produktas\/darzelinis-gludas-incredible-dwarf-mix\/","title":{"rendered":"Dar\u017eelinis gludas Incredible Dwarf Mix"},"content":{"rendered":"<p>Nereiklus auk\u0161ta\u016bgis gludas. \u017dydi ilgai ir gausiai, vis\u0105 vasar\u0105. Tinka auginti grup\u0117mis su kitomis auk\u0161ta\u016bg\u0117mis g\u0117l\u0117mis, mi\u0161riose g\u0117lynuose. \u017daismingai atrodo puok\u0161t\u0117se.<\/p>\n","protected":false},"excerpt":{"rendered":"<div>Coreopsis x hybrida<\/div>\n<div><strong>Gamintojas:\u00a0<\/strong>Olandija<\/div>\n<div><strong>Grup\u0117:<\/strong> Vienmet\u0117<\/div>\n<div><strong>Kiekis pakelyje:<\/strong>\u00a0 0,2g\u00a0 \u2248 600 s\u0117kl\u0173<\/div>\n<div><strong>Auk\u0161tis cm: <\/strong>120<\/div>\n<div><strong>S\u0117ti m\u0117n.:<\/strong> IV-V<\/div>\n<div><strong>Vieta:<\/strong> saul\u0117ta-pav\u0117sis<\/div>\n<div><strong>Dirva:<\/strong> \u012fvairi<\/div>\n","protected":false},"featured_media":36813,"comment_status":"open","ping_status":"closed","template":"","meta":{"jetpack_publicize_message":"","jetpack_publicize_feature_enabled":true,"jetpack_social_post_already_shared":true,"jetpack_social_options":{"image_generator_settings":{"template":"highway","default_image_id":0,"font":"","enabled":false},"version":2}},"product_brand":[],"product_cat":[99,128,42],"product_tag":[124,123,52,51],"class_list":{"0":"post-36812","1":"product","2":"type-product","3":"status-publish","4":"has-post-thumbnail","6":"product_cat-naujos-prekes","7":"product_cat-vienmeciu-geliu-seklos","8":"product_cat-seklos","9":"product_tag-coreopsis","10":"product_tag-gludas","11":"product_tag-seeds","12":"product_tag-seklos","13":"product_shipping_class-seklos","15":"first","16":"instock","17":"shipping-taxable","18":"purchasable","19":"product-type-simple"},"jetpack_publicize_connections":[],"jetpack_sharing_enabled":true,"_links":{"self":[{"href":"https:\/\/geliurasa.lt\/index.php\/wp-json\/wp\/v2\/product\/36812","targetHints":{"allow":["GET"]}}],"collection":[{"href":"https:\/\/geliurasa.lt\/index.php\/wp-json\/wp\/v2\/product"}],"about":[{"href":"https:\/\/geliurasa.lt\/index.php\/wp-json\/wp\/v2\/types\/product"}],"replies":[{"embeddable":true,"href":"https:\/\/geliurasa.lt\/index.php\/wp-json\/wp\/v2\/comments?post=36812"}],"wp:featuredmedia":[{"embeddable":true,"href":"https:\/\/geliurasa.lt\/index.php\/wp-json\/wp\/v2\/media\/36813"}],"wp:attachment":[{"href":"https:\/\/geliurasa.lt\/index.php\/wp-json\/wp\/v2\/media?parent=36812"}],"wp:term":[{"taxonomy":"product_brand","embeddable":true,"href":"https:\/\/geliurasa.lt\/index.php\/wp-json\/wp\/v2\/product_brand?post=36812"},{"taxonomy":"product_cat","embeddable":true,"href":"https:\/\/geliurasa.lt\/index.php\/wp-json\/wp\/v2\/product_cat?post=36812"},{"taxonomy":"product_tag","embeddable":true,"href":"https:\/\/geliurasa.lt\/index.php\/wp-json\/wp\/v2\/product_tag?post=36812"}],"curies":[{"name":"wp","href":"https:\/\/api.w.org\/{rel}","templated":true}]}}