{"id":36819,"date":"2023-01-16T23:19:06","date_gmt":"2023-01-16T21:19:06","guid":{"rendered":"https:\/\/geliurasa.lt\/?post_type=product&#038;p=36819"},"modified":"2026-04-04T11:56:35","modified_gmt":"2026-04-04T08:56:35","slug":"raudonasis-sorgas-milaan-red","status":"publish","type":"product","link":"https:\/\/geliurasa.lt\/index.php\/produktas\/raudonasis-sorgas-milaan-red\/","title":{"rendered":"Raudonasis sorgas Milaan Red"},"content":{"rendered":"<p>Sorgas auginamas kaip dekoratyvin\u0117 \u017eol\u0117, ir kaip maistin\u0117. \u017dmon\u0117s, kurie netoleruoja glitimo gr\u016bduose, gali rinktis sorg\u0105 kaip maisting\u0105 pakaital\u0105. J\u012f labai m\u0117gsta pauk\u0161\u010diai. Pla\u010diai pritaikomas floristikoje. Puo\u0161nus puok\u0161t\u0117se. D\u017eiovinimui skinamas kol dar s\u0117klos nesubrendusios.\u00a0 Tai \u0161ilumam\u0117gis augalas ir labai atsparus sausrai. Nereiklus, bet gav\u0119s dr\u0117gm\u0117s, u\u017eaugina stambesnes\u00a0 \u0161luoteles.<\/p>\n<p>Asmenin\u0117 patirtis: \u00a0gra\u017eiai \u017ei\u016brisi puok\u0161t\u0117se ir labai tiko V\u0117lini\u0173 kompozicijoms.<\/p>\n","protected":false},"excerpt":{"rendered":"<div><em>Sorghum nigricans <\/em><\/div>\n<div><strong>Gamintojas:\u00a0<\/strong>Olandija<\/div>\n<div><strong>Grup\u0117:<\/strong> Vienmet\u0117<\/div>\n<div><strong>Kiekis pakelyje: <\/strong>20 s\u0117kl\u0173 \u00a0\u2248 0,4g<\/div>\n<div><strong>Auk\u0161tis cm: <\/strong>100 &#8211; 150<\/div>\n<div><strong>S\u0117ti m\u0117n.:<\/strong> V<\/div>\n<div><strong>Vieta:<\/strong> saul\u0117ta<\/div>\n<div><strong>Dirva:<\/strong> \u012fvairi<\/div>\n","protected":false},"featured_media":36821,"comment_status":"open","ping_status":"closed","template":"","meta":{"jetpack_publicize_message":"","jetpack_publicize_feature_enabled":true,"jetpack_social_post_already_shared":false,"jetpack_social_options":{"image_generator_settings":{"template":"highway","default_image_id":0,"font":"","enabled":false},"version":2}},"product_brand":[],"product_cat":[167,128,42],"product_tag":[52,51,125],"class_list":{"0":"post-36819","1":"product","2":"type-product","3":"status-publish","4":"has-post-thumbnail","6":"product_cat-sorgai","7":"product_cat-vienmeciu-geliu-seklos","8":"product_cat-seklos","9":"product_tag-seeds","10":"product_tag-seklos","11":"product_tag-sorgas","12":"product_shipping_class-seklos","14":"first","15":"instock","16":"shipping-taxable","17":"purchasable","18":"product-type-simple"},"jetpack_publicize_connections":[],"jetpack_sharing_enabled":true,"_links":{"self":[{"href":"https:\/\/geliurasa.lt\/index.php\/wp-json\/wp\/v2\/product\/36819","targetHints":{"allow":["GET"]}}],"collection":[{"href":"https:\/\/geliurasa.lt\/index.php\/wp-json\/wp\/v2\/product"}],"about":[{"href":"https:\/\/geliurasa.lt\/index.php\/wp-json\/wp\/v2\/types\/product"}],"replies":[{"embeddable":true,"href":"https:\/\/geliurasa.lt\/index.php\/wp-json\/wp\/v2\/comments?post=36819"}],"wp:featuredmedia":[{"embeddable":true,"href":"https:\/\/geliurasa.lt\/index.php\/wp-json\/wp\/v2\/media\/36821"}],"wp:attachment":[{"href":"https:\/\/geliurasa.lt\/index.php\/wp-json\/wp\/v2\/media?parent=36819"}],"wp:term":[{"taxonomy":"product_brand","embeddable":true,"href":"https:\/\/geliurasa.lt\/index.php\/wp-json\/wp\/v2\/product_brand?post=36819"},{"taxonomy":"product_cat","embeddable":true,"href":"https:\/\/geliurasa.lt\/index.php\/wp-json\/wp\/v2\/product_cat?post=36819"},{"taxonomy":"product_tag","embeddable":true,"href":"https:\/\/geliurasa.lt\/index.php\/wp-json\/wp\/v2\/product_tag?post=36819"}],"curies":[{"name":"wp","href":"https:\/\/api.w.org\/{rel}","templated":true}]}}