{"id":36823,"date":"2023-01-17T00:15:09","date_gmt":"2023-01-16T22:15:09","guid":{"rendered":"https:\/\/geliurasa.lt\/?post_type=product&#038;p=36823"},"modified":"2026-04-12T22:42:00","modified_gmt":"2026-04-12T19:42:00","slug":"miskine-soroke-aureum","status":"publish","type":"product","link":"https:\/\/geliurasa.lt\/index.php\/produktas\/miskine-soroke-aureum\/","title":{"rendered":"Mi\u0161kin\u0117 sorok\u0117 Aureum"},"content":{"rendered":"<p>\u017davinga, salotini\u0173 lap\u0173, smilga. \u017dydi vasaros prad\u017eioje gelsvai-\u017ealiomis \u0161luotel\u0117mis. Pasodinta pav\u0117syje, pa\u0161viesina ir pagyvina g\u0117lyn\u0105.<\/p>\n<p>S\u0117ti pavir\u0161iuje vidutini\u0161kai dr\u0117gnai, palaikyti 20\u00b0C temperat\u016br\u0105. Dygsta m\u0117nes\u012f.<\/p>\n","protected":false},"excerpt":{"rendered":"<div>Milium effusum<\/div>\n<div><strong>Gamintojas:\u00a0<\/strong>Olandija<\/div>\n<div><strong>Grup\u0117:<\/strong> daugiamet\u0117(pasis\u0117ja)<\/div>\n<div><strong>Kiekis pakelyje: <\/strong>10 s\u0117kl\u0173<\/div>\n<div><strong>Auk\u0161tis cm: <\/strong>40<strong>&#8211; <\/strong>80<\/div>\n<div><strong>S\u0117ti m\u0117n.:<\/strong> V<\/div>\n<div><strong>Vieta:<\/strong> pav\u0117sis ,pusiau pav\u0117sis<\/div>\n<div><strong>Dirva:<\/strong> \u012fvairi<\/div>\n<div><strong>\u017diemos atsparumo Zona:<\/strong> 5-9<\/div>\n","protected":false},"featured_media":36824,"comment_status":"open","ping_status":"closed","template":"","meta":{"jetpack_publicize_message":"","jetpack_publicize_feature_enabled":true,"jetpack_social_post_already_shared":false,"jetpack_social_options":{"image_generator_settings":{"template":"highway","default_image_id":0,"font":"","enabled":false},"version":2}},"product_brand":[],"product_cat":[126,99,42,179],"product_tag":[52,51,127],"class_list":{"0":"post-36823","1":"product","2":"type-product","3":"status-publish","4":"has-post-thumbnail","6":"product_cat-daugiameciu-geliu-seklos","7":"product_cat-naujos-prekes","8":"product_cat-seklos","9":"product_cat-smilginiai-augalai","10":"product_tag-seeds","11":"product_tag-seklos","12":"product_tag-soroke","13":"product_shipping_class-seklos","15":"first","16":"instock","17":"shipping-taxable","18":"purchasable","19":"product-type-simple"},"jetpack_publicize_connections":[],"jetpack_sharing_enabled":true,"_links":{"self":[{"href":"https:\/\/geliurasa.lt\/index.php\/wp-json\/wp\/v2\/product\/36823","targetHints":{"allow":["GET"]}}],"collection":[{"href":"https:\/\/geliurasa.lt\/index.php\/wp-json\/wp\/v2\/product"}],"about":[{"href":"https:\/\/geliurasa.lt\/index.php\/wp-json\/wp\/v2\/types\/product"}],"replies":[{"embeddable":true,"href":"https:\/\/geliurasa.lt\/index.php\/wp-json\/wp\/v2\/comments?post=36823"}],"wp:featuredmedia":[{"embeddable":true,"href":"https:\/\/geliurasa.lt\/index.php\/wp-json\/wp\/v2\/media\/36824"}],"wp:attachment":[{"href":"https:\/\/geliurasa.lt\/index.php\/wp-json\/wp\/v2\/media?parent=36823"}],"wp:term":[{"taxonomy":"product_brand","embeddable":true,"href":"https:\/\/geliurasa.lt\/index.php\/wp-json\/wp\/v2\/product_brand?post=36823"},{"taxonomy":"product_cat","embeddable":true,"href":"https:\/\/geliurasa.lt\/index.php\/wp-json\/wp\/v2\/product_cat?post=36823"},{"taxonomy":"product_tag","embeddable":true,"href":"https:\/\/geliurasa.lt\/index.php\/wp-json\/wp\/v2\/product_tag?post=36823"}],"curies":[{"name":"wp","href":"https:\/\/api.w.org\/{rel}","templated":true}]}}