{"id":36841,"date":"2023-01-18T22:05:30","date_gmt":"2023-01-18T20:05:30","guid":{"rendered":"https:\/\/geliurasa.lt\/?post_type=product&#038;p=36841"},"modified":"2026-03-17T15:44:25","modified_gmt":"2026-03-17T13:44:25","slug":"kinmete-hybrida-astello-indigo","status":"publish","type":"product","link":"https:\/\/geliurasa.lt\/index.php\/produktas\/kinmete-hybrida-astello-indigo\/","title":{"rendered":"Kinmet\u0117 hybrida Astello Indigo"},"content":{"rendered":"<p><span class=\"jCAhz ChMk0b\"><span class=\"ryNqvb\">Hibridas \u201eAstello Indigo\u201c yra labai universalus ir gali b\u016bti auginamas kaip daugiametis, ir kaip\u00a0 vienmetis. \u017dydi vienodame auk\u0161tyje, tod\u0117l sukuria ry\u0161k\u0173 m\u0117lyn\u0105 fon\u0105. Labai tinka auginti vazonuose, g\u0117lyn\u0173 apvaduose, nat\u016bralistiniuose \u017eeldynuose. \u017diedai turi puik\u0173 m\u0117t\u0173 kvap\u0105, pritraukiant\u012f drugelius ir bites.<\/span><\/span><\/p>\n<p><span class=\"jCAhz ChMk0b\"><span class=\"ryNqvb\">Dygimui reikalinga \u0161viesa, 18-20\u00b0C. S\u0117klas lengvai \u012fspausti\u00a0 \u012f substrat\u0105, bet neu\u017edengti. Vandens reikia nedaug, tik substrato dr\u0117gmei palaikyti. Sudygsta po 14-28 dien\u0173, bet gali u\u017etrukti iki 90 dien\u0173. D\u0117l geresnio dygimo, s\u0117kl\u0105 rekomenduojama pa\u0161aldyti. Pasibaigus \u0161aln\u0173 pavojui, aklimatizavus, daigai i\u0161sodinama 40-50 cm atstumu.\u00a0 <\/span><\/span><\/p>\n<p>&nbsp;<\/p>\n","protected":false},"excerpt":{"rendered":"<div>Agastache hybrida<\/div>\n<div><strong>Gamintojas:\u00a0<\/strong>Olandija<\/div>\n<div><strong>Grup\u0117:<\/strong> daugiamet\u0117<\/div>\n<div><strong>Kiekis pakelyje:<\/strong> 10 s\u0117kl\u0173<\/div>\n<div><strong>Auk\u0161tis cm: <\/strong>60<\/div>\n<div><strong>S\u0117ti m\u0117n.:<\/strong> II-III<\/div>\n<div><strong>Vieta:<\/strong> saul\u0117ta-pav\u0117sis<\/div>\n<div><strong>Dirva: <\/strong>dr\u0117gmei laidi<\/div>\n<div><\/div>\n","protected":false},"featured_media":36843,"comment_status":"open","ping_status":"closed","template":"","meta":{"jetpack_publicize_message":"","jetpack_publicize_feature_enabled":true,"jetpack_social_post_already_shared":true,"jetpack_social_options":{"image_generator_settings":{"template":"highway","default_image_id":0,"font":"","enabled":false},"version":2}},"product_brand":[],"product_cat":[126,237,99,42,128],"product_tag":[130,129,52,51],"class_list":{"0":"post-36841","1":"product","2":"type-product","3":"status-publish","4":"has-post-thumbnail","6":"product_cat-daugiameciu-geliu-seklos","7":"product_cat-kinmetes","8":"product_cat-naujos-prekes","9":"product_cat-seklos","10":"product_cat-vienmeciu-geliu-seklos","11":"product_tag-agastache","12":"product_tag-kinmete","13":"product_tag-seeds","14":"product_tag-seklos","15":"product_shipping_class-seklos","17":"first","18":"instock","19":"shipping-taxable","20":"purchasable","21":"product-type-simple"},"jetpack_publicize_connections":[],"jetpack_sharing_enabled":true,"_links":{"self":[{"href":"https:\/\/geliurasa.lt\/index.php\/wp-json\/wp\/v2\/product\/36841","targetHints":{"allow":["GET"]}}],"collection":[{"href":"https:\/\/geliurasa.lt\/index.php\/wp-json\/wp\/v2\/product"}],"about":[{"href":"https:\/\/geliurasa.lt\/index.php\/wp-json\/wp\/v2\/types\/product"}],"replies":[{"embeddable":true,"href":"https:\/\/geliurasa.lt\/index.php\/wp-json\/wp\/v2\/comments?post=36841"}],"wp:featuredmedia":[{"embeddable":true,"href":"https:\/\/geliurasa.lt\/index.php\/wp-json\/wp\/v2\/media\/36843"}],"wp:attachment":[{"href":"https:\/\/geliurasa.lt\/index.php\/wp-json\/wp\/v2\/media?parent=36841"}],"wp:term":[{"taxonomy":"product_brand","embeddable":true,"href":"https:\/\/geliurasa.lt\/index.php\/wp-json\/wp\/v2\/product_brand?post=36841"},{"taxonomy":"product_cat","embeddable":true,"href":"https:\/\/geliurasa.lt\/index.php\/wp-json\/wp\/v2\/product_cat?post=36841"},{"taxonomy":"product_tag","embeddable":true,"href":"https:\/\/geliurasa.lt\/index.php\/wp-json\/wp\/v2\/product_tag?post=36841"}],"curies":[{"name":"wp","href":"https:\/\/api.w.org\/{rel}","templated":true}]}}