{"id":36859,"date":"2023-01-19T14:43:53","date_gmt":"2023-01-19T12:43:53","guid":{"rendered":"https:\/\/geliurasa.lt\/?post_type=product&#038;p=36859"},"modified":"2026-04-15T14:26:30","modified_gmt":"2026-04-15T11:26:30","slug":"paprastoji-rusmene-camelot-f1-zydi-pirmaisiais-metais","status":"publish","type":"product","link":"https:\/\/geliurasa.lt\/index.php\/produktas\/paprastoji-rusmene-camelot-f1-zydi-pirmaisiais-metais\/","title":{"rendered":"Paprastoji rusmen\u0117 Camelot F1"},"content":{"rendered":"<p><span class=\"jCAhz ChMk0b\"><span class=\"ryNqvb\">Tai\u00a0<strong> pirmaisiais metais<\/strong> \u017eydin\u010dios rusmen\u0117s. I\u0161leid\u017eia vienodo auk\u0161\u010dio, tvirtus \u017eiedynus su tankiai aplipusiais pir\u0161teliais (lot. digitus rei\u0161kia pir\u0161tas). Lapija kompakti\u0161ka. Ta\u010diau daugiau \u017eydi antraisiais metais, nes gerai i\u0161si\u0161akoja ir sutvirt\u0117ja. \u017diedai tinkami skynimui.\u00a0<\/span><\/span><\/p>\n<p>Dygimui reikalinga \u0161viesa, s\u0117klas u\u017eteks lengvai \u012fspausti pavir\u0161iuje. <span class=\"jCAhz ChMk0b\"><span class=\"ryNqvb\">Ideali temp.<\/span><\/span> <span class=\"jCAhz ChMk0b\"><span class=\"ryNqvb\">15-20\u00b0C. Dygsta 15-20 dien\u0173. Daigelius\u00a0 sodinti, tik pra\u0117jus \u0161alnoms. Galima s\u0117ti ir lauke, bet tada \u017eyd\u0117s atitinkamai v\u0117liau.<\/span><\/span><\/p>\n<p>&nbsp;<\/p>\n<p>&nbsp;<\/p>\n","protected":false},"excerpt":{"rendered":"<div>\n<h2><strong>\u017dydi pirmaisiais metais<\/strong><\/h2>\n<div>Digitalis purpurea<\/div>\n<\/div>\n<div><strong>Gamintojas: <\/strong>Olandija<\/div>\n<div><strong>Grup\u0117:<\/strong> dvimet\u0117<\/div>\n<div><strong>Kiekis pakelyje:<\/strong> 10 s\u0117kl\u0173<\/div>\n<div><strong>Auk\u0161tis cm: <\/strong>80-120<\/div>\n<div><strong>S\u0117ti m\u0117n.:<\/strong> II-III, lauke IV<\/div>\n<div><strong>Vieta:<\/strong> saul\u0117ta-pav\u0117sis<\/div>\n<div><strong>Dirva: <\/strong>\u012fvairi<\/div>\n<div><\/div>\n","protected":false},"featured_media":36880,"comment_status":"open","ping_status":"closed","template":"","meta":{"jetpack_publicize_message":"","jetpack_publicize_feature_enabled":true,"jetpack_social_post_already_shared":true,"jetpack_social_options":{"image_generator_settings":{"template":"highway","default_image_id":0,"font":"","enabled":false},"version":2}},"product_brand":[],"product_cat":[134,135,42],"product_tag":[133,132,52,51],"class_list":{"0":"post-36859","1":"product","2":"type-product","3":"status-publish","4":"has-post-thumbnail","6":"product_cat-dvimetes-geliu-seklos","7":"product_cat-rusmenes","8":"product_cat-seklos","9":"product_tag-digitalis","10":"product_tag-rusmene","11":"product_tag-seeds","12":"product_tag-seklos","13":"product_shipping_class-seklos","15":"first","16":"instock","17":"shipping-taxable","18":"purchasable","19":"product-type-variable"},"jetpack_publicize_connections":[],"jetpack_sharing_enabled":true,"_links":{"self":[{"href":"https:\/\/geliurasa.lt\/index.php\/wp-json\/wp\/v2\/product\/36859","targetHints":{"allow":["GET"]}}],"collection":[{"href":"https:\/\/geliurasa.lt\/index.php\/wp-json\/wp\/v2\/product"}],"about":[{"href":"https:\/\/geliurasa.lt\/index.php\/wp-json\/wp\/v2\/types\/product"}],"replies":[{"embeddable":true,"href":"https:\/\/geliurasa.lt\/index.php\/wp-json\/wp\/v2\/comments?post=36859"}],"wp:featuredmedia":[{"embeddable":true,"href":"https:\/\/geliurasa.lt\/index.php\/wp-json\/wp\/v2\/media\/36880"}],"wp:attachment":[{"href":"https:\/\/geliurasa.lt\/index.php\/wp-json\/wp\/v2\/media?parent=36859"}],"wp:term":[{"taxonomy":"product_brand","embeddable":true,"href":"https:\/\/geliurasa.lt\/index.php\/wp-json\/wp\/v2\/product_brand?post=36859"},{"taxonomy":"product_cat","embeddable":true,"href":"https:\/\/geliurasa.lt\/index.php\/wp-json\/wp\/v2\/product_cat?post=36859"},{"taxonomy":"product_tag","embeddable":true,"href":"https:\/\/geliurasa.lt\/index.php\/wp-json\/wp\/v2\/product_tag?post=36859"}],"curies":[{"name":"wp","href":"https:\/\/api.w.org\/{rel}","templated":true}]}}