{"id":36886,"date":"2023-01-24T13:22:46","date_gmt":"2023-01-24T11:22:46","guid":{"rendered":"https:\/\/geliurasa.lt\/?post_type=product&#038;p=36886"},"modified":"2026-04-01T20:18:16","modified_gmt":"2026-04-01T17:18:16","slug":"mertono-zemuogine-rusmene-summer-king","status":"publish","type":"product","link":"https:\/\/geliurasa.lt\/index.php\/produktas\/mertono-zemuogine-rusmene-summer-king\/","title":{"rendered":"Mertono \u017eemuogin\u0117 rusmen\u0117 Summer King"},"content":{"rendered":"<p>Mertono \u017eemuogin\u0117s rusmen\u0117s \u017eiedai \u012fsp\u016bdingi. Tvirti kotai gausiai apkimba\u00a0 sodrios ro\u017ein\u0117s spalvos pir\u0161teliais. Pirmaisiais metais augalas suformuoja tik tamsi\u0173 lap\u0173 kr\u016bmel\u012f, antrais metais pasirodo visame gra\u017eume. \u017diedai tinkami skynimui, laiku nuskinti, ilgai i\u0161silaiko vazoje.<\/p>\n<p>S\u0117jama lauke. Dygimui reikalinga \u0161viesa, s\u0117klas u\u017eteks lengvai \u012fspausti pavir\u0161iuje. <span class=\"jCAhz ChMk0b\"><span class=\"ryNqvb\">Ideali temperat\u016bra <\/span><\/span><span class=\"jCAhz ChMk0b\"><span class=\"ryNqvb\">15-20\u00b0C. Dygsta 15-20 dien\u0173.\u00a0 Geresniam dygimui, s\u0117kl\u0173 pakel\u012f galima palaikyti \u0161aldiklyje, savait\u0119.<\/span><\/span><\/p>\n","protected":false},"excerpt":{"rendered":"<div>Digitalis mertonensis<\/div>\n<div><strong>Gamintojas: <\/strong>Olandija<\/div>\n<div><strong>Grup\u0117:<\/strong> dvimet\u0117<\/div>\n<div><strong>Kiekis pakelyje:<\/strong> 30 s\u0117kl\u0173<\/div>\n<div><strong>Auk\u0161tis cm: <\/strong>80-120<\/div>\n<div><strong>S\u0117ti m\u0117n.:<\/strong> III, lauke IV-V<\/div>\n<div><strong>Vieta:<\/strong> saul\u0117ta-pav\u0117sis<\/div>\n<div><strong>Dirva: <\/strong>\u012fvairi<\/div>\n","protected":false},"featured_media":36887,"comment_status":"open","ping_status":"closed","template":"","meta":{"jetpack_publicize_message":"","jetpack_publicize_feature_enabled":true,"jetpack_social_post_already_shared":true,"jetpack_social_options":{"image_generator_settings":{"template":"highway","default_image_id":0,"font":"","enabled":false},"version":2}},"product_brand":[],"product_cat":[134,135,42],"product_tag":[133,132,52,51],"class_list":{"0":"post-36886","1":"product","2":"type-product","3":"status-publish","4":"has-post-thumbnail","6":"product_cat-dvimetes-geliu-seklos","7":"product_cat-rusmenes","8":"product_cat-seklos","9":"product_tag-digitalis","10":"product_tag-rusmene","11":"product_tag-seeds","12":"product_tag-seklos","13":"product_shipping_class-seklos","15":"first","16":"instock","17":"shipping-taxable","18":"purchasable","19":"product-type-simple"},"jetpack_publicize_connections":[],"jetpack_sharing_enabled":true,"_links":{"self":[{"href":"https:\/\/geliurasa.lt\/index.php\/wp-json\/wp\/v2\/product\/36886","targetHints":{"allow":["GET"]}}],"collection":[{"href":"https:\/\/geliurasa.lt\/index.php\/wp-json\/wp\/v2\/product"}],"about":[{"href":"https:\/\/geliurasa.lt\/index.php\/wp-json\/wp\/v2\/types\/product"}],"replies":[{"embeddable":true,"href":"https:\/\/geliurasa.lt\/index.php\/wp-json\/wp\/v2\/comments?post=36886"}],"wp:featuredmedia":[{"embeddable":true,"href":"https:\/\/geliurasa.lt\/index.php\/wp-json\/wp\/v2\/media\/36887"}],"wp:attachment":[{"href":"https:\/\/geliurasa.lt\/index.php\/wp-json\/wp\/v2\/media?parent=36886"}],"wp:term":[{"taxonomy":"product_brand","embeddable":true,"href":"https:\/\/geliurasa.lt\/index.php\/wp-json\/wp\/v2\/product_brand?post=36886"},{"taxonomy":"product_cat","embeddable":true,"href":"https:\/\/geliurasa.lt\/index.php\/wp-json\/wp\/v2\/product_cat?post=36886"},{"taxonomy":"product_tag","embeddable":true,"href":"https:\/\/geliurasa.lt\/index.php\/wp-json\/wp\/v2\/product_tag?post=36886"}],"curies":[{"name":"wp","href":"https:\/\/api.w.org\/{rel}","templated":true}]}}